{"id":4290,"date":"2025-01-30T16:57:42","date_gmt":"2025-01-30T15:57:42","guid":{"rendered":"https:\/\/profma.ma\/?post_type=product&#038;p=4290"},"modified":"2025-01-30T16:57:42","modified_gmt":"2025-01-30T15:57:42","slug":"parfum-dambiance-caramel-125-ml-2","status":"publish","type":"product","link":"https:\/\/profma.ma\/en\/product\/parfum-dambiance-caramel-125-ml-2\/","title":{"rendered":"PARFUM D&rsquo;AMBIANCE &#8211; Caramel 125 ml"},"content":{"rendered":"<p>Parfum caramel<br \/>\ngourmand et sucr\u00e9<\/p>\n<p>\u00ab\u00a0La gourmandise est un p\u00e9ch\u00e9 mignon qui s\u2019est immisc\u00e9 au rayon de la parfumerie, notamment depuis les ann\u00e9es 1990. En r\u00e9alit\u00e9, c&rsquo;est au c\u00e9l\u00e8bre cr\u00e9ateur Thierry Mugler que nous devons l&rsquo;apparition de cette ligne olfactive\u00a0\u00bb Olfastory<\/p>\n<p>Vaporisateur manuel contenant des huiles essentielles naturelles de tr\u00e8s grande qualit\u00e9.<\/p>\n<p>    &#8211; \u00c0 forte r\u00e9manence<br \/>\n    &#8211; Pour des petits volumes (&lt;50m3)<br \/>\n    &#8211; Concentr\u00e9, quelques pulv\u00e9risations suffisent<br \/>\n    &#8211; Ultra \u00e9conomique : 600 pulv\u00e9risations par flacon<\/p>","protected":false},"excerpt":{"rendered":"<p>Contient des huiles essentielles naturelles de tr\u00e8s grande qualit\u00e9.<\/p>","protected":false},"featured_media":4291,"comment_status":"open","ping_status":"closed","template":"","meta":[],"product_brand":[],"product_cat":[201],"product_tag":[],"class_list":{"0":"post-4290","1":"product","2":"type-product","3":"status-publish","4":"has-post-thumbnail","6":"product_cat-parfums-d-ambiances","8":"first","9":"instock","10":"taxable","11":"shipping-taxable","12":"product-type-simple"},"_links":{"self":[{"href":"https:\/\/profma.ma\/en\/wp-json\/wp\/v2\/product\/4290","targetHints":{"allow":["GET"]}}],"collection":[{"href":"https:\/\/profma.ma\/en\/wp-json\/wp\/v2\/product"}],"about":[{"href":"https:\/\/profma.ma\/en\/wp-json\/wp\/v2\/types\/product"}],"replies":[{"embeddable":true,"href":"https:\/\/profma.ma\/en\/wp-json\/wp\/v2\/comments?post=4290"}],"wp:featuredmedia":[{"embeddable":true,"href":"https:\/\/profma.ma\/en\/wp-json\/wp\/v2\/media\/4291"}],"wp:attachment":[{"href":"https:\/\/profma.ma\/en\/wp-json\/wp\/v2\/media?parent=4290"}],"wp:term":[{"taxonomy":"product_brand","embeddable":true,"href":"https:\/\/profma.ma\/en\/wp-json\/wp\/v2\/product_brand?post=4290"},{"taxonomy":"product_cat","embeddable":true,"href":"https:\/\/profma.ma\/en\/wp-json\/wp\/v2\/product_cat?post=4290"},{"taxonomy":"product_tag","embeddable":true,"href":"https:\/\/profma.ma\/en\/wp-json\/wp\/v2\/product_tag?post=4290"}],"curies":[{"name":"wp","href":"https:\/\/api.w.org\/{rel}","templated":true}]}}