{"id":4286,"date":"2025-01-30T16:26:15","date_gmt":"2025-01-30T15:26:15","guid":{"rendered":"https:\/\/profma.ma\/?post_type=product&#038;p=4286"},"modified":"2025-01-30T16:47:17","modified_gmt":"2025-01-30T15:47:17","slug":"nettoyant-carrosserie-puissant-cf41","status":"publish","type":"product","link":"https:\/\/profma.ma\/en\/product\/nettoyant-carrosserie-puissant-cf41\/","title":{"rendered":"NETTOYANT CARROSSERIE PUISSANT CF41"},"content":{"rendered":"<p>Notre nettoyant alcalin concentr\u00e9 transforme votre v\u00e9hicule !<\/p>\n<p>\u00c9liminez en un clin d\u2019\u0153il les salet\u00e9s les plus tenaces, le film routier et les r\u00e9sidus gras. Sa mousse abondante nettoie en profondeur, laissant votre carrosserie \u00e9clatante de propret\u00e9.<br \/>\nUn r\u00e9sultat professionnel garanti, sans effort.<\/p>\n<p>Mode d\u2019emploi :<br \/>\nProduit tr\u00e8s concentr\u00e9. Dosage : 2-5%. Ne pas laisser s\u00e9cher, rincer abondamment \u00e0 l\u2019eau.<\/p>","protected":false},"excerpt":{"rendered":"<p>CF41 Fort\u00e9 est un nettoyant alcalin hyper puissant pour la carrosserie de tous types de v\u00e9hicules.<\/p>","protected":false},"featured_media":0,"comment_status":"open","ping_status":"closed","template":"","meta":[],"product_brand":[],"product_cat":[163],"product_tag":[],"class_list":{"0":"post-4286","1":"product","2":"type-product","3":"status-publish","5":"product_cat-nettoyants-carrosserie","7":"first","8":"instock","9":"taxable","10":"shipping-taxable","11":"product-type-simple"},"_links":{"self":[{"href":"https:\/\/profma.ma\/en\/wp-json\/wp\/v2\/product\/4286","targetHints":{"allow":["GET"]}}],"collection":[{"href":"https:\/\/profma.ma\/en\/wp-json\/wp\/v2\/product"}],"about":[{"href":"https:\/\/profma.ma\/en\/wp-json\/wp\/v2\/types\/product"}],"replies":[{"embeddable":true,"href":"https:\/\/profma.ma\/en\/wp-json\/wp\/v2\/comments?post=4286"}],"wp:attachment":[{"href":"https:\/\/profma.ma\/en\/wp-json\/wp\/v2\/media?parent=4286"}],"wp:term":[{"taxonomy":"product_brand","embeddable":true,"href":"https:\/\/profma.ma\/en\/wp-json\/wp\/v2\/product_brand?post=4286"},{"taxonomy":"product_cat","embeddable":true,"href":"https:\/\/profma.ma\/en\/wp-json\/wp\/v2\/product_cat?post=4286"},{"taxonomy":"product_tag","embeddable":true,"href":"https:\/\/profma.ma\/en\/wp-json\/wp\/v2\/product_tag?post=4286"}],"curies":[{"name":"wp","href":"https:\/\/api.w.org\/{rel}","templated":true}]}}