{"id":4262,"date":"2024-06-28T10:35:19","date_gmt":"2024-06-28T08:35:19","guid":{"rendered":"https:\/\/profma.ma\/?post_type=product&#038;p=4262"},"modified":"2024-06-28T10:35:19","modified_gmt":"2024-06-28T08:35:19","slug":"spray-sealant-so-02","status":"publish","type":"product","link":"https:\/\/profma.ma\/en\/product\/spray-sealant-so-02\/","title":{"rendered":"SPRAY SEALANT SO.02"},"content":{"rendered":"<p>\u00c9tanch\u00e9ification par pulv\u00e9risation efficace pour obtenir rapidement et simplement une surface brillante avec une finition satin\u00e9e.<\/p>\n<p>Fait ressortir clairement la couleur de la peinture.<\/p>\n<p>Les composants d`\u00e9tanch\u00e9it\u00e9 cr\u00e9ent un effet d\u00e9perlant parfait.<\/p>","protected":false},"excerpt":{"rendered":"<p>\u00c9tanch\u00e9ification par pulv\u00e9risation pour une surface de peinture hydrophobe et brillante.<\/p>","protected":false},"featured_media":4263,"comment_status":"open","ping_status":"closed","template":"","meta":[],"product_brand":[],"product_cat":[231],"product_tag":[],"class_list":{"0":"post-4262","1":"product","2":"type-product","3":"status-publish","4":"has-post-thumbnail","6":"product_cat-koch-chemie","8":"first","9":"instock","10":"taxable","11":"shipping-taxable","12":"product-type-simple"},"_links":{"self":[{"href":"https:\/\/profma.ma\/en\/wp-json\/wp\/v2\/product\/4262","targetHints":{"allow":["GET"]}}],"collection":[{"href":"https:\/\/profma.ma\/en\/wp-json\/wp\/v2\/product"}],"about":[{"href":"https:\/\/profma.ma\/en\/wp-json\/wp\/v2\/types\/product"}],"replies":[{"embeddable":true,"href":"https:\/\/profma.ma\/en\/wp-json\/wp\/v2\/comments?post=4262"}],"wp:featuredmedia":[{"embeddable":true,"href":"https:\/\/profma.ma\/en\/wp-json\/wp\/v2\/media\/4263"}],"wp:attachment":[{"href":"https:\/\/profma.ma\/en\/wp-json\/wp\/v2\/media?parent=4262"}],"wp:term":[{"taxonomy":"product_brand","embeddable":true,"href":"https:\/\/profma.ma\/en\/wp-json\/wp\/v2\/product_brand?post=4262"},{"taxonomy":"product_cat","embeddable":true,"href":"https:\/\/profma.ma\/en\/wp-json\/wp\/v2\/product_cat?post=4262"},{"taxonomy":"product_tag","embeddable":true,"href":"https:\/\/profma.ma\/en\/wp-json\/wp\/v2\/product_tag?post=4262"}],"curies":[{"name":"wp","href":"https:\/\/api.w.org\/{rel}","templated":true}]}}