{"id":4260,"date":"2024-06-28T10:22:49","date_gmt":"2024-06-28T08:22:49","guid":{"rendered":"https:\/\/profma.ma\/?post_type=product&#038;p=4260"},"modified":"2024-10-27T09:01:13","modified_gmt":"2024-10-27T08:01:13","slug":"koch-chemie-p1-03-lack-polish-vert-1l","status":"publish","type":"product","link":"https:\/\/profma.ma\/en\/product\/koch-chemie-p1-03-lack-polish-vert-1l\/","title":{"rendered":"KOCH CHEMIE P1.03 LACK-POLISH VERT 1L"},"content":{"rendered":"<div class=\"flex-shrink-0 flex flex-col relative items-end\">\n<div>\n<div class=\"pt-0.5 juice:pt-0\">\n<div class=\"gizmo-bot-avatar flex h-6 w-6 items-center justify-center overflow-hidden rounded-full juice:h-8 juice:w-8\">\n<div class=\"relative p-1 rounded-sm flex items-center justify-center bg-token-main-surface-primary text-token-text-primary h-6 w-6\">La P1.03 de la marque Koch Chemie est une p\u00e2te abrasive de haute qualit\u00e9 sp\u00e9cialement formul\u00e9e pour \u00e9liminer efficacement les d\u00e9fauts de peinture tels que les micro-rayures, les tourbillons et les imperfections l\u00e9g\u00e8res \u00e0 mod\u00e9r\u00e9es.<\/div>\n<div><\/div>\n<div class=\"relative p-1 rounded-sm flex items-center justify-center bg-token-main-surface-primary text-token-text-primary h-6 w-6\">Con\u00e7ue pour \u00eatre utilis\u00e9e dans le cadre du processus de polissage professionnel, cette p\u00e2te abrasive offre une action de coupe pr\u00e9cise tout en minimisant le risque de marquage excessif ou de hologrammes.<\/div>\n<div><\/div>\n<div class=\"relative p-1 rounded-sm flex items-center justify-center bg-token-main-surface-primary text-token-text-primary h-6 w-6\">Gr\u00e2ce \u00e0 sa formulation avanc\u00e9e, elle permet d&rsquo;obtenir un fini lisse et brillant, pr\u00e9parant ainsi la surface de la voiture pour les \u00e9tapes de finition ult\u00e9rieures telles que le polissage de finition et l&rsquo;application de cire.<\/div>\n<\/div>\n<\/div>\n<\/div>\n<\/div>","protected":false},"excerpt":{"rendered":"<p>P1.03\u00a0 est une p\u00e2te abrasive haut de gamme con\u00e7ue pour \u00e9liminer efficacement les micro-rayures et imperfections l\u00e9g\u00e8res \u00e0 mod\u00e9r\u00e9es sur la peinture automobile, laissant un fini lisse et brillant.<\/p>","protected":false},"featured_media":4261,"comment_status":"open","ping_status":"closed","template":"","meta":[],"product_brand":[],"product_cat":[231],"product_tag":[],"class_list":{"0":"post-4260","1":"product","2":"type-product","3":"status-publish","4":"has-post-thumbnail","6":"product_cat-koch-chemie","8":"first","9":"instock","10":"taxable","11":"shipping-taxable","12":"product-type-simple"},"_links":{"self":[{"href":"https:\/\/profma.ma\/en\/wp-json\/wp\/v2\/product\/4260","targetHints":{"allow":["GET"]}}],"collection":[{"href":"https:\/\/profma.ma\/en\/wp-json\/wp\/v2\/product"}],"about":[{"href":"https:\/\/profma.ma\/en\/wp-json\/wp\/v2\/types\/product"}],"replies":[{"embeddable":true,"href":"https:\/\/profma.ma\/en\/wp-json\/wp\/v2\/comments?post=4260"}],"wp:featuredmedia":[{"embeddable":true,"href":"https:\/\/profma.ma\/en\/wp-json\/wp\/v2\/media\/4261"}],"wp:attachment":[{"href":"https:\/\/profma.ma\/en\/wp-json\/wp\/v2\/media?parent=4260"}],"wp:term":[{"taxonomy":"product_brand","embeddable":true,"href":"https:\/\/profma.ma\/en\/wp-json\/wp\/v2\/product_brand?post=4260"},{"taxonomy":"product_cat","embeddable":true,"href":"https:\/\/profma.ma\/en\/wp-json\/wp\/v2\/product_cat?post=4260"},{"taxonomy":"product_tag","embeddable":true,"href":"https:\/\/profma.ma\/en\/wp-json\/wp\/v2\/product_tag?post=4260"}],"curies":[{"name":"wp","href":"https:\/\/api.w.org\/{rel}","templated":true}]}}