{"id":4254,"date":"2024-06-26T11:51:34","date_gmt":"2024-06-26T09:51:34","guid":{"rendered":"https:\/\/profma.ma\/?post_type=product&#038;p=4254"},"modified":"2024-06-26T12:32:58","modified_gmt":"2024-06-26T10:32:58","slug":"nettoyant-vitres","status":"publish","type":"product","link":"https:\/\/profma.ma\/en\/product\/nettoyant-vitres\/","title":{"rendered":"NETTOYANT VITRES 5l \/ 20l"},"content":{"rendered":"<p>Ce produit est un nettoyant sp\u00e9cialis\u00e9 pour les surfaces en verre. Il est con\u00e7u pour \u00e9liminer efficacement la salet\u00e9, les traces et les r\u00e9sidus sans laisser de traces ni de voiles.<\/p>\n<p>Ce produit offre une transparence impeccable et une brillance \u00e9clatante aux vitres, aux miroirs et aux autres surfaces en verre, tout en \u00e9tant facile \u00e0 utiliser.<\/p>","protected":false},"excerpt":{"rendered":"<p>Il nettoie sans laisser de traces: vitre , fen\u00eatres, miroirs, plastiques et chromes. Enl\u00e8ve efficacement la nicotine. Pulv\u00e9riser le produit sur les surfaces et essuyer avec un chiffon propre ou du papier<\/p>","protected":false},"featured_media":4259,"comment_status":"open","ping_status":"closed","template":"","meta":[],"product_brand":[],"product_cat":[15],"product_tag":[],"class_list":{"0":"post-4254","1":"product","2":"type-product","3":"status-publish","4":"has-post-thumbnail","6":"product_cat-uncategorized","8":"first","9":"instock","10":"taxable","11":"shipping-taxable","12":"product-type-simple"},"_links":{"self":[{"href":"https:\/\/profma.ma\/en\/wp-json\/wp\/v2\/product\/4254","targetHints":{"allow":["GET"]}}],"collection":[{"href":"https:\/\/profma.ma\/en\/wp-json\/wp\/v2\/product"}],"about":[{"href":"https:\/\/profma.ma\/en\/wp-json\/wp\/v2\/types\/product"}],"replies":[{"embeddable":true,"href":"https:\/\/profma.ma\/en\/wp-json\/wp\/v2\/comments?post=4254"}],"wp:featuredmedia":[{"embeddable":true,"href":"https:\/\/profma.ma\/en\/wp-json\/wp\/v2\/media\/4259"}],"wp:attachment":[{"href":"https:\/\/profma.ma\/en\/wp-json\/wp\/v2\/media?parent=4254"}],"wp:term":[{"taxonomy":"product_brand","embeddable":true,"href":"https:\/\/profma.ma\/en\/wp-json\/wp\/v2\/product_brand?post=4254"},{"taxonomy":"product_cat","embeddable":true,"href":"https:\/\/profma.ma\/en\/wp-json\/wp\/v2\/product_cat?post=4254"},{"taxonomy":"product_tag","embeddable":true,"href":"https:\/\/profma.ma\/en\/wp-json\/wp\/v2\/product_tag?post=4254"}],"curies":[{"name":"wp","href":"https:\/\/api.w.org\/{rel}","templated":true}]}}