{"id":4252,"date":"2024-06-26T09:59:42","date_gmt":"2024-06-26T07:59:42","guid":{"rendered":"https:\/\/profma.ma\/?post_type=product&#038;p=4252"},"modified":"2024-06-26T09:59:42","modified_gmt":"2024-06-26T07:59:42","slug":"nettoyant-tableau-de-bord-5l","status":"publish","type":"product","link":"https:\/\/profma.ma\/en\/product\/nettoyant-tableau-de-bord-5l\/","title":{"rendered":"NETTOYANT TABLEAU DE BORD 5L"},"content":{"rendered":"<p>Ce produit \u00e0 base de cires naturelles et de silicones est con\u00e7u pour nettoyer, polir et prot\u00e9ger efficacement diverses surfaces en plastique telles que les tableaux de bord et les pare-chocs. Il est \u00e9galement adapt\u00e9 pour les fa\u00e7ades, le bois et le marbre, en \u00e9vitant tout effet de graisse. En outre, il poss\u00e8de des propri\u00e9t\u00e9s antistatiques qui repoussent la poussi\u00e8re, maintenant ainsi les surfaces propres plus longtemps.<\/p>\n<p>*Usage: \u00e9tendre le produit comme il est par petits dosage en utilisant un chiffon moelleux<\/p>","protected":false},"excerpt":{"rendered":"<p>Ce produit nettoie, lustre et\u00a0 prot\u00e8ge sans huile les surfaces en plastiques comme les tableaux de bord et pare-chocs.<\/p>","protected":false},"featured_media":4253,"comment_status":"open","ping_status":"closed","template":"","meta":[],"product_brand":[],"product_cat":[15],"product_tag":[],"class_list":{"0":"post-4252","1":"product","2":"type-product","3":"status-publish","4":"has-post-thumbnail","6":"product_cat-uncategorized","8":"first","9":"instock","10":"taxable","11":"shipping-taxable","12":"product-type-simple"},"_links":{"self":[{"href":"https:\/\/profma.ma\/en\/wp-json\/wp\/v2\/product\/4252","targetHints":{"allow":["GET"]}}],"collection":[{"href":"https:\/\/profma.ma\/en\/wp-json\/wp\/v2\/product"}],"about":[{"href":"https:\/\/profma.ma\/en\/wp-json\/wp\/v2\/types\/product"}],"replies":[{"embeddable":true,"href":"https:\/\/profma.ma\/en\/wp-json\/wp\/v2\/comments?post=4252"}],"wp:featuredmedia":[{"embeddable":true,"href":"https:\/\/profma.ma\/en\/wp-json\/wp\/v2\/media\/4253"}],"wp:attachment":[{"href":"https:\/\/profma.ma\/en\/wp-json\/wp\/v2\/media?parent=4252"}],"wp:term":[{"taxonomy":"product_brand","embeddable":true,"href":"https:\/\/profma.ma\/en\/wp-json\/wp\/v2\/product_brand?post=4252"},{"taxonomy":"product_cat","embeddable":true,"href":"https:\/\/profma.ma\/en\/wp-json\/wp\/v2\/product_cat?post=4252"},{"taxonomy":"product_tag","embeddable":true,"href":"https:\/\/profma.ma\/en\/wp-json\/wp\/v2\/product_tag?post=4252"}],"curies":[{"name":"wp","href":"https:\/\/api.w.org\/{rel}","templated":true}]}}