{"id":4236,"date":"2024-06-12T12:58:06","date_gmt":"2024-06-12T10:58:06","guid":{"rendered":"https:\/\/profma.ma\/?post_type=product&#038;p=4236"},"modified":"2024-06-12T12:59:04","modified_gmt":"2024-06-12T10:59:04","slug":"koch-chemie-mehrzweckreiniger-mzr-1l","status":"publish","type":"product","link":"https:\/\/profma.ma\/en\/product\/koch-chemie-mehrzweckreiniger-mzr-1l\/","title":{"rendered":"KOCH CHEMIE MEHRZWECKREINIGER MZR 1L"},"content":{"rendered":"<p>Le nettoyant intensif hautement efficace et alcalin pour l\u2019automobile, l\u2019industrie et le nettoyage de b\u00e2timents. Huiles, graisses, encres, suie, nicotine, voiles gris et autres souillures routi\u00e8res courantes sont \u00e9limin\u00e9s en profondeur.<\/p>\n<p>Pour mati\u00e8res plastiques, textiles, si\u00e8ges rembourr\u00e9s, machines, etc.<\/p>\n<p><strong>Mehrzweckreiniger<\/strong> poss\u00e8de un excellent pouvoir de d\u00e9capage et d\u2019anti-red\u00e9position des salet\u00e9s. Conf\u00e8re \u00e0 l\u2019environnement trait\u00e9 un parfum agr\u00e9able. Avec agr\u00e9ment Daimler.<\/p>\n<p><strong>Recommandation d\u2018application :<\/strong><\/p>\n<p>Selon le degr\u00e9 de souillure, appliquer dilu\u00e9 entre 1:5 et 1:50 \u00e0 l\u2019aide du flacon<br \/>\npulv\u00e9risateur, d\u2019un gant microfibre ou autre et laisser agir un petit moment. Au besoin,<br \/>\ntraiter m\u00e9caniquement avec une brosse ou un chiffon. Absorber les r\u00e9sidus de produit avec<br \/>\nun chiffon humide ou un aspirateur humide\/sec. Pour l\u2019emploi en appareils<br \/>\nd\u2019injection\/extraction ou dans d\u2019autres machines de nettoyage de tapis\/si\u00e8ges rembourr\u00e9s.<\/p>","protected":false},"excerpt":{"rendered":"<p><strong>Mehrzweckreiniger<\/strong> est un produit concentr\u00e9 efficace pour le nettoyage int\u00e9rieur et ext\u00e9rieur des v\u00e9hicules. Sa formule puissante dissout et \u00e9limine la salet\u00e9 en profondeur, sans laisser de traces ni de r\u00e9sidus.<\/p>\n<p>&nbsp;<\/p>","protected":false},"featured_media":4235,"comment_status":"open","ping_status":"closed","template":"","meta":[],"product_brand":[],"product_cat":[231],"product_tag":[],"class_list":{"0":"post-4236","1":"product","2":"type-product","3":"status-publish","4":"has-post-thumbnail","6":"product_cat-koch-chemie","8":"first","9":"instock","10":"taxable","11":"shipping-taxable","12":"product-type-simple"},"_links":{"self":[{"href":"https:\/\/profma.ma\/en\/wp-json\/wp\/v2\/product\/4236","targetHints":{"allow":["GET"]}}],"collection":[{"href":"https:\/\/profma.ma\/en\/wp-json\/wp\/v2\/product"}],"about":[{"href":"https:\/\/profma.ma\/en\/wp-json\/wp\/v2\/types\/product"}],"replies":[{"embeddable":true,"href":"https:\/\/profma.ma\/en\/wp-json\/wp\/v2\/comments?post=4236"}],"wp:featuredmedia":[{"embeddable":true,"href":"https:\/\/profma.ma\/en\/wp-json\/wp\/v2\/media\/4235"}],"wp:attachment":[{"href":"https:\/\/profma.ma\/en\/wp-json\/wp\/v2\/media?parent=4236"}],"wp:term":[{"taxonomy":"product_brand","embeddable":true,"href":"https:\/\/profma.ma\/en\/wp-json\/wp\/v2\/product_brand?post=4236"},{"taxonomy":"product_cat","embeddable":true,"href":"https:\/\/profma.ma\/en\/wp-json\/wp\/v2\/product_cat?post=4236"},{"taxonomy":"product_tag","embeddable":true,"href":"https:\/\/profma.ma\/en\/wp-json\/wp\/v2\/product_tag?post=4236"}],"curies":[{"name":"wp","href":"https:\/\/api.w.org\/{rel}","templated":true}]}}