{"id":4226,"date":"2024-06-12T11:14:22","date_gmt":"2024-06-12T09:14:22","guid":{"rendered":"https:\/\/profma.ma\/?post_type=product&#038;p=4226"},"modified":"2024-06-12T11:26:11","modified_gmt":"2024-06-12T09:26:11","slug":"koch-chemie-top-star-ts","status":"publish","type":"product","link":"https:\/\/profma.ma\/en\/product\/koch-chemie-top-star-ts\/","title":{"rendered":"KOCH CHEMIE TOP STAR TS"},"content":{"rendered":"<p>L\u2019\u00e9mulsion d\u00b4entretien haut de gamme destin\u00e9e au nettoyage ainsi qu\u00b4au rafra\u00eechissement des pi\u00e8ces en mati\u00e8re plastique et en caoutchouc telles que cockpits, rev\u00eatements int\u00e9rieurs, joints, etc.<\/p>\n<p><strong>Top Star<\/strong> conf\u00e8re un brillant naturel satin\u00e9 longue dur\u00e9e et prot\u00e8ge durablement la surface contre les nouvelles souillures et contre les rayons UV.<\/p>\n<p>Des agents sp\u00e9ciaux conservent l\u00b4aspect souple des mati\u00e8res plastiques, ont un effet antistatique et conf\u00e8rent une optique neuve et noble. Fra\u00eechement parfum\u00e9.<\/p>\n<p>Avec agr\u00e9ment Daimler.<\/p>\n<p><strong>Mode d\u2019emploi :<\/strong><\/p>\n<p>Appliquer le produit \u00e0 l\u2019aide d\u2019une \u00e9ponge souple ou d\u2019un pulv\u00e9risateur de mani\u00e8re r\u00e9guli\u00e8re sur les surfaces. Laisser s\u00e9cher et \u00e9ventuellement essuyer \u00e0 l\u2019aide d\u2019un chiffon microfibre.<\/p>","protected":false},"excerpt":{"rendered":"<p><strong>Brillant naturel satin\u00e9 !<\/strong><\/p>\n<p><strong>Entretien int\u00e9rieur des mati\u00e8res plastiques satin\u00e9.<\/strong><\/p>","protected":false},"featured_media":4227,"comment_status":"open","ping_status":"closed","template":"","meta":[],"product_brand":[],"product_cat":[231],"product_tag":[],"class_list":{"0":"post-4226","1":"product","2":"type-product","3":"status-publish","4":"has-post-thumbnail","6":"product_cat-koch-chemie","8":"first","9":"instock","10":"taxable","11":"shipping-taxable","12":"product-type-simple"},"_links":{"self":[{"href":"https:\/\/profma.ma\/en\/wp-json\/wp\/v2\/product\/4226","targetHints":{"allow":["GET"]}}],"collection":[{"href":"https:\/\/profma.ma\/en\/wp-json\/wp\/v2\/product"}],"about":[{"href":"https:\/\/profma.ma\/en\/wp-json\/wp\/v2\/types\/product"}],"replies":[{"embeddable":true,"href":"https:\/\/profma.ma\/en\/wp-json\/wp\/v2\/comments?post=4226"}],"wp:featuredmedia":[{"embeddable":true,"href":"https:\/\/profma.ma\/en\/wp-json\/wp\/v2\/media\/4227"}],"wp:attachment":[{"href":"https:\/\/profma.ma\/en\/wp-json\/wp\/v2\/media?parent=4226"}],"wp:term":[{"taxonomy":"product_brand","embeddable":true,"href":"https:\/\/profma.ma\/en\/wp-json\/wp\/v2\/product_brand?post=4226"},{"taxonomy":"product_cat","embeddable":true,"href":"https:\/\/profma.ma\/en\/wp-json\/wp\/v2\/product_cat?post=4226"},{"taxonomy":"product_tag","embeddable":true,"href":"https:\/\/profma.ma\/en\/wp-json\/wp\/v2\/product_tag?post=4226"}],"curies":[{"name":"wp","href":"https:\/\/api.w.org\/{rel}","templated":true}]}}