{"id":4187,"date":"2024-06-05T12:04:46","date_gmt":"2024-06-05T10:04:46","guid":{"rendered":"https:\/\/profma.ma\/?post_type=product&#038;p=4187"},"modified":"2024-06-26T17:45:38","modified_gmt":"2024-06-26T15:45:38","slug":"koch-chemie-finish-spray-exterior-1l-surfaces-exterieures","status":"publish","type":"product","link":"https:\/\/profma.ma\/en\/product\/koch-chemie-finish-spray-exterior-1l-surfaces-exterieures\/","title":{"rendered":"KOCH CHEMIE FINISH SPRAY EXTERIOR 1L &#8211; SURFACES EXT\u00c9RIEURES"},"content":{"rendered":"<p style=\"font-weight: 400\"><b><strong>KOCH CHEMIE \u00ab\u00a0FINISH SPRAY EXTERIOR\u00a0\u00bb 1L<\/strong><\/b><\/p>\n<p style=\"font-weight: 400\">Entretien, conservation et finition brillante en une seule \u00e9tape !<\/p>\n<p style=\"font-weight: 400\">Les surfaces trait\u00e9es retrouvent leur couleur intensive, leur \u00e9clat brillant sans laisser de stries.<\/p>\n<p style=\"font-weight: 400\">Finish Spray Exterior se disperse rapidement, il est facile \u00e0 traiter et il prot\u00e8ge les surfaces contre les nouvelles salissures.<\/p>\n<p style=\"font-weight: 400\"><b><strong>Applications :<\/strong><\/b><br \/>\nsurfaces ext\u00e9rieures<\/p>\n<p style=\"font-weight: 400\"><b><strong>Recommandations d\u2018application :<br \/>\n<\/strong><\/b>Pulv\u00e9riser le produit sur les surfaces \u00e0 traiter et polir avec un chiffon microfibre.<\/p>\n<p style=\"font-weight: 400\">Contenance : 1L.<\/p>\n<p style=\"font-weight: 400\"><b><strong>KOCH CHEMIE: l&rsquo;EXCELLENCE DES EXPERTS !<\/strong><\/b><\/p>\n<p style=\"font-weight: 400\">Koch Chemie propose depuis 1968 des produits de nettoyage et d&rsquo;entretien hautement performants dans les domaines de la chimie de lavage, de la pr\u00e9paration des v\u00e9hicules, des ateliers et de l&rsquo;industrie.<\/p>\n<p style=\"font-weight: 400\"><b><strong>Neutralit\u00e9 climatique et produits respectueux de l&rsquo;environnement<\/strong><\/b><br \/>\nKoch Chemie est synonyme de haute qualit\u00e9, de normes environnementales et sociales, avec l&rsquo;utilisation de tensioactifs issus de mati\u00e8res premi\u00e8res renouvelables et des agents complexants facilement biod\u00e9gradables au-del\u00e0 des exigences l\u00e9gales strictes. Exempts d&rsquo;ingr\u00e9dients nocifs tels que les hydrocarbures halog\u00e9n\u00e9s, l&rsquo;EDTA et l&rsquo;APEO. Le syst\u00e8me de gestion de l&rsquo;environnement est certifi\u00e9 selon DIN EN ISO 14001: 2015.<\/p>","protected":false},"excerpt":{"rendered":"<p>Le FSE est un produit polyvalent qui entretient et conserve toutes les surfaces ext\u00e9rieures de v\u00e9hicules telles que carrosseries, verre et mati\u00e8res plastiques. Gr\u00e2ce \u00e0 sa composition sp\u00e9ciale, il est particuli\u00e8rement efficace sur les traces de calcaire tenaces, qui sont \u00e9limin\u00e9es rapidement et sans r\u00e9sidus.<br \/>\n<img loading=\"lazy\" decoding=\"async\" src=\"http:\/\/www.am-performance.fr\/img\/cms\/KOCH%20CHEMIE.png\" alt=\"\" width=\"181\" height=\"50\" \/><img loading=\"lazy\" decoding=\"async\" src=\"https:\/\/www.am-performance.fr\/img\/cms\/Top%20qualite.png\" alt=\"\" width=\"52\" height=\"52\" \/><\/p>","protected":false},"featured_media":4210,"comment_status":"open","ping_status":"closed","template":"","meta":[],"product_brand":[],"product_cat":[231],"product_tag":[],"class_list":{"0":"post-4187","1":"product","2":"type-product","3":"status-publish","4":"has-post-thumbnail","6":"product_cat-koch-chemie","8":"first","9":"instock","10":"taxable","11":"shipping-taxable","12":"product-type-simple"},"_links":{"self":[{"href":"https:\/\/profma.ma\/en\/wp-json\/wp\/v2\/product\/4187","targetHints":{"allow":["GET"]}}],"collection":[{"href":"https:\/\/profma.ma\/en\/wp-json\/wp\/v2\/product"}],"about":[{"href":"https:\/\/profma.ma\/en\/wp-json\/wp\/v2\/types\/product"}],"replies":[{"embeddable":true,"href":"https:\/\/profma.ma\/en\/wp-json\/wp\/v2\/comments?post=4187"}],"wp:featuredmedia":[{"embeddable":true,"href":"https:\/\/profma.ma\/en\/wp-json\/wp\/v2\/media\/4210"}],"wp:attachment":[{"href":"https:\/\/profma.ma\/en\/wp-json\/wp\/v2\/media?parent=4187"}],"wp:term":[{"taxonomy":"product_brand","embeddable":true,"href":"https:\/\/profma.ma\/en\/wp-json\/wp\/v2\/product_brand?post=4187"},{"taxonomy":"product_cat","embeddable":true,"href":"https:\/\/profma.ma\/en\/wp-json\/wp\/v2\/product_cat?post=4187"},{"taxonomy":"product_tag","embeddable":true,"href":"https:\/\/profma.ma\/en\/wp-json\/wp\/v2\/product_tag?post=4187"}],"curies":[{"name":"wp","href":"https:\/\/api.w.org\/{rel}","templated":true}]}}