{"id":4185,"date":"2024-06-05T12:01:48","date_gmt":"2024-06-05T10:01:48","guid":{"rendered":"https:\/\/profma.ma\/?post_type=product&#038;p=4185"},"modified":"2024-06-11T14:39:24","modified_gmt":"2024-06-11T12:39:24","slug":"cabriodach-versiegelung-cv","status":"publish","type":"product","link":"https:\/\/profma.ma\/en\/product\/cabriodach-versiegelung-cv\/","title":{"rendered":"CABRIODACH-VERSIEGELUNG CV"},"content":{"rendered":"<p>La vitrification haut de gamme \u00e0 base de r\u00e9sines fluor\u00e9es organiques impr\u00e8gne et prot\u00e8ge tous les textiles grand teint tels que toits de cabriolet, tentes, textiles outdoor, etc. contre l\u2019humidit\u00e9 et les salet\u00e9s. G\u00e9n\u00e8re un effet d\u2019intensification des couleurs, anti-salissant et hydrofuge.<\/p>","protected":false},"excerpt":{"rendered":"<p>La vitrification haut de gamme \u00e0 base de r\u00e9sines fluor\u00e9es organiques impr\u00e8gne et prot\u00e8ge tous les textiles grand teint tels que toits de cabriolet, tentes, textiles outdoor, etc. contre l\u2019humidit\u00e9 et les salet\u00e9s. G\u00e9n\u00e8re un effet d\u2019intensification des couleurs, anti-salissant et hydrofuge.<\/p>","protected":false},"featured_media":4208,"comment_status":"open","ping_status":"closed","template":"","meta":[],"product_brand":[],"product_cat":[231],"product_tag":[],"class_list":{"0":"post-4185","1":"product","2":"type-product","3":"status-publish","4":"has-post-thumbnail","6":"product_cat-koch-chemie","8":"first","9":"instock","10":"taxable","11":"shipping-taxable","12":"product-type-simple"},"_links":{"self":[{"href":"https:\/\/profma.ma\/en\/wp-json\/wp\/v2\/product\/4185","targetHints":{"allow":["GET"]}}],"collection":[{"href":"https:\/\/profma.ma\/en\/wp-json\/wp\/v2\/product"}],"about":[{"href":"https:\/\/profma.ma\/en\/wp-json\/wp\/v2\/types\/product"}],"replies":[{"embeddable":true,"href":"https:\/\/profma.ma\/en\/wp-json\/wp\/v2\/comments?post=4185"}],"wp:featuredmedia":[{"embeddable":true,"href":"https:\/\/profma.ma\/en\/wp-json\/wp\/v2\/media\/4208"}],"wp:attachment":[{"href":"https:\/\/profma.ma\/en\/wp-json\/wp\/v2\/media?parent=4185"}],"wp:term":[{"taxonomy":"product_brand","embeddable":true,"href":"https:\/\/profma.ma\/en\/wp-json\/wp\/v2\/product_brand?post=4185"},{"taxonomy":"product_cat","embeddable":true,"href":"https:\/\/profma.ma\/en\/wp-json\/wp\/v2\/product_cat?post=4185"},{"taxonomy":"product_tag","embeddable":true,"href":"https:\/\/profma.ma\/en\/wp-json\/wp\/v2\/product_tag?post=4185"}],"curies":[{"name":"wp","href":"https:\/\/api.w.org\/{rel}","templated":true}]}}