{"id":4182,"date":"2024-06-05T11:58:42","date_gmt":"2024-06-05T09:58:42","guid":{"rendered":"https:\/\/profma.ma\/?post_type=product&#038;p=4182"},"modified":"2024-06-12T09:56:03","modified_gmt":"2024-06-12T07:56:03","slug":"koch-chemie-gummifix-guf","status":"publish","type":"product","link":"https:\/\/profma.ma\/en\/product\/koch-chemie-gummifix-guf\/","title":{"rendered":"KOCH CHEMIE GUMMIFIX GUF"},"content":{"rendered":"<p>Le produit d&rsquo;entretien du caoutchouc et du plastique non graissant et sans huile de silicone pour les tapis de sol en caoutchouc, les surfaces de sol en plastique et d&rsquo;autres zones int\u00e9rieures des voitures et des v\u00e9hicules utilitaires pour lesquels un pouvoir antid\u00e9rapant est requis. Donne une apparence neuve<\/p>","protected":false},"excerpt":{"rendered":"<p>Le produit d&rsquo;entretien du caoutchouc et du plastique non graissant et sans huile de silicone pour les tapis de sol en caoutchouc, les surfaces de sol en plastique et d&rsquo;autres zones int\u00e9rieures des voitures et des v\u00e9hicules utilitaires pour lesquels un pouvoir antid\u00e9rapant est requis. Donne une apparence neuve<\/p>","protected":false},"featured_media":4211,"comment_status":"open","ping_status":"closed","template":"","meta":[],"product_brand":[],"product_cat":[231],"product_tag":[],"class_list":{"0":"post-4182","1":"product","2":"type-product","3":"status-publish","4":"has-post-thumbnail","6":"product_cat-koch-chemie","8":"first","9":"instock","10":"taxable","11":"shipping-taxable","12":"product-type-simple"},"_links":{"self":[{"href":"https:\/\/profma.ma\/en\/wp-json\/wp\/v2\/product\/4182","targetHints":{"allow":["GET"]}}],"collection":[{"href":"https:\/\/profma.ma\/en\/wp-json\/wp\/v2\/product"}],"about":[{"href":"https:\/\/profma.ma\/en\/wp-json\/wp\/v2\/types\/product"}],"replies":[{"embeddable":true,"href":"https:\/\/profma.ma\/en\/wp-json\/wp\/v2\/comments?post=4182"}],"wp:featuredmedia":[{"embeddable":true,"href":"https:\/\/profma.ma\/en\/wp-json\/wp\/v2\/media\/4211"}],"wp:attachment":[{"href":"https:\/\/profma.ma\/en\/wp-json\/wp\/v2\/media?parent=4182"}],"wp:term":[{"taxonomy":"product_brand","embeddable":true,"href":"https:\/\/profma.ma\/en\/wp-json\/wp\/v2\/product_brand?post=4182"},{"taxonomy":"product_cat","embeddable":true,"href":"https:\/\/profma.ma\/en\/wp-json\/wp\/v2\/product_cat?post=4182"},{"taxonomy":"product_tag","embeddable":true,"href":"https:\/\/profma.ma\/en\/wp-json\/wp\/v2\/product_tag?post=4182"}],"curies":[{"name":"wp","href":"https:\/\/api.w.org\/{rel}","templated":true}]}}