{"id":4180,"date":"2024-06-05T11:50:52","date_gmt":"2024-06-05T09:50:52","guid":{"rendered":"https:\/\/profma.ma\/?post_type=product&#038;p=4180"},"modified":"2024-06-12T09:59:08","modified_gmt":"2024-06-12T07:59:08","slug":"koch-chemie-quick-shine-cire-de-finition-1l","status":"publish","type":"product","link":"https:\/\/profma.ma\/en\/product\/koch-chemie-quick-shine-cire-de-finition-1l\/","title":{"rendered":"KOCH CHEMIE QUICK &amp; SHINE \u2013 CIRE DE FINITION 1L"},"content":{"rendered":"<p><strong>KOCH CHEMIE \u00ab\u00a0QUICK<\/strong>\u00a0<strong>&amp;\u00a0SHINE\u00a0\u00bb 1L<\/strong><\/p>\n<p>Nettoie, entretient et fait briller en une seule \u00e9tape toutes les surfaces lisses et laqu\u00e9es !<\/p>\n<p>Les surfaces re\u00e7oivent une couleur plus intense et un \u00e9clat brillant exempt de stries. Traces de doigt et l\u00e9g\u00e8res souillures s\u2019\u00e9liminent rapidement et simplement. Les pi\u00e8ces trait\u00e9es sont conserv\u00e9es tout en recevant un appr\u00eat anti-salissant et hydrofuge qui les prot\u00e8ge contre un nouveau salissement rapide (effet lotus).<\/p>\n<p>Quick &amp; Shine se disperse rapidement et est ainsi facile \u00e0 traiter. Les polishs et cires appliqu\u00e9s auparavant restent conserv\u00e9s. Particuli\u00e8rement bien appropri\u00e9 pour le finish rapide de produits d\u2019exposition en halles de pr\u00e9sentation ou sur les foires ainsi que pour le traitement pr\u00e9paratoire rapide de v\u00e9hicules.<\/p>\n<p><strong>Applications :<\/strong>\u00a0carrosseries, verre, pi\u00e8ces en mati\u00e8re plastique, cockpits, meubles laqu\u00e9s et instruments de musique, bois laqu\u00e9s, surfaces en acier inoxydable, etc<\/p>\n<p>Agr\u00e9ment Daimler.<\/p>\n<p><img loading=\"lazy\" decoding=\"async\" src=\"https:\/\/www.am-performance.fr\/img\/cms\/Application%20Koch%20Chemie%20Quick%20shine.jpg\" alt=\"\" width=\"333\" height=\"241\" \/><\/p>\n<p><strong>Mode d\u2019emploi :<\/strong><\/p>\n<p>Pulv\u00e9riser parcimonieusement et r\u00e9guli\u00e8rement sur la surface \u00e0 traiter et polir \u00e0 l\u2019aide d\u2019un chiffon propre.<\/p>\n<p>Contenance : 1L.<\/p>\n<p>Produit non class\u00e9 comme dangereux (r\u00e8glement CE 1272\/2008 CLP).<\/p>\n<p>&nbsp;<\/p>\n<p><strong>KOCH CHEMIE: l&rsquo;EXCELLENCE DES EXPERTS !<\/strong><\/p>\n<p>Koch Chemie propose depuis 1968 des produits de nettoyage et d&rsquo;entretien hautement performants dans les domaines de la chimie de lavage, de la pr\u00e9paration des v\u00e9hicules, des ateliers et de l&rsquo;industrie.<\/p>\n<p><strong>Neutralit\u00e9 climatique et produits respectueux de l&rsquo;environnement<\/strong><br \/>\nKoch Chemie est synonyme de haute qualit\u00e9, de normes environnementales et sociales, avec l&rsquo;utilisation de tensioactifs issus de mati\u00e8res premi\u00e8res renouvelables et des agents complexants facilement biod\u00e9gradables au-del\u00e0 des exigences l\u00e9gales strictes. Exempts d&rsquo;ingr\u00e9dients nocifs tels que les hydrocarbures halog\u00e9n\u00e9s, l&rsquo;EDTA et l&rsquo;APEO. Le syst\u00e8me de gestion de l&rsquo;environnement est certifi\u00e9 selon DIN EN ISO 14001: 2015.<\/p>","protected":false},"excerpt":{"rendered":"<p>Le\u00a0Quick &amp; Shine de Koch Chemie nettoie, entretient, fait briller et conserve toutes les surfaces lisses et laqu\u00e9es en une seule \u00e9tape.<br \/>\n<img loading=\"lazy\" decoding=\"async\" src=\"https:\/\/www.am-performance.fr\/img\/cms\/KOCH%20CHEMIE.png\" alt=\"\" width=\"188\" height=\"52\" \/><img loading=\"lazy\" decoding=\"async\" src=\"https:\/\/www.am-performance.fr\/img\/cms\/Top%20qualite.png\" alt=\"\" width=\"49\" height=\"49\" \/><\/p>","protected":false},"featured_media":4212,"comment_status":"open","ping_status":"closed","template":"","meta":[],"product_brand":[],"product_cat":[231],"product_tag":[],"class_list":{"0":"post-4180","1":"product","2":"type-product","3":"status-publish","4":"has-post-thumbnail","6":"product_cat-koch-chemie","8":"first","9":"instock","10":"taxable","11":"shipping-taxable","12":"product-type-simple"},"_links":{"self":[{"href":"https:\/\/profma.ma\/en\/wp-json\/wp\/v2\/product\/4180","targetHints":{"allow":["GET"]}}],"collection":[{"href":"https:\/\/profma.ma\/en\/wp-json\/wp\/v2\/product"}],"about":[{"href":"https:\/\/profma.ma\/en\/wp-json\/wp\/v2\/types\/product"}],"replies":[{"embeddable":true,"href":"https:\/\/profma.ma\/en\/wp-json\/wp\/v2\/comments?post=4180"}],"wp:featuredmedia":[{"embeddable":true,"href":"https:\/\/profma.ma\/en\/wp-json\/wp\/v2\/media\/4212"}],"wp:attachment":[{"href":"https:\/\/profma.ma\/en\/wp-json\/wp\/v2\/media?parent=4180"}],"wp:term":[{"taxonomy":"product_brand","embeddable":true,"href":"https:\/\/profma.ma\/en\/wp-json\/wp\/v2\/product_brand?post=4180"},{"taxonomy":"product_cat","embeddable":true,"href":"https:\/\/profma.ma\/en\/wp-json\/wp\/v2\/product_cat?post=4180"},{"taxonomy":"product_tag","embeddable":true,"href":"https:\/\/profma.ma\/en\/wp-json\/wp\/v2\/product_tag?post=4180"}],"curies":[{"name":"wp","href":"https:\/\/api.w.org\/{rel}","templated":true}]}}