{"id":4171,"date":"2024-06-05T11:35:22","date_gmt":"2024-06-05T09:35:22","guid":{"rendered":"https:\/\/profma.ma\/?post_type=product&#038;p=4171"},"modified":"2024-06-12T10:30:51","modified_gmt":"2024-06-12T08:30:51","slug":"koch-chemie-gentle-snow-foam-shampoing-carrosserie-1l","status":"publish","type":"product","link":"https:\/\/profma.ma\/en\/product\/koch-chemie-gentle-snow-foam-shampoing-carrosserie-1l\/","title":{"rendered":"KOCH CHEMIE GENTLE SNOW FOAM &#8211; SHAMPOING CARROSSERIE 1L"},"content":{"rendered":"<p><strong>KOCH CHEMIE \u00ab\u00a0Gentle Snow Foam\u00a0\u00bb 1L<\/strong><\/p>\n<p>Peut \u00eatre utilis\u00e9 aussi bien pour le pr\u00e9lavage en tant que Snow Foam dans un canon \u00e0 mousse ou un pulv\u00e9risateur \u00e0 mousse que comme shampoing pour le nettoyage manuel du v\u00e9hicule.<\/p>\n<p>Forme une couche de mousse r\u00e9guli\u00e8re qui adh\u00e8re pendant longtemps \u00e0 la surface et permet ainsi une longue dur\u00e9e d&rsquo;action.<\/p>\n<p>En raison de sa formule au ph neutre, il n&rsquo;attaque pas les surfaces cir\u00e9es et prot\u00e9g\u00e9es.<\/p>\n<p>Pour les salissures tenaces et pour une solution rapide contre les insectes, le Snow Foam peut \u00eatre enrichie avec le Green Star comme mousse active.<\/p>\n<p><strong>Domaines d\u2018application<\/strong>\u00a0: Voitures, motos, v\u00e9hicules de camping etc.<\/p>\n<p><strong>Recommandations d\u2018application :<\/strong><\/p>\n<ul>\n<li>Mettre environ 30 ml de Snow Foam dans 1L d&rsquo;eau et recouvrir de mousse le v\u00e9hicule au moyen d&rsquo;un pulv\u00e9risateur\/canon \u00e0 mousse (100ml pour une mousse \u00e9paisse et dense). Au besoin, nettoyer avec un gant microfibre ou similaire et rincer avec de l&rsquo;eau.<\/li>\n<li>Mousse active : mettre 10-30 ml de Green Star dans une solution pr\u00e9-m\u00e9lang\u00e9e de Snow Foam.<\/li>\n<\/ul>\n<p>Contenance : 1L.<\/p>\n<p>Attention<br \/>\nH319. Provoque une s\u00e9v\u00e8re irritation des yeux.<\/p>\n<p>&nbsp;<\/p>\n<p><strong>KOCH CHEMIE: l&rsquo;EXCELLENCE DES EXPERTS !<\/strong><\/p>\n<p>Koch Chemie propose depuis 1968 des produits de nettoyage et d&rsquo;entretien hautement performants dans les domaines de la chimie de lavage, de la pr\u00e9paration des v\u00e9hicules, des ateliers et de l&rsquo;industrie.<\/p>\n<p><strong>Neutralit\u00e9 climatique et produits respectueux de l&rsquo;environnement<\/strong><br \/>\nKoch Chemie est synonyme de haute qualit\u00e9, de normes environnementales et sociales, avec l&rsquo;utilisation de tensioactifs issus de mati\u00e8res premi\u00e8res renouvelables et des agents complexants facilement biod\u00e9gradables au-del\u00e0 des exigences l\u00e9gales strictes. Exempts d&rsquo;ingr\u00e9dients nocifs tels que les hydrocarbures halog\u00e9n\u00e9s, l&rsquo;EDTA et l&rsquo;APEO. Le syst\u00e8me de gestion de l&rsquo;environnement est certifi\u00e9 selon DIN EN ISO 14001: 2015.<\/p>","protected":false},"excerpt":{"rendered":"<p>Agr\u00e9ablement parfum\u00e9e \u00e0 la cerise !<br \/>\nMousse nettoyante au ph neutre pouvant \u00eatre utilis\u00e9e aussi bien pour le pr\u00e9lavage\u00a0que le lavage manuel des v\u00e9hicules.<br \/>\n<img loading=\"lazy\" decoding=\"async\" src=\"https:\/\/www.am-performance.fr\/img\/cms\/KOCH%20CHEMIE.png\" alt=\"\" width=\"202\" height=\"56\" \/><img loading=\"lazy\" decoding=\"async\" src=\"https:\/\/www.am-performance.fr\/img\/cms\/Top%20qualite.png\" alt=\"\" width=\"54\" height=\"54\" \/><\/p>","protected":false},"featured_media":4220,"comment_status":"open","ping_status":"closed","template":"","meta":[],"product_brand":[],"product_cat":[231],"product_tag":[],"class_list":{"0":"post-4171","1":"product","2":"type-product","3":"status-publish","4":"has-post-thumbnail","6":"product_cat-koch-chemie","8":"first","9":"instock","10":"taxable","11":"shipping-taxable","12":"product-type-simple"},"_links":{"self":[{"href":"https:\/\/profma.ma\/en\/wp-json\/wp\/v2\/product\/4171","targetHints":{"allow":["GET"]}}],"collection":[{"href":"https:\/\/profma.ma\/en\/wp-json\/wp\/v2\/product"}],"about":[{"href":"https:\/\/profma.ma\/en\/wp-json\/wp\/v2\/types\/product"}],"replies":[{"embeddable":true,"href":"https:\/\/profma.ma\/en\/wp-json\/wp\/v2\/comments?post=4171"}],"wp:featuredmedia":[{"embeddable":true,"href":"https:\/\/profma.ma\/en\/wp-json\/wp\/v2\/media\/4220"}],"wp:attachment":[{"href":"https:\/\/profma.ma\/en\/wp-json\/wp\/v2\/media?parent=4171"}],"wp:term":[{"taxonomy":"product_brand","embeddable":true,"href":"https:\/\/profma.ma\/en\/wp-json\/wp\/v2\/product_brand?post=4171"},{"taxonomy":"product_cat","embeddable":true,"href":"https:\/\/profma.ma\/en\/wp-json\/wp\/v2\/product_cat?post=4171"},{"taxonomy":"product_tag","embeddable":true,"href":"https:\/\/profma.ma\/en\/wp-json\/wp\/v2\/product_tag?post=4171"}],"curies":[{"name":"wp","href":"https:\/\/api.w.org\/{rel}","templated":true}]}}