{"id":4164,"date":"2024-06-05T11:21:40","date_gmt":"2024-06-05T09:21:40","guid":{"rendered":"https:\/\/profma.ma\/?post_type=product&#038;p=4164"},"modified":"2024-06-12T10:08:03","modified_gmt":"2024-06-12T08:08:03","slug":"koch-chemie-fleckenwasser-degraissant-et-decirant-1l","status":"publish","type":"product","link":"https:\/\/profma.ma\/en\/product\/koch-chemie-fleckenwasser-degraissant-et-decirant-1l\/","title":{"rendered":"KOCH CHEMIE FLECKENWASSER &#8211; D\u00c9GRAISSANT ET D\u00c9CIRANT 1L"},"content":{"rendered":"<p><strong>KOCH CHEMIE &#8211; FLECKENWASSER 1L<\/strong><\/p>\n<p>\u00c9limine les r\u00e9sidus graisseux, les cires de paraffine (d\u00e9cirage r\u00e9siduel), le goudron, la peinture, les traces de doigt, l&rsquo;encre, etc.\u00a0Parfait pour le nettoyage en profondeur de la peinture.<\/p>\n<p><strong>Applications<\/strong>\u00a0: toutes les surfaces r\u00e9sistantes aux solvants telles que le verre, la peinture, la c\u00e9ramique, le m\u00e9tal, les textiles.<\/p>\n<p>Ne contient pas d&rsquo;hydrocarbures halog\u00e9n\u00e9s. A base d&rsquo;alcool isopropylique (IPA).<\/p>\n<p>&nbsp;<\/p>\n<p><strong>Mode d&#8217;emploi<\/strong>\u00a0:<\/p>\n<p>Appliquer sur les surfaces \u00e0 traiter \u00e0 l\u2019\u00e9tat pur et frotter \u00e0 l\u2019aide d\u2019un chiffon sec et absorbant.<\/p>\n<p>Contenance : 1L.<\/p>\n<p>&nbsp;<\/p>\n<p>&nbsp;<\/p>\n<p><strong>PRODUIT R\u00c9SERV\u00c9 A UN USAGE PROFESSIONNEL.<\/strong><\/p>\n<p>Danger<\/p>\n<ul>\n<li>H225 : Liquide et vapeurs tr\u00e8s inflammables.<\/li>\n<li>H304 :\u00a0Peut \u00eatre mortel en cas d&rsquo;ingestion et de p\u00e9n\u00e9tration dans les voies respiratoires<\/li>\n<li>H336 : Peut provoquer somnolence ou vertiges<\/li>\n<li>H411 Toxique pour les organismes aquatiques, entra\u00eene des effets n\u00e9fastes \u00e0 long terme.<\/li>\n<li>UN 1993 Liquide inflammable,\u00a0Naphta p\u00e9trole,\u00a0alcool isopropylique<\/li>\n<\/ul>\n<p>&nbsp;<\/p>\n<p><strong>KOCH CHEMIE: l&rsquo;EXCELLENCE DES EXPERTS !<\/strong><\/p>\n<p>Koch Chemie propose depuis 1968 des produits de nettoyage et d&rsquo;entretien hautement performants dans les domaines de la chimie de lavage, de la pr\u00e9paration des v\u00e9hicules, des ateliers et de l&rsquo;industrie.<\/p>\n<p><strong>Neutralit\u00e9 climatique et produits respectueux de l&rsquo;environnement<\/strong><br \/>\nKoch Chemie est synonyme de haute qualit\u00e9, de normes environnementales et sociales, avec l&rsquo;utilisation de tensioactifs issus de mati\u00e8res premi\u00e8res renouvelables et des agents complexants facilement biod\u00e9gradables au-del\u00e0 des exigences l\u00e9gales strictes. Exempts d&rsquo;ingr\u00e9dients nocifs tels que les hydrocarbures halog\u00e9n\u00e9s, l&rsquo;EDTA et l&rsquo;APEO. Le syst\u00e8me de gestion de l&rsquo;environnement est certifi\u00e9 selon DIN EN ISO 14001: 2015.<\/p>","protected":false},"excerpt":{"rendered":"<p>Le Fleckenwasser de Koch chemie est un d\u00e9tachant permettant d&rsquo;enlever compl\u00e8tement tous les r\u00e9sidus huileux et de polissage sur la carrosserie. Id\u00e9al pour pr\u00e9parer la surface avant d&rsquo;appliquer une protection.<\/p>","protected":false},"featured_media":4217,"comment_status":"open","ping_status":"closed","template":"","meta":[],"product_brand":[],"product_cat":[231],"product_tag":[],"class_list":{"0":"post-4164","1":"product","2":"type-product","3":"status-publish","4":"has-post-thumbnail","6":"product_cat-koch-chemie","8":"first","9":"instock","10":"taxable","11":"shipping-taxable","12":"product-type-simple"},"_links":{"self":[{"href":"https:\/\/profma.ma\/en\/wp-json\/wp\/v2\/product\/4164","targetHints":{"allow":["GET"]}}],"collection":[{"href":"https:\/\/profma.ma\/en\/wp-json\/wp\/v2\/product"}],"about":[{"href":"https:\/\/profma.ma\/en\/wp-json\/wp\/v2\/types\/product"}],"replies":[{"embeddable":true,"href":"https:\/\/profma.ma\/en\/wp-json\/wp\/v2\/comments?post=4164"}],"wp:featuredmedia":[{"embeddable":true,"href":"https:\/\/profma.ma\/en\/wp-json\/wp\/v2\/media\/4217"}],"wp:attachment":[{"href":"https:\/\/profma.ma\/en\/wp-json\/wp\/v2\/media?parent=4164"}],"wp:term":[{"taxonomy":"product_brand","embeddable":true,"href":"https:\/\/profma.ma\/en\/wp-json\/wp\/v2\/product_brand?post=4164"},{"taxonomy":"product_cat","embeddable":true,"href":"https:\/\/profma.ma\/en\/wp-json\/wp\/v2\/product_cat?post=4164"},{"taxonomy":"product_tag","embeddable":true,"href":"https:\/\/profma.ma\/en\/wp-json\/wp\/v2\/product_tag?post=4164"}],"curies":[{"name":"wp","href":"https:\/\/api.w.org\/{rel}","templated":true}]}}