{"id":4133,"date":"2024-05-22T16:49:25","date_gmt":"2024-05-22T14:49:25","guid":{"rendered":"https:\/\/profma.ma\/?post_type=product&#038;p=4133"},"modified":"2024-06-25T15:39:16","modified_gmt":"2024-06-25T13:39:16","slug":"nettoyant-universel-polyvalent-4100-forte","status":"publish","type":"product","link":"https:\/\/profma.ma\/en\/product\/nettoyant-universel-polyvalent-4100-forte\/","title":{"rendered":"NETTOYANT CARROSSERIE SH 41"},"content":{"rendered":"<p>SH41 est un nettoyant puissant sp\u00e9cialement d\u00e9velopp\u00e9 pour le nettoyage des v\u00e9hicules utilitaires et des poids lourds. Sa formule est con\u00e7ue pour \u00e9liminer efficacement les salissures tenaces telles que la boue, la graisse, les r\u00e9sidus de pollution routi\u00e8re et autres contaminants difficiles \u00e0 enlever.<\/p>\n<p>Ce produit est adapt\u00e9 pour une utilisation sur diff\u00e9rentes surfaces ext\u00e9rieures des camions, y compris les carrosseries, les pare-chocs, les roues et les ch\u00e2ssis. Il est formul\u00e9 pour offrir une action nettoyante rapide et efficace tout en respectant les mat\u00e9riaux des v\u00e9hicules, tels que l&rsquo;aluminium, les surfaces peintes et les plastiques.<\/p>\n<p><strong><span style=\"color: #ff0000\">ATTENTION :\u00a0<\/span><\/strong><br \/>\nNe jamais appliquer sur des surfaces non trait\u00e9es. En cas de doute, faire d\u2019abord un test. Ne jamais laisser s\u00e9cher.<br \/>\nAvant l\u2019emploi, suivez les indications de la fiche technique.<\/p>","protected":false},"excerpt":{"rendered":"<p><strong>SH 41<\/strong> est un produit unique adapt\u00e9 \u00e0 tous types de syst\u00e8mes de lavage, notamment les pistes \u00e0 haute pression.<\/p>","protected":false},"featured_media":4247,"comment_status":"open","ping_status":"closed","template":"","meta":[],"product_brand":[],"product_cat":[222],"product_tag":[],"class_list":{"0":"post-4133","1":"product","2":"type-product","3":"status-publish","4":"has-post-thumbnail","6":"product_cat-produits","8":"first","9":"instock","10":"taxable","11":"shipping-taxable","12":"purchasable","13":"product-type-simple"},"_links":{"self":[{"href":"https:\/\/profma.ma\/en\/wp-json\/wp\/v2\/product\/4133","targetHints":{"allow":["GET"]}}],"collection":[{"href":"https:\/\/profma.ma\/en\/wp-json\/wp\/v2\/product"}],"about":[{"href":"https:\/\/profma.ma\/en\/wp-json\/wp\/v2\/types\/product"}],"replies":[{"embeddable":true,"href":"https:\/\/profma.ma\/en\/wp-json\/wp\/v2\/comments?post=4133"}],"wp:featuredmedia":[{"embeddable":true,"href":"https:\/\/profma.ma\/en\/wp-json\/wp\/v2\/media\/4247"}],"wp:attachment":[{"href":"https:\/\/profma.ma\/en\/wp-json\/wp\/v2\/media?parent=4133"}],"wp:term":[{"taxonomy":"product_brand","embeddable":true,"href":"https:\/\/profma.ma\/en\/wp-json\/wp\/v2\/product_brand?post=4133"},{"taxonomy":"product_cat","embeddable":true,"href":"https:\/\/profma.ma\/en\/wp-json\/wp\/v2\/product_cat?post=4133"},{"taxonomy":"product_tag","embeddable":true,"href":"https:\/\/profma.ma\/en\/wp-json\/wp\/v2\/product_tag?post=4133"}],"curies":[{"name":"wp","href":"https:\/\/api.w.org\/{rel}","templated":true}]}}