{"id":4126,"date":"2024-05-22T14:38:51","date_gmt":"2024-05-22T12:38:51","guid":{"rendered":"https:\/\/profma.ma\/?post_type=product&#038;p=4126"},"modified":"2024-06-25T13:48:05","modified_gmt":"2024-06-25T11:48:05","slug":"nettoyant-jante-multi-usage-acide-atc-100-pro-5l","status":"publish","type":"product","link":"https:\/\/profma.ma\/en\/product\/nettoyant-jante-multi-usage-acide-atc-100-pro-5l\/","title":{"rendered":"NETTOYANT JANTE MULTI-USAGE ACIDE NJ-100"},"content":{"rendered":"<ul>\n<li><strong>Caract\u00e9ristiques principales :<\/strong><br \/>\n&#8211; <strong>Composition :<\/strong> Le produit est bas\u00e9 sur une combinaison d&rsquo;acides hydrofluorique et sulfurique. Cette formulation lui conf\u00e8re une grande efficacit\u00e9 pour enlever des d\u00e9p\u00f4ts tenaces.<br \/>\n<strong>&#8211; Utilisation :<\/strong> NJ-100 est adapt\u00e9 pour nettoyer et r\u00e9nover les jantes ainsi que d&rsquo;autres surfaces en aluminium sur les voitures, camions, et citernes. Il peut \u00e9galement \u00eatre utilis\u00e9 pour \u00e9liminer la rouille, le calcaire et les d\u00e9p\u00f4ts de fer.<br \/>\n<strong>&#8211; Application :<\/strong> Il est crucial de ne pas laisser la solution s\u00e9cher sur les surfaces \u00e0 nettoyer pour \u00e9viter les dommages, notamment sur le verre. Le produit doit \u00eatre rinc\u00e9 abondamment apr\u00e8s application.<\/li>\n<li><strong>Avantages :<\/strong><br \/>\n&#8211;<strong> Efficacit\u00e9 :<\/strong> Gr\u00e2ce \u00e0 ses composants puissants, NJ-100 offre un nettoyage en profondeur des jantes et des surfaces m\u00e9talliques.<br \/>\n&#8211; <strong>Polyvalence :<\/strong> En plus des jantes, il peut \u00eatre utilis\u00e9 sur diverses surfaces en aluminium pour les r\u00e9nover et les nettoyer.<\/li>\n<li><strong><span style=\"color: #ff0000\">Pr\u00e9cautions :<\/span><\/strong><br \/>\n<strong><span style=\"color: #ff0000\">&#8211; S\u00e9curit\u00e9<\/span><\/strong> : Manipuler avec pr\u00e9caution en raison de la pr\u00e9sence d&rsquo;acides forts. Utiliser des \u00e9quipements de protection appropri\u00e9s, tels que des gants et des lunettes de protection, lors de l&rsquo;application.<br \/>\n<strong><span style=\"color: #ff0000\">&#8211; Instructions<\/span><\/strong> : Ne jamais laisser le produit s\u00e9cher sur la surface. Appliquer sur des surfaces pr\u00e9alablement humidifi\u00e9es et rincer abondamment apr\u00e8s le nettoyage.<\/li>\n<\/ul>","protected":false},"excerpt":{"rendered":"<p>Le nettoyant jante multi-usage acide NJ-100\u00a0 est un produit de nettoyage intensif con\u00e7u sp\u00e9cifiquement pour les jantes et les surfaces en aluminium.<\/p>","protected":false},"featured_media":4248,"comment_status":"open","ping_status":"closed","template":"","meta":[],"product_brand":[],"product_cat":[222],"product_tag":[],"class_list":{"0":"post-4126","1":"product","2":"type-product","3":"status-publish","4":"has-post-thumbnail","6":"product_cat-produits","8":"first","9":"instock","10":"taxable","11":"shipping-taxable","12":"product-type-simple"},"_links":{"self":[{"href":"https:\/\/profma.ma\/en\/wp-json\/wp\/v2\/product\/4126","targetHints":{"allow":["GET"]}}],"collection":[{"href":"https:\/\/profma.ma\/en\/wp-json\/wp\/v2\/product"}],"about":[{"href":"https:\/\/profma.ma\/en\/wp-json\/wp\/v2\/types\/product"}],"replies":[{"embeddable":true,"href":"https:\/\/profma.ma\/en\/wp-json\/wp\/v2\/comments?post=4126"}],"wp:featuredmedia":[{"embeddable":true,"href":"https:\/\/profma.ma\/en\/wp-json\/wp\/v2\/media\/4248"}],"wp:attachment":[{"href":"https:\/\/profma.ma\/en\/wp-json\/wp\/v2\/media?parent=4126"}],"wp:term":[{"taxonomy":"product_brand","embeddable":true,"href":"https:\/\/profma.ma\/en\/wp-json\/wp\/v2\/product_brand?post=4126"},{"taxonomy":"product_cat","embeddable":true,"href":"https:\/\/profma.ma\/en\/wp-json\/wp\/v2\/product_cat?post=4126"},{"taxonomy":"product_tag","embeddable":true,"href":"https:\/\/profma.ma\/en\/wp-json\/wp\/v2\/product_tag?post=4126"}],"curies":[{"name":"wp","href":"https:\/\/api.w.org\/{rel}","templated":true}]}}