{"id":4113,"date":"2024-05-22T10:39:24","date_gmt":"2024-05-22T08:39:24","guid":{"rendered":"https:\/\/profma.ma\/?post_type=product&#038;p=4113"},"modified":"2024-06-25T12:44:39","modified_gmt":"2024-06-25T10:44:39","slug":"tyres-dressing-5l-20l","status":"publish","type":"product","link":"https:\/\/profma.ma\/en\/product\/tyres-dressing-5l-20l\/","title":{"rendered":"BRILLANT PNEU AVEC SILICONE 5L\/20L"},"content":{"rendered":"<p>Ce r\u00e9novateur est id\u00e9al pour redonner de la brillance et raviver l&rsquo;apparence des \u00e9l\u00e9ments caoutchout\u00e9s tels que les pneus, les joints, et les tapis de sol, ainsi que des surfaces plastiques comme les pare-chocs et les coques de r\u00e9troviseurs.<\/p>\n<p>Gr\u00e2ce \u00e0 sa formule \u00e0 base de silicone, il offre une action r\u00e9pulsive efficace contre la poussi\u00e8re et les salet\u00e9s de la route, permettant de maintenir vos surfaces propres et \u00e9clatantes plus longtemps.<\/p>\n<p><strong>Caract\u00e9ristiques :<\/strong><\/p>\n<ul>\n<li><strong>Brillance<\/strong> : Le tyre dressing donne un aspect brillant et neuf aux pneus, ce qui am\u00e9liore l&rsquo;apparence g\u00e9n\u00e9rale du v\u00e9hicule.<\/li>\n<li><strong>Finition<\/strong> : Disponibles en diff\u00e9rentes finitions, de l\u2019effet mouill\u00e9 (wet look) \u00e0 une finition satin\u00e9e ou mate, en fonction des pr\u00e9f\u00e9rences de l&rsquo;utilisateur.<\/li>\n<li><strong>Protection UV<\/strong> : Certains produits contiennent des inhibiteurs UV qui prot\u00e8gent le caoutchouc des pneus contre les dommages caus\u00e9s par les rayons du soleil, emp\u00eachant ainsi le craqu\u00e8lement et la d\u00e9coloration.<\/li>\n<li><strong>R\u00e9duction de la salet\u00e9<\/strong> : Cr\u00e9e une couche protectrice qui aide \u00e0 repousser la poussi\u00e8re, la boue et d&rsquo;autres contaminants, facilitant ainsi le nettoyage futur des pneus.<\/li>\n<\/ul>","protected":false},"excerpt":{"rendered":"<p>Am\u00e9liore l&rsquo;apparence des pneus avec des finitions vari\u00e9es et les prot\u00e8ge contre les UV et la salet\u00e9. Facile \u00e0 appliquer, il est utilis\u00e9 par les professionnels et les passionn\u00e9s d&rsquo;automobiles.<\/p>","protected":false},"featured_media":4244,"comment_status":"open","ping_status":"closed","template":"","meta":[],"product_brand":[],"product_cat":[222],"product_tag":[],"class_list":{"0":"post-4113","1":"product","2":"type-product","3":"status-publish","4":"has-post-thumbnail","6":"product_cat-produits","8":"first","9":"instock","10":"taxable","11":"shipping-taxable","12":"purchasable","13":"product-type-simple"},"_links":{"self":[{"href":"https:\/\/profma.ma\/en\/wp-json\/wp\/v2\/product\/4113","targetHints":{"allow":["GET"]}}],"collection":[{"href":"https:\/\/profma.ma\/en\/wp-json\/wp\/v2\/product"}],"about":[{"href":"https:\/\/profma.ma\/en\/wp-json\/wp\/v2\/types\/product"}],"replies":[{"embeddable":true,"href":"https:\/\/profma.ma\/en\/wp-json\/wp\/v2\/comments?post=4113"}],"wp:featuredmedia":[{"embeddable":true,"href":"https:\/\/profma.ma\/en\/wp-json\/wp\/v2\/media\/4244"}],"wp:attachment":[{"href":"https:\/\/profma.ma\/en\/wp-json\/wp\/v2\/media?parent=4113"}],"wp:term":[{"taxonomy":"product_brand","embeddable":true,"href":"https:\/\/profma.ma\/en\/wp-json\/wp\/v2\/product_brand?post=4113"},{"taxonomy":"product_cat","embeddable":true,"href":"https:\/\/profma.ma\/en\/wp-json\/wp\/v2\/product_cat?post=4113"},{"taxonomy":"product_tag","embeddable":true,"href":"https:\/\/profma.ma\/en\/wp-json\/wp\/v2\/product_tag?post=4113"}],"curies":[{"name":"wp","href":"https:\/\/api.w.org\/{rel}","templated":true}]}}