{"id":4108,"date":"2024-05-21T17:39:30","date_gmt":"2024-05-21T15:39:30","guid":{"rendered":"https:\/\/profma.ma\/?post_type=product&#038;p=4108"},"modified":"2024-06-07T10:44:41","modified_gmt":"2024-06-07T08:44:41","slug":"nettoyant-carrosserie-moussant-cf36-pro-20l","status":"publish","type":"product","link":"https:\/\/profma.ma\/en\/product\/nettoyant-carrosserie-moussant-cf36-pro-20l\/","title":{"rendered":"NETTOYANT CARROSSERIE MOUSSANT CF36 PRO 20L"},"content":{"rendered":"<p>Nettoyant alcalin pour tous types de v\u00e9hicules. Sp\u00e9cialement con\u00e7u pour \u00e9liminer le film statique sur les voitures et camions.<br \/>\n\u00c0 utiliser par pulv\u00e9risation pr\u00e9alable \u00e0 basse pression, suivie d&rsquo;un rin\u00e7age \u00e0 haute pression.<br \/>\nPoss\u00e8de une excellente rin\u00e7abilit\u00e9.<br \/>\nQualit\u00e9 alimentaire : conforme aux crit\u00e8res des produits de nettoyage destin\u00e9s aux mat\u00e9riaux et objets en contact avec des denr\u00e9es alimentaires, produits et boissons pour l&rsquo;alimentation humaine et animale, selon l&rsquo;arr\u00eat\u00e9 du 8 septembre 1999, appliquant l&rsquo;article 11 du d\u00e9cret n\u00b0 73-138 du 12 f\u00e9vrier 1973.<\/p>","protected":false},"excerpt":{"rendered":"<p>Nettoyant alcalin pour tous types de v\u00e9hicules. Sp\u00e9cialement con\u00e7u pour \u00e9liminer le film statique sur les voitures et camions.<\/p>","protected":false},"featured_media":4195,"comment_status":"open","ping_status":"closed","template":"","meta":[],"product_brand":[],"product_cat":[222],"product_tag":[],"class_list":{"0":"post-4108","1":"product","2":"type-product","3":"status-publish","4":"has-post-thumbnail","6":"product_cat-produits","8":"first","9":"instock","10":"taxable","11":"shipping-taxable","12":"product-type-simple"},"_links":{"self":[{"href":"https:\/\/profma.ma\/en\/wp-json\/wp\/v2\/product\/4108","targetHints":{"allow":["GET"]}}],"collection":[{"href":"https:\/\/profma.ma\/en\/wp-json\/wp\/v2\/product"}],"about":[{"href":"https:\/\/profma.ma\/en\/wp-json\/wp\/v2\/types\/product"}],"replies":[{"embeddable":true,"href":"https:\/\/profma.ma\/en\/wp-json\/wp\/v2\/comments?post=4108"}],"wp:featuredmedia":[{"embeddable":true,"href":"https:\/\/profma.ma\/en\/wp-json\/wp\/v2\/media\/4195"}],"wp:attachment":[{"href":"https:\/\/profma.ma\/en\/wp-json\/wp\/v2\/media?parent=4108"}],"wp:term":[{"taxonomy":"product_brand","embeddable":true,"href":"https:\/\/profma.ma\/en\/wp-json\/wp\/v2\/product_brand?post=4108"},{"taxonomy":"product_cat","embeddable":true,"href":"https:\/\/profma.ma\/en\/wp-json\/wp\/v2\/product_cat?post=4108"},{"taxonomy":"product_tag","embeddable":true,"href":"https:\/\/profma.ma\/en\/wp-json\/wp\/v2\/product_tag?post=4108"}],"curies":[{"name":"wp","href":"https:\/\/api.w.org\/{rel}","templated":true}]}}