{"id":4106,"date":"2024-05-21T17:28:30","date_gmt":"2024-05-21T15:28:30","guid":{"rendered":"https:\/\/profma.ma\/?post_type=product&#038;p=4106"},"modified":"2024-06-25T15:24:20","modified_gmt":"2024-06-25T13:24:20","slug":"la-mousse-active-rose-20l","status":"publish","type":"product","link":"https:\/\/profma.ma\/en\/product\/la-mousse-active-rose-20l\/","title":{"rendered":"LA MOUSSE ACTIVE PARFUM\u00c9E 20L"},"content":{"rendered":"<p><strong>La mousse active parfum\u00e9e<\/strong> est un nettoyant mousse actif sp\u00e9cialement formul\u00e9 pour le lavage ext\u00e9rieur des v\u00e9hicules. Sa formule contient des agents nettoyants efficaces qui agissent pour \u00e9liminer la salet\u00e9, la poussi\u00e8re et les traces de circulation sans endommager la peinture ou les surfaces d\u00e9licates.<\/p>\n<p><strong>La mousse active parfum\u00e9e<\/strong> se distingue par son parfum agr\u00e9able de cerise qui laisse une odeur fra\u00eeche apr\u00e8s le lavage. Il est con\u00e7u pour \u00eatre utilis\u00e9 avec un canon \u00e0 mousse ou un pulv\u00e9risateur pour une application facile et uniforme sur la carrosserie. En plus de nettoyer en profondeur, ce produit laisse \u00e9galement un l\u00e9ger film protecteur qui peut aider \u00e0 retarder l&rsquo;adh\u00e9rence de nouvelles salet\u00e9s, prolongeant ainsi la propret\u00e9 du v\u00e9hicule entre les lavages.<\/p>","protected":false},"excerpt":{"rendered":"<p>la mousse active parfum\u00e9e offre non seulement une propret\u00e9 \u00e9clatante mais aussi une exp\u00e9rience olfactive agr\u00e9able, tout en contribuant \u00e0 la pr\u00e9servation de l&rsquo;aspect et de la protection de la carrosserie de\u00a0 voiture.<\/p>","protected":false},"featured_media":4193,"comment_status":"open","ping_status":"closed","template":"","meta":[],"product_brand":[],"product_cat":[15],"product_tag":[],"class_list":{"0":"post-4106","1":"product","2":"type-product","3":"status-publish","4":"has-post-thumbnail","6":"product_cat-uncategorized","8":"first","9":"instock","10":"taxable","11":"shipping-taxable","12":"product-type-simple"},"_links":{"self":[{"href":"https:\/\/profma.ma\/en\/wp-json\/wp\/v2\/product\/4106","targetHints":{"allow":["GET"]}}],"collection":[{"href":"https:\/\/profma.ma\/en\/wp-json\/wp\/v2\/product"}],"about":[{"href":"https:\/\/profma.ma\/en\/wp-json\/wp\/v2\/types\/product"}],"replies":[{"embeddable":true,"href":"https:\/\/profma.ma\/en\/wp-json\/wp\/v2\/comments?post=4106"}],"wp:featuredmedia":[{"embeddable":true,"href":"https:\/\/profma.ma\/en\/wp-json\/wp\/v2\/media\/4193"}],"wp:attachment":[{"href":"https:\/\/profma.ma\/en\/wp-json\/wp\/v2\/media?parent=4106"}],"wp:term":[{"taxonomy":"product_brand","embeddable":true,"href":"https:\/\/profma.ma\/en\/wp-json\/wp\/v2\/product_brand?post=4106"},{"taxonomy":"product_cat","embeddable":true,"href":"https:\/\/profma.ma\/en\/wp-json\/wp\/v2\/product_cat?post=4106"},{"taxonomy":"product_tag","embeddable":true,"href":"https:\/\/profma.ma\/en\/wp-json\/wp\/v2\/product_tag?post=4106"}],"curies":[{"name":"wp","href":"https:\/\/api.w.org\/{rel}","templated":true}]}}