{"id":4092,"date":"2024-05-21T17:16:25","date_gmt":"2024-05-21T15:16:25","guid":{"rendered":"https:\/\/profma.ma\/?post_type=product&#038;p=4092"},"modified":"2024-06-05T13:25:31","modified_gmt":"2024-06-05T11:25:31","slug":"renovateur-cuirs-et-plastiques-5l-20ltres-apprecie-pour-son-efficacite-et-son-parfum","status":"publish","type":"product","link":"https:\/\/profma.ma\/en\/product\/renovateur-cuirs-et-plastiques-5l-20ltres-apprecie-pour-son-efficacite-et-son-parfum\/","title":{"rendered":"RENOVATEUR CUIRS ET PLASTIQUES 5L\/20L"},"content":{"rendered":"<p>Tr\u00e8s appr\u00e9ci\u00e9 pour son efficacit\u00e9 et son parfum !<br \/>\nProduit professionnel pour nettoyer et raviver les cuirs et les plastiques int\u00e9rieurs.<br \/>\nProduit pr\u00eat \u00e0 l&#8217;emploi. Agr\u00e9ablement parfum\u00e9.<br \/>\nMode d\u2019emploi :<br \/>\nPulv\u00e9riser le produit sur les surfaces. Laisser s\u00e9cher. Pour obtenir un r\u00e9sultat mat, frotter la surface avec un chiffon microfibres.<br \/>\nAttention : ne pas appliquer sur le volant et les p\u00e9dales, pour \u00e9viter de les rendre glissants.<br \/>\nProduit non dangereux pour l&rsquo;utilisateur.<\/p>","protected":false},"excerpt":{"rendered":"<p>Tr\u00e8s appr\u00e9ci\u00e9 pour son efficacit\u00e9 et son parfum !<br \/>\nProduit professionnel pour nettoyer et raviver les cuirs et les plastiques int\u00e9rieurs.<br \/>\nProduit pr\u00eat \u00e0 l&#8217;emploi. Agr\u00e9ablement parfum\u00e9.<\/p>","protected":false},"featured_media":4198,"comment_status":"open","ping_status":"closed","template":"","meta":[],"product_brand":[],"product_cat":[15],"product_tag":[],"class_list":{"0":"post-4092","1":"product","2":"type-product","3":"status-publish","4":"has-post-thumbnail","6":"product_cat-uncategorized","8":"first","9":"instock","10":"taxable","11":"shipping-taxable","12":"product-type-simple"},"_links":{"self":[{"href":"https:\/\/profma.ma\/en\/wp-json\/wp\/v2\/product\/4092","targetHints":{"allow":["GET"]}}],"collection":[{"href":"https:\/\/profma.ma\/en\/wp-json\/wp\/v2\/product"}],"about":[{"href":"https:\/\/profma.ma\/en\/wp-json\/wp\/v2\/types\/product"}],"replies":[{"embeddable":true,"href":"https:\/\/profma.ma\/en\/wp-json\/wp\/v2\/comments?post=4092"}],"wp:featuredmedia":[{"embeddable":true,"href":"https:\/\/profma.ma\/en\/wp-json\/wp\/v2\/media\/4198"}],"wp:attachment":[{"href":"https:\/\/profma.ma\/en\/wp-json\/wp\/v2\/media?parent=4092"}],"wp:term":[{"taxonomy":"product_brand","embeddable":true,"href":"https:\/\/profma.ma\/en\/wp-json\/wp\/v2\/product_brand?post=4092"},{"taxonomy":"product_cat","embeddable":true,"href":"https:\/\/profma.ma\/en\/wp-json\/wp\/v2\/product_cat?post=4092"},{"taxonomy":"product_tag","embeddable":true,"href":"https:\/\/profma.ma\/en\/wp-json\/wp\/v2\/product_tag?post=4092"}],"curies":[{"name":"wp","href":"https:\/\/api.w.org\/{rel}","templated":true}]}}