{"id":4090,"date":"2024-05-21T16:51:33","date_gmt":"2024-05-21T14:51:33","guid":{"rendered":"https:\/\/profma.ma\/?post_type=product&#038;p=4090"},"modified":"2024-05-23T10:35:54","modified_gmt":"2024-05-23T08:35:54","slug":"nettoyant-universel-polyvalent-concentre-5l","status":"publish","type":"product","link":"https:\/\/profma.ma\/en\/product\/nettoyant-universel-polyvalent-concentre-5l\/","title":{"rendered":"NETTOYANT CARROSSERIE ULTRA PUISSANT 3900D"},"content":{"rendered":"<p>Nettoyant , d\u00e9graissant alcalin tr\u00e8s concentr\u00e9\u00a0 \u00e0 double composant.<\/p>\n<p>Pour le nettoyage ou le pr\u00e9lavage des v\u00e9hicules , camions , b\u00e2ches , bus , machines industrielles, etc&#8230;<\/p>\n<p>Il est utilis\u00e9 \u00e9galement pour le lavage sans contact<\/p>","protected":false},"excerpt":{"rendered":"<p>Ultra concentr\u00e9 !<br \/>\nNettoyant , d\u00e9graissant alcalin tr\u00e8s concentr\u00e9\u00a0 \u00e0 double composant.<\/p>","protected":false},"featured_media":4149,"comment_status":"open","ping_status":"closed","template":"","meta":[],"product_brand":[],"product_cat":[15],"product_tag":[],"class_list":{"0":"post-4090","1":"product","2":"type-product","3":"status-publish","4":"has-post-thumbnail","6":"product_cat-uncategorized","8":"first","9":"instock","10":"taxable","11":"shipping-taxable","12":"product-type-simple"},"_links":{"self":[{"href":"https:\/\/profma.ma\/en\/wp-json\/wp\/v2\/product\/4090","targetHints":{"allow":["GET"]}}],"collection":[{"href":"https:\/\/profma.ma\/en\/wp-json\/wp\/v2\/product"}],"about":[{"href":"https:\/\/profma.ma\/en\/wp-json\/wp\/v2\/types\/product"}],"replies":[{"embeddable":true,"href":"https:\/\/profma.ma\/en\/wp-json\/wp\/v2\/comments?post=4090"}],"wp:featuredmedia":[{"embeddable":true,"href":"https:\/\/profma.ma\/en\/wp-json\/wp\/v2\/media\/4149"}],"wp:attachment":[{"href":"https:\/\/profma.ma\/en\/wp-json\/wp\/v2\/media?parent=4090"}],"wp:term":[{"taxonomy":"product_brand","embeddable":true,"href":"https:\/\/profma.ma\/en\/wp-json\/wp\/v2\/product_brand?post=4090"},{"taxonomy":"product_cat","embeddable":true,"href":"https:\/\/profma.ma\/en\/wp-json\/wp\/v2\/product_cat?post=4090"},{"taxonomy":"product_tag","embeddable":true,"href":"https:\/\/profma.ma\/en\/wp-json\/wp\/v2\/product_tag?post=4090"}],"curies":[{"name":"wp","href":"https:\/\/api.w.org\/{rel}","templated":true}]}}