{"id":4088,"date":"2024-05-21T16:49:20","date_gmt":"2024-05-21T14:49:20","guid":{"rendered":"https:\/\/profma.ma\/?post_type=product&#038;p=4088"},"modified":"2024-06-05T11:09:12","modified_gmt":"2024-06-05T09:09:12","slug":"nettoyant-universel-polyvalent-concentre-5l-25l","status":"publish","type":"product","link":"https:\/\/profma.ma\/en\/product\/nettoyant-universel-polyvalent-concentre-5l-25l\/","title":{"rendered":"NETTOYANT UNIVERSEL POLYVALENT CONCENTR\u00c9 5L\/25L"},"content":{"rendered":"<p>Ultra concentr\u00e9 !<br \/>\nCe nettoyant d\u2019int\u00e9rieur tr\u00e8s concentr\u00e9, agr\u00e9ablement parfum\u00e9, \u00e9limine sans peine toutes les salet\u00e9s.<\/p>","protected":false},"excerpt":{"rendered":"<p>Ultra concentr\u00e9 !<br \/>\nCe nettoyant d\u2019int\u00e9rieur tr\u00e8s concentr\u00e9, agr\u00e9ablement parfum\u00e9, \u00e9limine sans peine toutes les salet\u00e9s.<\/p>","protected":false},"featured_media":4162,"comment_status":"open","ping_status":"closed","template":"","meta":[],"product_brand":[],"product_cat":[15],"product_tag":[],"class_list":{"0":"post-4088","1":"product","2":"type-product","3":"status-publish","4":"has-post-thumbnail","6":"product_cat-uncategorized","8":"first","9":"instock","10":"taxable","11":"shipping-taxable","12":"product-type-simple"},"_links":{"self":[{"href":"https:\/\/profma.ma\/en\/wp-json\/wp\/v2\/product\/4088","targetHints":{"allow":["GET"]}}],"collection":[{"href":"https:\/\/profma.ma\/en\/wp-json\/wp\/v2\/product"}],"about":[{"href":"https:\/\/profma.ma\/en\/wp-json\/wp\/v2\/types\/product"}],"replies":[{"embeddable":true,"href":"https:\/\/profma.ma\/en\/wp-json\/wp\/v2\/comments?post=4088"}],"wp:featuredmedia":[{"embeddable":true,"href":"https:\/\/profma.ma\/en\/wp-json\/wp\/v2\/media\/4162"}],"wp:attachment":[{"href":"https:\/\/profma.ma\/en\/wp-json\/wp\/v2\/media?parent=4088"}],"wp:term":[{"taxonomy":"product_brand","embeddable":true,"href":"https:\/\/profma.ma\/en\/wp-json\/wp\/v2\/product_brand?post=4088"},{"taxonomy":"product_cat","embeddable":true,"href":"https:\/\/profma.ma\/en\/wp-json\/wp\/v2\/product_cat?post=4088"},{"taxonomy":"product_tag","embeddable":true,"href":"https:\/\/profma.ma\/en\/wp-json\/wp\/v2\/product_tag?post=4088"}],"curies":[{"name":"wp","href":"https:\/\/api.w.org\/{rel}","templated":true}]}}