{"id":4085,"date":"2024-05-21T16:07:26","date_gmt":"2024-05-21T14:07:26","guid":{"rendered":"https:\/\/profma.ma\/?post_type=product&#038;p=4085"},"modified":"2024-06-05T11:21:47","modified_gmt":"2024-06-05T09:21:47","slug":"nettoyant-universel-degraissant-concentre-5l","status":"publish","type":"product","link":"https:\/\/profma.ma\/en\/product\/nettoyant-universel-degraissant-concentre-5l\/","title":{"rendered":"NETTOYANT UNIVERSEL D\u00c9GRAISSANT CONCENTR\u00c9 5L"},"content":{"rendered":"<p>Nettoyant multi-usages concentr\u00e9, agr\u00e9ablement parfum\u00e9. \u00c9limine efficacement et sans peine toutes les salet\u00e9s, m\u00eame les plus grasses !<\/p>","protected":false},"excerpt":{"rendered":"<p>Nettoyant multi-usages concentr\u00e9, agr\u00e9ablement parfum\u00e9. \u00c9limine efficacement et sans peine toutes les salet\u00e9s, m\u00eame les plus grasses !<\/p>","protected":false},"featured_media":4166,"comment_status":"open","ping_status":"closed","template":"","meta":[],"product_brand":[],"product_cat":[15],"product_tag":[],"class_list":{"0":"post-4085","1":"product","2":"type-product","3":"status-publish","4":"has-post-thumbnail","6":"product_cat-uncategorized","8":"first","9":"instock","10":"taxable","11":"shipping-taxable","12":"product-type-simple"},"_links":{"self":[{"href":"https:\/\/profma.ma\/en\/wp-json\/wp\/v2\/product\/4085","targetHints":{"allow":["GET"]}}],"collection":[{"href":"https:\/\/profma.ma\/en\/wp-json\/wp\/v2\/product"}],"about":[{"href":"https:\/\/profma.ma\/en\/wp-json\/wp\/v2\/types\/product"}],"replies":[{"embeddable":true,"href":"https:\/\/profma.ma\/en\/wp-json\/wp\/v2\/comments?post=4085"}],"wp:featuredmedia":[{"embeddable":true,"href":"https:\/\/profma.ma\/en\/wp-json\/wp\/v2\/media\/4166"}],"wp:attachment":[{"href":"https:\/\/profma.ma\/en\/wp-json\/wp\/v2\/media?parent=4085"}],"wp:term":[{"taxonomy":"product_brand","embeddable":true,"href":"https:\/\/profma.ma\/en\/wp-json\/wp\/v2\/product_brand?post=4085"},{"taxonomy":"product_cat","embeddable":true,"href":"https:\/\/profma.ma\/en\/wp-json\/wp\/v2\/product_cat?post=4085"},{"taxonomy":"product_tag","embeddable":true,"href":"https:\/\/profma.ma\/en\/wp-json\/wp\/v2\/product_tag?post=4085"}],"curies":[{"name":"wp","href":"https:\/\/api.w.org\/{rel}","templated":true}]}}