{"id":4083,"date":"2024-05-21T15:44:43","date_gmt":"2024-05-21T13:44:43","guid":{"rendered":"https:\/\/profma.ma\/?post_type=product&#038;p=4083"},"modified":"2024-06-05T11:47:49","modified_gmt":"2024-06-05T09:47:49","slug":"brillant-pneus-caoutchoucs-et-plastiques-sans-silicone-5l-2","status":"publish","type":"product","link":"https:\/\/profma.ma\/en\/product\/brillant-pneus-caoutchoucs-et-plastiques-sans-silicone-5l-2\/","title":{"rendered":"BRILLANT PNEUS, CAOUTCHOUCS ET PLASTIQUES SANS SILICONE 5L"},"content":{"rendered":"<p>Ce r\u00e9novateur redonne brillance aux \u00e9l\u00e9ments caoutchout\u00e9s de mani\u00e8re durable (pneus, joints, tapis de sol) et plastiques (pare chocs, coquilles de r\u00e9troviseur\u2026).<\/p>\n<p><strong>Propri\u00e9t\u00e9s :<\/strong><\/p>\n<ul>\n<li>\u00e0 base de solvant et de silicone<\/li>\n<li>a une action r\u00e9pulsive sur les poussi\u00e8res et salet\u00e9s de la route.<\/li>\n<\/ul>\n<p><strong>Mode d\u2019emploi :<\/strong><\/p>\n<ul>\n<li>Produit pr\u00eat \u00e0 l\u2019emploi. Appliquer le brillant pneus avec un pulv\u00e9risateur, une \u00e9ponge ou une brosse.<\/li>\n<li>Ne jamais appliquer sur le volant, les p\u00e9dales et la bande de roulement des pneus.<\/li>\n<\/ul>\n<p>Poids : 3.95 kg<\/p>\n<p><strong>TOUS LES PRODUITS 5L SONT VENDUS DANS DES BIDONS SPECIFIQUES, RESISTANTS ET FERMES AVEC DES BOUCHONS SECURISES.<br \/>\nNOUS CONTACTER POUR DES QUANTITES PLUS GRANDES.<\/strong><\/p>\n<p><strong>USAGE R\u00c9SERV\u00c9 AUX PROFESSIONNELS.<\/strong><\/p>\n<p>Mentions de danger :<\/p>\n<ul>\n<li>H225 &#8211; Liquide et vapeurs tr\u00e8s inflammables.<\/li>\n<li>H304 &#8211; Peut \u00eatre mortel en cas d&rsquo;ingestion et de p\u00e9n\u00e9tration dans les voies respiratoires.<\/li>\n<li>UN3295 HYDROCARBURES LIQUIDES, N.S.A. ((Naphta l\u00e9ger (p\u00e9trole), hydrotrait\u00e9)), 3,\u00a0 II, (D\/E)<\/li>\n<\/ul>","protected":false},"excerpt":{"rendered":"<p>Pour une finition parfaite et durable, qualit\u00e9 sup\u00e9rieure !<br \/>\nCe r\u00e9novateur silicon\u00e9 redonne brillance aux \u00e9l\u00e9ments caoutchout\u00e9s et plastiques.<br \/>\n<img loading=\"lazy\" decoding=\"async\" src=\"https:\/\/www.am-performance.fr\/img\/cms\/Top%20qualite.png\" alt=\"\" width=\"80\" height=\"80\" \/><img loading=\"lazy\" decoding=\"async\" src=\"https:\/\/www.am-performance.fr\/img\/cms\/Top%20vente.png\" alt=\"\" width=\"80\" height=\"80\" \/><\/p>","protected":false},"featured_media":4178,"comment_status":"open","ping_status":"closed","template":"","meta":[],"product_brand":[],"product_cat":[15],"product_tag":[],"class_list":{"0":"post-4083","1":"product","2":"type-product","3":"status-publish","4":"has-post-thumbnail","6":"product_cat-uncategorized","8":"first","9":"instock","10":"taxable","11":"shipping-taxable","12":"product-type-simple"},"_links":{"self":[{"href":"https:\/\/profma.ma\/en\/wp-json\/wp\/v2\/product\/4083","targetHints":{"allow":["GET"]}}],"collection":[{"href":"https:\/\/profma.ma\/en\/wp-json\/wp\/v2\/product"}],"about":[{"href":"https:\/\/profma.ma\/en\/wp-json\/wp\/v2\/types\/product"}],"replies":[{"embeddable":true,"href":"https:\/\/profma.ma\/en\/wp-json\/wp\/v2\/comments?post=4083"}],"wp:featuredmedia":[{"embeddable":true,"href":"https:\/\/profma.ma\/en\/wp-json\/wp\/v2\/media\/4178"}],"wp:attachment":[{"href":"https:\/\/profma.ma\/en\/wp-json\/wp\/v2\/media?parent=4083"}],"wp:term":[{"taxonomy":"product_brand","embeddable":true,"href":"https:\/\/profma.ma\/en\/wp-json\/wp\/v2\/product_brand?post=4083"},{"taxonomy":"product_cat","embeddable":true,"href":"https:\/\/profma.ma\/en\/wp-json\/wp\/v2\/product_cat?post=4083"},{"taxonomy":"product_tag","embeddable":true,"href":"https:\/\/profma.ma\/en\/wp-json\/wp\/v2\/product_tag?post=4083"}],"curies":[{"name":"wp","href":"https:\/\/api.w.org\/{rel}","templated":true}]}}