{"id":4079,"date":"2024-05-21T15:42:00","date_gmt":"2024-05-21T13:42:00","guid":{"rendered":"https:\/\/profma.ma\/?post_type=product&#038;p=4079"},"modified":"2024-06-25T17:20:32","modified_gmt":"2024-06-25T15:20:32","slug":"brillant-pneus-caoutchoucs-et-plastiques-sans-silicone-5l","status":"publish","type":"product","link":"https:\/\/profma.ma\/en\/product\/brillant-pneus-caoutchoucs-et-plastiques-sans-silicone-5l\/","title":{"rendered":"BRILLANT PNEUS, CAOUTCHOUCS ET PLASTIQUES SANS SILICONE 5L"},"content":{"rendered":"<p>Brillant pneus, caoutchoucs et plastiques sans silicone 5l est un produit sp\u00e9cifique pour le traitement des pneus. Il s&rsquo;agit d&rsquo;un gel nettoyant haute performance con\u00e7u pour restaurer et prot\u00e9ger les pneus automobiles.<\/p>\n<p>Voici quelques caract\u00e9ristiques :<\/p>\n<ol>\n<li><strong>Nettoyage en profondeur<\/strong> : Ce produit\u00a0 est formul\u00e9 pour \u00e9liminer efficacement la salet\u00e9, la poussi\u00e8re, le gras et autres r\u00e9sidus accumul\u00e9s sur les pneus.<\/li>\n<li><strong>Brillance durable<\/strong> : Ce produit offre non seulement un nettoyage en profondeur mais laisse \u00e9galement une finition brillante sur les pneus, am\u00e9liorant ainsi l&rsquo;aspect esth\u00e9tique du v\u00e9hicule.<\/li>\n<li><strong>Protection UV<\/strong> : Ce produit contient des agents protecteurs qui aident \u00e0 pr\u00e9venir le vieillissement pr\u00e9matur\u00e9 des pneus d\u00fb \u00e0 l&rsquo;exposition aux rayons UV du soleil.<\/li>\n<li><strong>Facile \u00e0 utiliser<\/strong> : Il peut \u00eatre appliqu\u00e9 facilement \u00e0 l&rsquo;aide d&rsquo;une \u00e9ponge ou d&rsquo;un applicateur d\u00e9di\u00e9, et ne n\u00e9cessite pas de rin\u00e7age excessif apr\u00e8s l&rsquo;application.<\/li>\n<\/ol>","protected":false},"excerpt":{"rendered":"<p>Economique et sans silicone !<br \/>\nR\u00e9novateur concentr\u00e9 pour pneus, plastiques et caoutchoucs. Apporte une brillance profonde et durable.<\/p>","protected":false},"featured_media":4251,"comment_status":"open","ping_status":"closed","template":"","meta":[],"product_brand":[],"product_cat":[15],"product_tag":[],"class_list":{"0":"post-4079","1":"product","2":"type-product","3":"status-publish","4":"has-post-thumbnail","6":"product_cat-uncategorized","8":"first","9":"instock","10":"taxable","11":"shipping-taxable","12":"product-type-simple"},"_links":{"self":[{"href":"https:\/\/profma.ma\/en\/wp-json\/wp\/v2\/product\/4079","targetHints":{"allow":["GET"]}}],"collection":[{"href":"https:\/\/profma.ma\/en\/wp-json\/wp\/v2\/product"}],"about":[{"href":"https:\/\/profma.ma\/en\/wp-json\/wp\/v2\/types\/product"}],"replies":[{"embeddable":true,"href":"https:\/\/profma.ma\/en\/wp-json\/wp\/v2\/comments?post=4079"}],"wp:featuredmedia":[{"embeddable":true,"href":"https:\/\/profma.ma\/en\/wp-json\/wp\/v2\/media\/4251"}],"wp:attachment":[{"href":"https:\/\/profma.ma\/en\/wp-json\/wp\/v2\/media?parent=4079"}],"wp:term":[{"taxonomy":"product_brand","embeddable":true,"href":"https:\/\/profma.ma\/en\/wp-json\/wp\/v2\/product_brand?post=4079"},{"taxonomy":"product_cat","embeddable":true,"href":"https:\/\/profma.ma\/en\/wp-json\/wp\/v2\/product_cat?post=4079"},{"taxonomy":"product_tag","embeddable":true,"href":"https:\/\/profma.ma\/en\/wp-json\/wp\/v2\/product_tag?post=4079"}],"curies":[{"name":"wp","href":"https:\/\/api.w.org\/{rel}","templated":true}]}}