{"id":4075,"date":"2024-05-21T15:38:04","date_gmt":"2024-05-21T13:38:04","guid":{"rendered":"https:\/\/profma.ma\/?post_type=product&#038;p=4075"},"modified":"2025-04-13T18:46:09","modified_gmt":"2025-04-13T16:46:09","slug":"koch-chemie-green-star-nettoyant-universel-11kg","status":"publish","type":"product","link":"https:\/\/profma.ma\/en\/product\/koch-chemie-green-star-nettoyant-universel-11kg\/","title":{"rendered":"KOCH CHEMIE GREEN STAR \u2013 NETTOYANT UNIVERSEL 11KG"},"content":{"rendered":"<p style=\"font-weight: 400\"><b><strong>KOCH CHEMIE \u00ab\u00a0GREEN STAR\u00a0\u00bb 1L\u00a0<\/strong><\/b><\/p>\n<p style=\"font-weight: 400\">Le Green Star, gr\u00e2ce \u00e0 son \u00e9norme pouvoir d\u2019anti-red\u00e9position des salet\u00e9s et des huiles, est d\u2019usage universel pour les domaines du nettoyage int\u00e9rieur et ext\u00e9rieur de v\u00e9hicules l\u00e9gers et de camions, du nettoyage de moteurs, ainsi que le nettoyage de sols d\u2019ateliers et de sols industriels.<\/p>\n<p style=\"font-weight: 400\">Des inhibiteurs de corrosion sp\u00e9ciaux assurent une haute compatibilit\u00e9 de mat\u00e9riel envers des pi\u00e8ces de construction d\u00e9licates telles que l\u2019aluminium anodis\u00e9. Pour l\u2019utilisation en machine \u00e0 injection-extraction et dans d\u2019autres appareils de nettoyage des tapis. \u00c9galement optimalement appropri\u00e9 pour les stations de traitement biologique des eaux industrielles.<\/p>\n<p style=\"font-weight: 400\">Conforme \u00e0 VDA, classe A : temps d\u2019action max. 5 min, concentration max.d\u2019application 1:3<\/p>\n<p style=\"font-weight: 400\"><b><strong>Applications :<\/strong><\/b><br \/>\nV\u00e9hicules l\u00e9gers, v\u00e9hicules utilitaires, v\u00e9hicules de camping, motos, sols d\u2019ateliers et sols industriels, machines, outils etc.<\/p>\n<p style=\"font-weight: 400\"><b><strong>Surfaces<\/strong><\/b>\u00a0:<br \/>\nPlastiques int\u00e9rieurs de v\u00e9hicules, tissus, moquettes, compartiments moteur, flancs de pneus, passages de roues, etc<\/p>\n<p style=\"font-weight: 400\">Le Green Star peut \u00eatre utilis\u00e9 en combinaison avec le Gentle Snow Foam, comme mousse active pour plus d&rsquo;efficacit\u00e9 contre les salissures tenaces.<\/p>\n<p style=\"font-weight: 400\"><b><strong>Recommandations d\u2018application, selon le degr\u00e9 de souillure<\/strong><\/b>\u00a0:<\/p>\n<ul style=\"font-weight: 400\">\n<li>Nettoyage d\u2019int\u00e9rieur de v\u00e9hicule et textile : entre 1:10 et 1:20<br \/>\nPulv\u00e9riser le produit sur la surface, brosser si n\u00e9cessaire (tapis, moquettes), laisser agir, et absorber les r\u00e9sidus de produit \u00e0 l\u2019aide d\u2019un chiffon humide ou d\u2019un aspirateur humide\/sec<\/li>\n<li>Nettoyage d\u2019ext\u00e9rieur de v\u00e9hicule et de moteur : entre 1:5 et 1:30<br \/>\nAppliquer sur toute la surface, laisser agir quelques instants et rincer abondamment \u00e0 l\u2019aide d\u2019un appareil \u00e0 haute pression<\/li>\n<li>Sols d\u2019ateliers et sols industriels : entre 1:40 et 1:120.<\/li>\n<\/ul>\n<p style=\"font-weight: 400\">Contenance : 10L\/11kg<\/p>\n<p style=\"font-weight: 400\">Attention<br \/>\nH319. Provoque une s\u00e9v\u00e8re irritation des yeux.<\/p>\n<p style=\"font-weight: 400\"><b><strong>KOCH CHEMIE: l&rsquo;EXCELLENCE DES EXPERTS !<\/strong><\/b><\/p>\n<p style=\"font-weight: 400\">\u00ab\u00a0Koch Chemie repr\u00e9sente depuis 1968 des produits de nettoyage et d&rsquo;entretien de haute qualit\u00e9 dans les domaines de la chimie de lavage, de la pr\u00e9paration des v\u00e9hicules, des ateliers et de l&rsquo;industrie. Tradition caract\u00e9ris\u00e9e par l&rsquo;am\u00e9lioration constante et le souci du d\u00e9tail: l&rsquo;excellence pour les experts. Dans notre secteur, nous sommes l&rsquo;une des rares entreprises \u00e0 mener des activit\u00e9s de recherche, de production et de distribution.<\/p>\n<p style=\"font-weight: 400\">Koch Chemie est synonyme de haute qualit\u00e9, de normes environnementales et sociales. Nous utilisons donc des tensioactifs issus de mati\u00e8res premi\u00e8res renouvelables. En outre, tous les tensioactifs et agents complexants sont facilement biod\u00e9gradables au-del\u00e0 des exigences l\u00e9gales strictes. Nous nous abstenons d&rsquo;ingr\u00e9dients nocifs tels que les hydrocarbures halog\u00e9n\u00e9s, l&rsquo;EDTA et l&rsquo;APEO. Notre syst\u00e8me de gestion de l&rsquo;environnement est certifi\u00e9 selon DIN EN ISO 14001: 2015.\u00a0\u00bb<\/p>","protected":false},"excerpt":{"rendered":"<p>Ultra\u00a0concentr\u00e9 et tr\u00e8s \u00e9conomique !<br \/>\nLe Green Star de Koch Chemie est un nettoyant universel puissant alcalin, sans phosphate et sans solvant.\u00a0\u00a0En raison de sa tr\u00e8s grande capacit\u00e9 \u00e0 dissoudre la salet\u00e9 et l&rsquo;huile, il offre une utilisation compl\u00e8te pour nettoyer les int\u00e9rieurs\/ext\u00e9rieurs de\u00a0v\u00e9hicules\u00a0ainsi que les sols.<br \/>\n<img loading=\"lazy\" decoding=\"async\" src=\"http:\/\/www.am-performance.fr\/img\/cms\/KOCH%20CHEMIE.png\" alt=\"\" width=\"210\" height=\"58\" \/><img loading=\"lazy\" decoding=\"async\" src=\"https:\/\/www.am-performance.fr\/img\/cms\/Top%20qualite.png\" alt=\"\" width=\"55\" height=\"55\" \/>\u00a0<img loading=\"lazy\" decoding=\"async\" src=\"https:\/\/www.am-performance.fr\/img\/cms\/Top%20vente.png\" alt=\"\" width=\"56\" height=\"56\" \/><\/p>","protected":false},"featured_media":4194,"comment_status":"open","ping_status":"closed","template":"","meta":[],"product_brand":[],"product_cat":[231],"product_tag":[],"class_list":{"0":"post-4075","1":"product","2":"type-product","3":"status-publish","4":"has-post-thumbnail","6":"product_cat-koch-chemie","8":"first","9":"instock","10":"taxable","11":"shipping-taxable","12":"product-type-simple"},"_links":{"self":[{"href":"https:\/\/profma.ma\/en\/wp-json\/wp\/v2\/product\/4075","targetHints":{"allow":["GET"]}}],"collection":[{"href":"https:\/\/profma.ma\/en\/wp-json\/wp\/v2\/product"}],"about":[{"href":"https:\/\/profma.ma\/en\/wp-json\/wp\/v2\/types\/product"}],"replies":[{"embeddable":true,"href":"https:\/\/profma.ma\/en\/wp-json\/wp\/v2\/comments?post=4075"}],"wp:featuredmedia":[{"embeddable":true,"href":"https:\/\/profma.ma\/en\/wp-json\/wp\/v2\/media\/4194"}],"wp:attachment":[{"href":"https:\/\/profma.ma\/en\/wp-json\/wp\/v2\/media?parent=4075"}],"wp:term":[{"taxonomy":"product_brand","embeddable":true,"href":"https:\/\/profma.ma\/en\/wp-json\/wp\/v2\/product_brand?post=4075"},{"taxonomy":"product_cat","embeddable":true,"href":"https:\/\/profma.ma\/en\/wp-json\/wp\/v2\/product_cat?post=4075"},{"taxonomy":"product_tag","embeddable":true,"href":"https:\/\/profma.ma\/en\/wp-json\/wp\/v2\/product_tag?post=4075"}],"curies":[{"name":"wp","href":"https:\/\/api.w.org\/{rel}","templated":true}]}}