{"id":4056,"date":"2024-05-18T17:56:04","date_gmt":"2024-05-18T15:56:04","guid":{"rendered":"https:\/\/profma.ma\/?post_type=product&#038;p=4056"},"modified":"2024-06-26T09:35:36","modified_gmt":"2024-06-26T07:35:36","slug":"kenotek-eat-150-fast-one-step-cutting-polish","status":"publish","type":"product","link":"https:\/\/profma.ma\/en\/product\/kenotek-eat-150-fast-one-step-cutting-polish\/","title":{"rendered":"KENOTEK EAT 150 \u2013 FAST ONE STEP CUTTING &amp; POLISH"},"content":{"rendered":"<p><strong>KENOTEK CORRECTION SYSTEM<\/strong>\u00a0est le r\u00e9sultat d\u2019une recherche d\u00e9velopp\u00e9e sur la derni\u00e8re g\u00e9n\u00e9ration de compos\u00e9s et de vernis \u00e0 base d\u2019eau, la haute viscosit\u00e9 et l\u2019innovation de la technologie d\u2019abrasifs de pointe permettant d\u2019avoir des r\u00e9sultats qui \u00e9taient auparavant inimaginables.<\/p>\n<ul>\n<li>facilit\u00e9 d\u2019utilisation<\/li>\n<li>r\u00e9sultats rapides<\/li>\n<li>excellentes performances<\/li>\n<li>finition impeccable avec peu de produit<\/li>\n<\/ul>\n<p>&nbsp;<\/p>\n<p><strong>EAT 150 \u2013\u00a0COUPE ET POLISSAGE RAPIDES EN UNE SEULE ETAPE<\/strong><\/p>\n<ul>\n<li>Un r\u00e9sultat final parfait est obtenu en une seule \u00e9tape de polissage.<\/li>\n<li>EAT 150 convient \u00e0 tous les syst\u00e8mes de peinture disponibles dans le commerce, y compris les peintures anti-rayures.<\/li>\n<li>Sans silicone ni solvant.<\/li>\n<li>\n<div class=\"wp-video\">\n<p><span class=\"mejs-offscreen\">Lecteur vid\u00e9o<\/span><\/p>\n<div id=\"mep_0\" class=\"mejs-container mejs-container-keyboard-inactive wp-video-shortcode mejs-video\" role=\"application\" aria-label=\"Lecteur vid\u00e9o\">\n<div class=\"mejs-inner\">\n<div class=\"mejs-mediaelement\"><video id=\"video-3471-1_html5\" class=\"wp-video-shortcode\" src=\"https:\/\/profma.ma\/wp-content\/uploads\/2023\/02\/Kenotek-EAT150.mp4?_=1\" preload=\"metadata\" width=\"1200\" height=\"675\" data-mce-fragment=\"1\"><\/video><\/div>\n<div class=\"mejs-layers\">\n<div class=\"mejs-overlay mejs-layer mejs-overlay-play\">\n<p><strong>Mode d\u2019emploi :<\/strong><\/p>\n<p>Pour le traitement, nous vous recommandons d\u2019utiliser le tampon en laine, le tampon de polissage orange, le tampon hybride, le tampon en microfibre gris ou le tampon en microfibre blanc. Appliquez suffisamment d\u2019EAT 150 sur le tampon de polissage ou la surface peinte. Distribuer \u00e0 basse vitesse, env. 1200 tr\/min, sur la surface peinte, puis commencer le polissage \u00e0 env. 1800 tr\/min plus une pression mod\u00e9r\u00e9e jusqu\u2019au r\u00e9sultat souhait\u00e9.<\/p>\n<p>Pour polisseuse orbitale et rotative.<\/p>\n<p><img loading=\"lazy\" decoding=\"async\" class=\"wp-image-3473 aligncenter\" src=\"https:\/\/profma.ma\/wp-content\/uploads\/2023\/02\/PROCESSUS-DE-POLISSAGE-KENOTEK-EAT-300x197.png\" alt=\"\" width=\"571\" height=\"375\" srcset=\"https:\/\/profma.ma\/wp-content\/uploads\/2023\/02\/PROCESSUS-DE-POLISSAGE-KENOTEK-EAT-300x197.png 300w, https:\/\/profma.ma\/wp-content\/uploads\/2023\/02\/PROCESSUS-DE-POLISSAGE-KENOTEK-EAT-600x394.png 600w, https:\/\/profma.ma\/wp-content\/uploads\/2023\/02\/PROCESSUS-DE-POLISSAGE-KENOTEK-EAT-768x504.png 768w, https:\/\/profma.ma\/wp-content\/uploads\/2023\/02\/PROCESSUS-DE-POLISSAGE-KENOTEK-EAT-18x12.png 18w, https:\/\/profma.ma\/wp-content\/uploads\/2023\/02\/PROCESSUS-DE-POLISSAGE-KENOTEK-EAT-450x295.png 450w, https:\/\/profma.ma\/wp-content\/uploads\/2023\/02\/PROCESSUS-DE-POLISSAGE-KENOTEK-EAT-595x390.png 595w, https:\/\/profma.ma\/wp-content\/uploads\/2023\/02\/PROCESSUS-DE-POLISSAGE-KENOTEK-EAT.png 1210w\" sizes=\"auto, (max-width: 571px) 100vw, 571px\" \/><\/p>\n<\/div>\n<\/div>\n<\/div>\n<\/div>\n<\/div>\n<\/li>\n<\/ul>","protected":false},"excerpt":{"rendered":"<p>Le \u00ab\u00a0EAT 150\u00a0\u00bb de Kenotek est issu du nouveau programme TECHNOLOGIE D\u2019ABRASIFS DE POINTE. Il permet un pon\u00e7age et un polissage rapide en 1 seule \u00e9tape !\u00a0Polissage haute brillance pour \u00e9liminer les rayures fines et les taches de pon\u00e7age du grain P 1500.<br \/>\n<img loading=\"lazy\" decoding=\"async\" src=\"https:\/\/www.am-performance.fr\/img\/cms\/Top%20qualite.png\" alt=\"\" width=\"80\" height=\"80\" \/><br \/>\nVendu en 250ml ou 750ml\u00a0:<\/p>","protected":false},"featured_media":4057,"comment_status":"open","ping_status":"closed","template":"","meta":[],"product_brand":[],"product_cat":[232],"product_tag":[],"class_list":{"0":"post-4056","1":"product","2":"type-product","3":"status-publish","4":"has-post-thumbnail","6":"product_cat-kenotek","8":"first","9":"instock","10":"taxable","11":"shipping-taxable","12":"product-type-simple"},"_links":{"self":[{"href":"https:\/\/profma.ma\/en\/wp-json\/wp\/v2\/product\/4056","targetHints":{"allow":["GET"]}}],"collection":[{"href":"https:\/\/profma.ma\/en\/wp-json\/wp\/v2\/product"}],"about":[{"href":"https:\/\/profma.ma\/en\/wp-json\/wp\/v2\/types\/product"}],"replies":[{"embeddable":true,"href":"https:\/\/profma.ma\/en\/wp-json\/wp\/v2\/comments?post=4056"}],"wp:featuredmedia":[{"embeddable":true,"href":"https:\/\/profma.ma\/en\/wp-json\/wp\/v2\/media\/4057"}],"wp:attachment":[{"href":"https:\/\/profma.ma\/en\/wp-json\/wp\/v2\/media?parent=4056"}],"wp:term":[{"taxonomy":"product_brand","embeddable":true,"href":"https:\/\/profma.ma\/en\/wp-json\/wp\/v2\/product_brand?post=4056"},{"taxonomy":"product_cat","embeddable":true,"href":"https:\/\/profma.ma\/en\/wp-json\/wp\/v2\/product_cat?post=4056"},{"taxonomy":"product_tag","embeddable":true,"href":"https:\/\/profma.ma\/en\/wp-json\/wp\/v2\/product_tag?post=4056"}],"curies":[{"name":"wp","href":"https:\/\/api.w.org\/{rel}","templated":true}]}}