{"id":4053,"date":"2024-05-17T17:44:17","date_gmt":"2024-05-17T15:44:17","guid":{"rendered":"https:\/\/profma.ma\/?post_type=product&#038;p=4053"},"modified":"2024-06-12T17:09:21","modified_gmt":"2024-06-12T15:09:21","slug":"kenotek-wheel-cleaner-nettoyant-jantes-1l","status":"publish","type":"product","link":"https:\/\/profma.ma\/en\/product\/kenotek-wheel-cleaner-nettoyant-jantes-1l\/","title":{"rendered":"KENOTEK WHEEL CLEANER \u2013 NETTOYANT JANTES 1L"},"content":{"rendered":"<p><strong>NETTOYANT PUISSANT POUR JANTES<\/strong><\/p>\n<ul>\n<li>Puissant nettoyant pour jantes<\/li>\n<li>Supprime le d\u00e9p\u00f4t noir et la salet\u00e9 de la route<\/li>\n<li>Pr\u00eat \u00e0 l\u2019emploi<\/li>\n<\/ul>\n<p><strong>Mode d\u2019emploi :\u00a0<\/strong><\/p>\n<ul>\n<li>Pulv\u00e9riser le produit sur les surfaces<\/li>\n<li>Laisser agir<\/li>\n<li>Bien rincer avec une \u00e9ponge, une brosse ou \u00e0 haute pression<\/li>\n<li>Ne jamais laisser s\u00e9cher<\/li>\n<\/ul>\n<p>&nbsp;<\/p>\n<p>Contenance : 1L<\/p>\n<p>&nbsp;<\/p>\n<p><strong>Attention<\/strong><\/p>\n<p>Composants dangereux : 1-Propanaminium, 3-amino-N-(carboxymethyl)-N,N-dimethyl-, N-coco acyl derivs., hydroxides, inner salts<\/p>\n<p>H317 \u2013 Peut provoquer une allergie cutan\u00e9e<\/p>\n<p>&nbsp;<\/p>\n<p><strong>Des produits de haute qualit\u00e9 disponibles pour les passionn\u00e9s de voitures !<\/strong><\/p>\n<p>Kenotek s\u2019engage depuis 30 ans \u00e0 d\u00e9velopper des produits de qualit\u00e9 professionnelle pour offrir une solution parfaite \u00e0 chaque \u00e9tape du processus de lavage. La gamme Kenotek est une gamme compl\u00e8te de 12 produits, pr\u00eats \u00e0 l\u2019emploi,\u00a0pour couvrir tous vos besoins !<\/p>\n<p><img loading=\"lazy\" decoding=\"async\" src=\"https:\/\/www.am-performance.fr\/img\/cms\/BANNIERE%20KENOTEK.JPG\" alt=\"\" width=\"443\" height=\"133\" \/><\/p>","protected":false},"excerpt":{"rendered":"<p>Le \u201cWheel cleaner\u201d de Kenotek enl\u00e8ve les d\u00e9p\u00f4ts noirs et les salet\u00e9s de la route de toutes les jantes.<br \/>\n<img loading=\"lazy\" decoding=\"async\" src=\"https:\/\/www.am-performance.fr\/img\/cms\/Top%20qualite.png\" alt=\"\" width=\"80\" height=\"80\" \/>\u00a0<img loading=\"lazy\" decoding=\"async\" src=\"https:\/\/www.am-performance.fr\/img\/cms\/Top%20vente.png\" alt=\"\" width=\"80\" height=\"80\" \/><\/p>","protected":false},"featured_media":4054,"comment_status":"open","ping_status":"closed","template":"","meta":[],"product_brand":[],"product_cat":[232],"product_tag":[],"class_list":{"0":"post-4053","1":"product","2":"type-product","3":"status-publish","4":"has-post-thumbnail","6":"product_cat-kenotek","8":"first","9":"instock","10":"taxable","11":"shipping-taxable","12":"product-type-simple"},"_links":{"self":[{"href":"https:\/\/profma.ma\/en\/wp-json\/wp\/v2\/product\/4053","targetHints":{"allow":["GET"]}}],"collection":[{"href":"https:\/\/profma.ma\/en\/wp-json\/wp\/v2\/product"}],"about":[{"href":"https:\/\/profma.ma\/en\/wp-json\/wp\/v2\/types\/product"}],"replies":[{"embeddable":true,"href":"https:\/\/profma.ma\/en\/wp-json\/wp\/v2\/comments?post=4053"}],"wp:featuredmedia":[{"embeddable":true,"href":"https:\/\/profma.ma\/en\/wp-json\/wp\/v2\/media\/4054"}],"wp:attachment":[{"href":"https:\/\/profma.ma\/en\/wp-json\/wp\/v2\/media?parent=4053"}],"wp:term":[{"taxonomy":"product_brand","embeddable":true,"href":"https:\/\/profma.ma\/en\/wp-json\/wp\/v2\/product_brand?post=4053"},{"taxonomy":"product_cat","embeddable":true,"href":"https:\/\/profma.ma\/en\/wp-json\/wp\/v2\/product_cat?post=4053"},{"taxonomy":"product_tag","embeddable":true,"href":"https:\/\/profma.ma\/en\/wp-json\/wp\/v2\/product_tag?post=4053"}],"curies":[{"name":"wp","href":"https:\/\/api.w.org\/{rel}","templated":true}]}}