{"id":4026,"date":"2024-05-17T11:59:33","date_gmt":"2024-05-17T09:59:33","guid":{"rendered":"https:\/\/profma.ma\/?post_type=product&#038;p=4026"},"modified":"2024-06-06T20:37:59","modified_gmt":"2024-06-06T18:37:59","slug":"filtre-a-sable-pour-seau","status":"publish","type":"product","link":"https:\/\/profma.ma\/en\/product\/filtre-a-sable-pour-seau\/","title":{"rendered":"FILTRE \u00c0 SABLE POUR SEAU"},"content":{"rendered":"<p>Permet d&rsquo;isoler efficacement le sable, gravier, etc au fond du seau et maintient l&rsquo;eau de lavage propre.<\/p>\n<p>Emp\u00eache ainsi les petites particules de salet\u00e9 de p\u00e9n\u00e9trer dans les gants ou les brosses de lavage.<\/p>\n<p>\u00d8\u00a026 cm<\/p>","protected":false},"excerpt":{"rendered":"<p>Grille de r\u00e9cup\u00e9ration de salet\u00e9s lors du processus de lavage de v\u00e9hicules, \u00e9vitant ainsi de rayer la carrosserie<\/p>","protected":false},"featured_media":4059,"comment_status":"open","ping_status":"closed","template":"","meta":[],"product_brand":[],"product_cat":[15],"product_tag":[],"class_list":{"0":"post-4026","1":"product","2":"type-product","3":"status-publish","4":"has-post-thumbnail","6":"product_cat-uncategorized","8":"first","9":"instock","10":"taxable","11":"shipping-taxable","12":"product-type-simple"},"_links":{"self":[{"href":"https:\/\/profma.ma\/en\/wp-json\/wp\/v2\/product\/4026","targetHints":{"allow":["GET"]}}],"collection":[{"href":"https:\/\/profma.ma\/en\/wp-json\/wp\/v2\/product"}],"about":[{"href":"https:\/\/profma.ma\/en\/wp-json\/wp\/v2\/types\/product"}],"replies":[{"embeddable":true,"href":"https:\/\/profma.ma\/en\/wp-json\/wp\/v2\/comments?post=4026"}],"wp:featuredmedia":[{"embeddable":true,"href":"https:\/\/profma.ma\/en\/wp-json\/wp\/v2\/media\/4059"}],"wp:attachment":[{"href":"https:\/\/profma.ma\/en\/wp-json\/wp\/v2\/media?parent=4026"}],"wp:term":[{"taxonomy":"product_brand","embeddable":true,"href":"https:\/\/profma.ma\/en\/wp-json\/wp\/v2\/product_brand?post=4026"},{"taxonomy":"product_cat","embeddable":true,"href":"https:\/\/profma.ma\/en\/wp-json\/wp\/v2\/product_cat?post=4026"},{"taxonomy":"product_tag","embeddable":true,"href":"https:\/\/profma.ma\/en\/wp-json\/wp\/v2\/product_tag?post=4026"}],"curies":[{"name":"wp","href":"https:\/\/api.w.org\/{rel}","templated":true}]}}