{"id":3985,"date":"2024-05-15T14:55:50","date_gmt":"2024-05-15T12:55:50","guid":{"rendered":"https:\/\/profma.ma\/?post_type=product&#038;p=3985"},"modified":"2024-06-06T20:38:22","modified_gmt":"2024-06-06T18:38:22","slug":"desodorisant-vanille-750-ml-2","status":"publish","type":"product","link":"https:\/\/profma.ma\/en\/product\/desodorisant-vanille-750-ml-2\/","title":{"rendered":"D\u00c9SODORISANT VANILLE 750 ML"},"content":{"rendered":"<p>A\u00e9rosol de 750ml, parfum Vanille<\/p>\n<p>Ce d\u00e9sodorisant sans retomb\u00e9es humides neutralise toutes les odeurs. Longue r\u00e9manence.<\/p>\n<p>Domaines d&rsquo;applications : v\u00e9hicules, magasins, bureaux, sanitaires, chambres d\u2019h\u00f4tels, salons, etc&#8230;<\/p>\n<p>Pulv\u00e9risation effet nuage, s\u00e8che sans retomb\u00e9es humides<br \/>\nr\u00e9manence hors normes (jusqu&rsquo;\u00e0 12h de r\u00e9manence)<br \/>\nBuse de pulv\u00e9risation puissante<br \/>\nJusqu&rsquo;\u00e0 50m3<br \/>\nDimensions : 66x344mm<br \/>\nBien agiter avant emploi. Pulv\u00e9riser 5 \u00e0 10 secondes pour 50m3.<\/p>\n<p>Fabriqu\u00e9 en France.<\/p>\n<p>Mention d&rsquo;avertissement : danger<\/p>\n<p>H222 : A\u00e9rosol extr\u00eamement inflammable.<br \/>\nH229 : R\u00e9cipient sous pression : peut \u00e9clater sous l\u2019effet de la chaleur.<\/p>","protected":false},"excerpt":{"rendered":"<p>Le diffuseur standard de grande taille pour les professionnels, simple et efficace !<br \/>\nD\u00e9sodorisant d&rsquo;atmosph\u00e8re \u00e9conomique pour toutes situations.<\/p>","protected":false},"featured_media":3987,"comment_status":"open","ping_status":"closed","template":"","meta":[],"product_brand":[],"product_cat":[15],"product_tag":[],"class_list":{"0":"post-3985","1":"product","2":"type-product","3":"status-publish","4":"has-post-thumbnail","6":"product_cat-uncategorized","8":"first","9":"instock","10":"taxable","11":"shipping-taxable","12":"product-type-simple"},"_links":{"self":[{"href":"https:\/\/profma.ma\/en\/wp-json\/wp\/v2\/product\/3985","targetHints":{"allow":["GET"]}}],"collection":[{"href":"https:\/\/profma.ma\/en\/wp-json\/wp\/v2\/product"}],"about":[{"href":"https:\/\/profma.ma\/en\/wp-json\/wp\/v2\/types\/product"}],"replies":[{"embeddable":true,"href":"https:\/\/profma.ma\/en\/wp-json\/wp\/v2\/comments?post=3985"}],"wp:featuredmedia":[{"embeddable":true,"href":"https:\/\/profma.ma\/en\/wp-json\/wp\/v2\/media\/3987"}],"wp:attachment":[{"href":"https:\/\/profma.ma\/en\/wp-json\/wp\/v2\/media?parent=3985"}],"wp:term":[{"taxonomy":"product_brand","embeddable":true,"href":"https:\/\/profma.ma\/en\/wp-json\/wp\/v2\/product_brand?post=3985"},{"taxonomy":"product_cat","embeddable":true,"href":"https:\/\/profma.ma\/en\/wp-json\/wp\/v2\/product_cat?post=3985"},{"taxonomy":"product_tag","embeddable":true,"href":"https:\/\/profma.ma\/en\/wp-json\/wp\/v2\/product_tag?post=3985"}],"curies":[{"name":"wp","href":"https:\/\/api.w.org\/{rel}","templated":true}]}}