{"id":3980,"date":"2024-05-15T14:25:11","date_gmt":"2024-05-15T12:25:11","guid":{"rendered":"https:\/\/profma.ma\/?post_type=product&#038;p=3980"},"modified":"2024-06-07T10:22:06","modified_gmt":"2024-06-07T08:22:06","slug":"headlight-polish-set","status":"publish","type":"product","link":"https:\/\/profma.ma\/en\/product\/headlight-polish-set\/","title":{"rendered":"HEADLIGHT POLISH SET"},"content":{"rendered":"<p>KOCH CHEMIE Hlp1 Headlight Polish 1 (250 ml)<br \/>\nLustrage machine innovant pour la r\u00e9g\u00e9n\u00e9ration rapide des phares en verre acrylique fortement ternis, \u00e9liminant les rayures et les marques d\u2019abrasion du papier avec une gradation sup\u00e9rieure \u00e0 P1000.<\/p>","protected":false},"excerpt":{"rendered":"<p>KOCH CHEMIE Hlp1 Headlight Polish 1 (250 ml)<br \/>\nLustrage machine innovant pour la r\u00e9g\u00e9n\u00e9ration rapide des phares en verre acrylique fortement ternis, \u00e9liminant les rayures et les marques d\u2019abrasion du papier avec une gradation sup\u00e9rieure \u00e0 P1000.<\/p>","protected":false},"featured_media":3981,"comment_status":"open","ping_status":"closed","template":"","meta":[],"product_brand":[],"product_cat":[231],"product_tag":[],"class_list":{"0":"post-3980","1":"product","2":"type-product","3":"status-publish","4":"has-post-thumbnail","6":"product_cat-koch-chemie","8":"first","9":"instock","10":"taxable","11":"shipping-taxable","12":"product-type-simple"},"_links":{"self":[{"href":"https:\/\/profma.ma\/en\/wp-json\/wp\/v2\/product\/3980","targetHints":{"allow":["GET"]}}],"collection":[{"href":"https:\/\/profma.ma\/en\/wp-json\/wp\/v2\/product"}],"about":[{"href":"https:\/\/profma.ma\/en\/wp-json\/wp\/v2\/types\/product"}],"replies":[{"embeddable":true,"href":"https:\/\/profma.ma\/en\/wp-json\/wp\/v2\/comments?post=3980"}],"wp:featuredmedia":[{"embeddable":true,"href":"https:\/\/profma.ma\/en\/wp-json\/wp\/v2\/media\/3981"}],"wp:attachment":[{"href":"https:\/\/profma.ma\/en\/wp-json\/wp\/v2\/media?parent=3980"}],"wp:term":[{"taxonomy":"product_brand","embeddable":true,"href":"https:\/\/profma.ma\/en\/wp-json\/wp\/v2\/product_brand?post=3980"},{"taxonomy":"product_cat","embeddable":true,"href":"https:\/\/profma.ma\/en\/wp-json\/wp\/v2\/product_cat?post=3980"},{"taxonomy":"product_tag","embeddable":true,"href":"https:\/\/profma.ma\/en\/wp-json\/wp\/v2\/product_tag?post=3980"}],"curies":[{"name":"wp","href":"https:\/\/api.w.org\/{rel}","templated":true}]}}