{"id":3956,"date":"2024-05-12T21:59:39","date_gmt":"2024-05-12T19:59:39","guid":{"rendered":"https:\/\/profma.ma\/?post_type=product&#038;p=3956"},"modified":"2024-05-14T18:02:14","modified_gmt":"2024-05-14T16:02:14","slug":"cyclone-classic-z010","status":"publish","type":"product","link":"https:\/\/profma.ma\/en\/product\/cyclone-classic-z010\/","title":{"rendered":"CYCLONE CLASSIC Z010"},"content":{"rendered":"<div class=\"tabs\">\n<div id=\"tab-content\" class=\"tab-content\">\n<div id=\"description\" class=\"tab-pane fade in active\" role=\"tabpanel\">\n<div class=\"product-description\">\n<p>Les Cyclones sont des pistolets de nettoyage professionnels qui fonctionnent \u00e0 l\u2019air comprim\u00e9. Ils sont simples d\u2019utilisation car il suffit de m\u00e9langer le produit de nettoyage avec de l\u2019eau puis de brancher l\u2019appareil sur un compresseur. Ils pulv\u00e9risent un brouillard d\u2019air avec ou sans produit de nettoyage. L\u2019air sortant est mis en rotation avec un \u00ab effet tornade \u00bb qui d\u00e9colle avec une force extr\u00eame les particules de salet\u00e9s tenaces sur les surfaces \u00e0 traiter.<\/p>\n<p>Ils sont parfaits pour le nettoyage int\u00e9rieur de tous types de v\u00e9hicules : conduits d\u2019a\u00e9ration et de ventilation, gaines de climatisation, moquettes et tapis de sol (textile et caoutchouc), tours de levier de vitesse, tableau de bord, tours des si\u00e8ges, rails des si\u00e8ges, ouverture du r\u00e9servoir, plaques de signalisation apr\u00e8s lavage du v\u00e9hicule, bo\u00eetes \u00e0 gants et vide-poches, glissi\u00e8res de porti\u00e8res, etc.<\/p>\n<p><strong>Utilisateurs :<\/strong>\u00a0garages, t\u00f4leries-peintures, carrossiers, locations de voiture, taxis, camping-cars, transports de malades, ambulances, poids lourds et trucks\u2026<\/p>\n<p>Efficacit\u00e9 prouv\u00e9e : poussi\u00e8re, traces de cirage, traces de doigts, t\u00e2ches diverses (alimentation, gasoil, sel \u2026) sur b\u00e2ches ou sur carrosseries, salissures de chantiers, apr\u00e8s masticage ou pon\u00e7age.<\/p>\n<p><strong>Produits \u00e0 utiliser :<\/strong>\u00a0un nettoyant universel, un nettoyant pour tapis ou un d\u00e9graissant.\u00a0PH neutre ou le plus neutre possible.<\/p>\n<p>Les Cyclones de CAR TOOL sont authentiques :<\/p>\n<ul>\n<li>Qualit\u00e9 garantie<\/li>\n<li>Grande fiabilit\u00e9 des syst\u00e8mes<\/li>\n<li>Produits certifi\u00e9s CE<\/li>\n<\/ul>\n<p><strong>Donn\u00e9es techniques :<\/strong><\/p>\n<ul>\n<li>C\u00f4ne blanc plastique<\/li>\n<li>Tuyau flexible<\/li>\n<li>Contenance du r\u00e9servoir : 1 L<\/li>\n<li>Puissance de rotation : 3000 tours \/ minute<\/li>\n<li>S\u00e9lection \u00abbrouillard d\u2019air\u00bb ou \u00abbrouillard chimie\u00bb par vanne d\u2019arr\u00eat<\/li>\n<li>Consommation d\u2019air : 75 litres \/ minute \u00e0 6,2 bar<\/li>\n<li>poids net : 0,6 kg<\/li>\n<\/ul>\n<\/div>\n<\/div>\n<\/div>\n<\/div>","protected":false},"excerpt":{"rendered":"<div id=\"product-description-short-111\" class=\"product_desc\">\n<p>Id\u00e9al pour le nettoyage et la d\u00e9sinfection int\u00e9rieure de tous types de v\u00e9hicules !<br \/>\nPistolet de nettoyage professionnel fonctionnant \u00e0 l\u2019air comprim\u00e9, qui pulv\u00e9rise sous haute pression spiral\u00e9e aussi bien l\u2019air que tous les liquides de nettoyage, pour le nettoyage de tous les endroits difficilement accessibles.<br \/>\n<img loading=\"lazy\" decoding=\"async\" src=\"https:\/\/www.am-performance.fr\/img\/cms\/Top%20vente.png\" alt=\"\" width=\"79\" height=\"79\" \/><\/p>\n<\/div>\n<div class=\"product-actions\">\n<div class=\"product-variants allow_oosp_0\"><\/div>\n<div class=\"product-prices\">\n<div class=\"product-price h5\"><\/div>\n<\/div>\n<\/div>","protected":false},"featured_media":3957,"comment_status":"open","ping_status":"closed","template":"","meta":[],"product_brand":[],"product_cat":[15,181,230],"product_tag":[],"class_list":{"0":"post-3956","1":"product","2":"type-product","3":"status-publish","4":"has-post-thumbnail","6":"product_cat-uncategorized","7":"product_cat-materiels","8":"product_cat-materiels-materiels","10":"first","11":"instock","12":"taxable","13":"shipping-taxable","14":"product-type-simple"},"_links":{"self":[{"href":"https:\/\/profma.ma\/en\/wp-json\/wp\/v2\/product\/3956","targetHints":{"allow":["GET"]}}],"collection":[{"href":"https:\/\/profma.ma\/en\/wp-json\/wp\/v2\/product"}],"about":[{"href":"https:\/\/profma.ma\/en\/wp-json\/wp\/v2\/types\/product"}],"replies":[{"embeddable":true,"href":"https:\/\/profma.ma\/en\/wp-json\/wp\/v2\/comments?post=3956"}],"wp:featuredmedia":[{"embeddable":true,"href":"https:\/\/profma.ma\/en\/wp-json\/wp\/v2\/media\/3957"}],"wp:attachment":[{"href":"https:\/\/profma.ma\/en\/wp-json\/wp\/v2\/media?parent=3956"}],"wp:term":[{"taxonomy":"product_brand","embeddable":true,"href":"https:\/\/profma.ma\/en\/wp-json\/wp\/v2\/product_brand?post=3956"},{"taxonomy":"product_cat","embeddable":true,"href":"https:\/\/profma.ma\/en\/wp-json\/wp\/v2\/product_cat?post=3956"},{"taxonomy":"product_tag","embeddable":true,"href":"https:\/\/profma.ma\/en\/wp-json\/wp\/v2\/product_tag?post=3956"}],"curies":[{"name":"wp","href":"https:\/\/api.w.org\/{rel}","templated":true}]}}