{"id":3947,"date":"2024-05-12T21:37:17","date_gmt":"2024-05-12T19:37:17","guid":{"rendered":"https:\/\/profma.ma\/?post_type=product&#038;p=3947"},"modified":"2024-06-06T20:41:12","modified_gmt":"2024-06-06T18:41:12","slug":"gachette-de-pulverisation-rouge-tarifs-degressifs","status":"publish","type":"product","link":"https:\/\/profma.ma\/en\/product\/gachette-de-pulverisation-rouge-tarifs-degressifs\/","title":{"rendered":"G\u00c2CHETTE DE PULV\u00c9RISATION ROUGE"},"content":{"rendered":"<p>Mod\u00e8le robuste polyvalent d\u00e9bitant 1,3ml par pression.<\/p>\n<p>G\u00e2chette con\u00e7ue pour le confort d&#8217;emploi, avec une forme arrondie et ergonomique. La surface rugueuse facilite l&rsquo;utilisation avec des mains mouill\u00e9es ou avec des gants.<\/p>\n<p>Convient pour de nombreuses applications : automobile, industrie, hygi\u00e8ne&#8230;<\/p>\n<p>Caract\u00e9ristiques :<\/p>\n<ul>\n<li>Buse r\u00e9glable de jet brouillard au jet droit<\/li>\n<li>Filtre au bout du tube<\/li>\n<li>D\u00e9bit par pression : 1,3ml<\/li>\n<li>DIN 28\/400.<\/li>\n<li>Longueur du tube : 25cm avec cr\u00e9pine<\/li>\n<\/ul>\n<p>&nbsp;<\/p>\n<p>Dans le domaine de l\u2019hygi\u00e8ne, ils sont utilis\u00e9s par couleur :<\/p>\n<ul>\n<li>bleu : pour les vitres<\/li>\n<li>vert : pour les sols<\/li>\n<li>jaune : pour la d\u00e9sinfection<\/li>\n<li>rouge : pour les sanitaires<\/li>\n<\/ul>\n<p>&nbsp;<\/p>\n<p>Fabrication europ\u00e9enne<\/p>\n<p><img loading=\"lazy\" decoding=\"async\" src=\"https:\/\/www.outdoorsportsvalley.org\/wp-content\/uploads\/2019\/05\/200_fabrication-europe_produits_fabrications1386349105.png\" alt=\"Outdoor Sports Valley | Made in Europe : un projet pour identifier ...\" width=\"90\" height=\"90\" \/><\/p>","protected":false},"excerpt":{"rendered":"<p>T\u00eate de pulv\u00e9risation\u00a0pour bouteilles\u00a0600ml et 1L.<br \/>\nVendue \u00e0 la pi\u00e8ce ou par lot\u00a0de 5.<\/p>","protected":false},"featured_media":3948,"comment_status":"open","ping_status":"closed","template":"","meta":[],"product_brand":[],"product_cat":[176,226],"product_tag":[],"class_list":{"0":"post-3947","1":"product","2":"type-product","3":"status-publish","4":"has-post-thumbnail","6":"product_cat-accessoires","7":"product_cat-vaporisation","9":"first","10":"instock","11":"taxable","12":"shipping-taxable","13":"product-type-simple"},"_links":{"self":[{"href":"https:\/\/profma.ma\/en\/wp-json\/wp\/v2\/product\/3947","targetHints":{"allow":["GET"]}}],"collection":[{"href":"https:\/\/profma.ma\/en\/wp-json\/wp\/v2\/product"}],"about":[{"href":"https:\/\/profma.ma\/en\/wp-json\/wp\/v2\/types\/product"}],"replies":[{"embeddable":true,"href":"https:\/\/profma.ma\/en\/wp-json\/wp\/v2\/comments?post=3947"}],"wp:featuredmedia":[{"embeddable":true,"href":"https:\/\/profma.ma\/en\/wp-json\/wp\/v2\/media\/3948"}],"wp:attachment":[{"href":"https:\/\/profma.ma\/en\/wp-json\/wp\/v2\/media?parent=3947"}],"wp:term":[{"taxonomy":"product_brand","embeddable":true,"href":"https:\/\/profma.ma\/en\/wp-json\/wp\/v2\/product_brand?post=3947"},{"taxonomy":"product_cat","embeddable":true,"href":"https:\/\/profma.ma\/en\/wp-json\/wp\/v2\/product_cat?post=3947"},{"taxonomy":"product_tag","embeddable":true,"href":"https:\/\/profma.ma\/en\/wp-json\/wp\/v2\/product_tag?post=3947"}],"curies":[{"name":"wp","href":"https:\/\/api.w.org\/{rel}","templated":true}]}}