{"id":3942,"date":"2024-05-12T21:22:58","date_gmt":"2024-05-12T19:22:58","guid":{"rendered":"https:\/\/profma.ma\/?post_type=product&#038;p=3942"},"modified":"2024-06-06T20:42:01","modified_gmt":"2024-06-06T18:42:01","slug":"brosse-pour-pneus","status":"publish","type":"product","link":"https:\/\/profma.ma\/en\/product\/brosse-pour-pneus\/","title":{"rendered":"BROSSE POUR PNEUS"},"content":{"rendered":"<p>Avec poign\u00e9e en caoutchouc antid\u00e9rapante.<\/p>\n<p>Nettoyage efficace des pneus, ch\u00e2ssis, jantes, pare choc, tapis de sol, surfaces m\u00e9talliques, etc.<\/p>\n<ul>\n<li>Mat\u00e9riau : nylon sp\u00e9cial, plastique haute r\u00e9sistance<\/li>\n<li>Trou d\u2019accroche au bout de la poign\u00e9e<\/li>\n<li>Longueur des poils : 5cm.<\/li>\n<li>Dimensions : 23 x 10 cm<\/li>\n<li>Couleur : noir, jaune<\/li>\n<\/ul>","protected":false},"excerpt":{"rendered":"<p>Pour un nettoyage en profondeur !<br \/>\nPetite brosse pour pneus\u00a0avec poils durs et r\u00e9sistants. Grande surface de brossage.<\/p>","protected":false},"featured_media":3943,"comment_status":"open","ping_status":"closed","template":"","meta":[],"product_brand":[],"product_cat":[15],"product_tag":[],"class_list":{"0":"post-3942","1":"product","2":"type-product","3":"status-publish","4":"has-post-thumbnail","6":"product_cat-uncategorized","8":"first","9":"instock","10":"taxable","11":"shipping-taxable","12":"product-type-simple"},"_links":{"self":[{"href":"https:\/\/profma.ma\/en\/wp-json\/wp\/v2\/product\/3942","targetHints":{"allow":["GET"]}}],"collection":[{"href":"https:\/\/profma.ma\/en\/wp-json\/wp\/v2\/product"}],"about":[{"href":"https:\/\/profma.ma\/en\/wp-json\/wp\/v2\/types\/product"}],"replies":[{"embeddable":true,"href":"https:\/\/profma.ma\/en\/wp-json\/wp\/v2\/comments?post=3942"}],"wp:featuredmedia":[{"embeddable":true,"href":"https:\/\/profma.ma\/en\/wp-json\/wp\/v2\/media\/3943"}],"wp:attachment":[{"href":"https:\/\/profma.ma\/en\/wp-json\/wp\/v2\/media?parent=3942"}],"wp:term":[{"taxonomy":"product_brand","embeddable":true,"href":"https:\/\/profma.ma\/en\/wp-json\/wp\/v2\/product_brand?post=3942"},{"taxonomy":"product_cat","embeddable":true,"href":"https:\/\/profma.ma\/en\/wp-json\/wp\/v2\/product_cat?post=3942"},{"taxonomy":"product_tag","embeddable":true,"href":"https:\/\/profma.ma\/en\/wp-json\/wp\/v2\/product_tag?post=3942"}],"curies":[{"name":"wp","href":"https:\/\/api.w.org\/{rel}","templated":true}]}}