{"id":3935,"date":"2024-05-12T19:56:18","date_gmt":"2024-05-12T17:56:18","guid":{"rendered":"https:\/\/profma.ma\/?post_type=product&#038;p=3935"},"modified":"2024-06-06T20:45:01","modified_gmt":"2024-06-06T18:45:01","slug":"brosse-speciale-jantes-poils-doux","status":"publish","type":"product","link":"https:\/\/profma.ma\/en\/product\/brosse-speciale-jantes-poils-doux\/","title":{"rendered":"BROSSE SP\u00c9CIALE JANTES POILS DOUX"},"content":{"rendered":"<p>Gr\u00e2ce \u00e0 ses poils souples, cette brosse permettra un nettoyage en profondeur des jantes sans les ab\u00eemer.<\/p>\n<p>Atteint les parties m\u00eame les plus difficiles.<\/p>\n<p>Caract\u00e9ristiques :<\/p>\n<ul>\n<li>Manche en plastique\u00a0bleu<\/li>\n<li>Poils gris souples<\/li>\n<li>Dimensions : 23 x 7 cm<\/li>\n<li>Poids : 0.05kg<\/li>\n<\/ul>","protected":false},"excerpt":{"rendered":"<div id=\"product-description-short-32\" class=\"product_desc\">\n<p>Brosse avec poils synth\u00e9tiques souples, sp\u00e9cialement \u00e9tudi\u00e9e pour le nettoyage des jantes en alliage et enjoliveurs en plastique.<\/p>\n<\/div>\n<div class=\"product-actions\">\n<div class=\"product-variants allow_oosp_0\"><\/div>\n<div class=\"product-prices\">\n<div class=\"product-price h5\"><\/div>\n<\/div>\n<\/div>","protected":false},"featured_media":3936,"comment_status":"open","ping_status":"closed","template":"","meta":[],"product_brand":[],"product_cat":[15],"product_tag":[],"class_list":{"0":"post-3935","1":"product","2":"type-product","3":"status-publish","4":"has-post-thumbnail","6":"product_cat-uncategorized","8":"first","9":"instock","10":"taxable","11":"shipping-taxable","12":"product-type-simple"},"_links":{"self":[{"href":"https:\/\/profma.ma\/en\/wp-json\/wp\/v2\/product\/3935","targetHints":{"allow":["GET"]}}],"collection":[{"href":"https:\/\/profma.ma\/en\/wp-json\/wp\/v2\/product"}],"about":[{"href":"https:\/\/profma.ma\/en\/wp-json\/wp\/v2\/types\/product"}],"replies":[{"embeddable":true,"href":"https:\/\/profma.ma\/en\/wp-json\/wp\/v2\/comments?post=3935"}],"wp:featuredmedia":[{"embeddable":true,"href":"https:\/\/profma.ma\/en\/wp-json\/wp\/v2\/media\/3936"}],"wp:attachment":[{"href":"https:\/\/profma.ma\/en\/wp-json\/wp\/v2\/media?parent=3935"}],"wp:term":[{"taxonomy":"product_brand","embeddable":true,"href":"https:\/\/profma.ma\/en\/wp-json\/wp\/v2\/product_brand?post=3935"},{"taxonomy":"product_cat","embeddable":true,"href":"https:\/\/profma.ma\/en\/wp-json\/wp\/v2\/product_cat?post=3935"},{"taxonomy":"product_tag","embeddable":true,"href":"https:\/\/profma.ma\/en\/wp-json\/wp\/v2\/product_tag?post=3935"}],"curies":[{"name":"wp","href":"https:\/\/api.w.org\/{rel}","templated":true}]}}