{"id":3933,"date":"2024-05-12T19:28:47","date_gmt":"2024-05-12T17:28:47","guid":{"rendered":"https:\/\/profma.ma\/?post_type=product&#038;p=3933"},"modified":"2024-06-06T20:45:42","modified_gmt":"2024-06-06T18:45:42","slug":"brosse-speciale-jantes-2","status":"publish","type":"product","link":"https:\/\/profma.ma\/en\/product\/brosse-speciale-jantes-2\/","title":{"rendered":"BROSSE SP\u00c9CIALE JANTES"},"content":{"rendered":"<p>Gr\u00e2ce \u00e0 ses poils souples, cette brosse permettra un nettoyage en profondeur des jantes sans les ab\u00eemer.<\/p>\n<p>L\u00e9g\u00e8re et r\u00e9sistante aux produits chimiques.<\/p>\n<p>Peut \u00e9galement \u00eatre utilis\u00e9e pour nettoyer les pare chocs, le compartiment moteur, etc.<\/p>\n<ul>\n<li>Fibres douces et flexibles<\/li>\n<li>Embout en plastique pour ne pas salir les mains.<\/li>\n<li>Manche en plastique noir.<\/li>\n<li>Coloris poils: rouge.<\/li>\n<li>Dimensions : 43 x 10 cm<\/li>\n<\/ul>","protected":false},"excerpt":{"rendered":"<p>Brosse avec poils souples, sp\u00e9cialement \u00e9tudi\u00e9e pour le nettoyage des jantes, roues et pneus.\u00a0Avec embout en caoutchouc pour prot\u00e9ger les mains.<\/p>","protected":false},"featured_media":3932,"comment_status":"open","ping_status":"closed","template":"","meta":[],"product_brand":[],"product_cat":[15],"product_tag":[],"class_list":{"0":"post-3933","1":"product","2":"type-product","3":"status-publish","4":"has-post-thumbnail","6":"product_cat-uncategorized","8":"first","9":"instock","10":"taxable","11":"shipping-taxable","12":"product-type-simple"},"_links":{"self":[{"href":"https:\/\/profma.ma\/en\/wp-json\/wp\/v2\/product\/3933","targetHints":{"allow":["GET"]}}],"collection":[{"href":"https:\/\/profma.ma\/en\/wp-json\/wp\/v2\/product"}],"about":[{"href":"https:\/\/profma.ma\/en\/wp-json\/wp\/v2\/types\/product"}],"replies":[{"embeddable":true,"href":"https:\/\/profma.ma\/en\/wp-json\/wp\/v2\/comments?post=3933"}],"wp:featuredmedia":[{"embeddable":true,"href":"https:\/\/profma.ma\/en\/wp-json\/wp\/v2\/media\/3932"}],"wp:attachment":[{"href":"https:\/\/profma.ma\/en\/wp-json\/wp\/v2\/media?parent=3933"}],"wp:term":[{"taxonomy":"product_brand","embeddable":true,"href":"https:\/\/profma.ma\/en\/wp-json\/wp\/v2\/product_brand?post=3933"},{"taxonomy":"product_cat","embeddable":true,"href":"https:\/\/profma.ma\/en\/wp-json\/wp\/v2\/product_cat?post=3933"},{"taxonomy":"product_tag","embeddable":true,"href":"https:\/\/profma.ma\/en\/wp-json\/wp\/v2\/product_tag?post=3933"}],"curies":[{"name":"wp","href":"https:\/\/api.w.org\/{rel}","templated":true}]}}