{"id":3924,"date":"2024-05-11T21:13:39","date_gmt":"2024-05-11T19:13:39","guid":{"rendered":"https:\/\/profma.ma\/?post_type=product&#038;p=3924"},"modified":"2024-06-06T20:46:35","modified_gmt":"2024-06-06T18:46:35","slug":"plateau-velcro-75cm","status":"publish","type":"product","link":"https:\/\/profma.ma\/en\/product\/plateau-velcro-75cm\/","title":{"rendered":"PLATEAU VELCRO 7,5CM"},"content":{"rendered":"<p>Tampon de polissage et de pon\u00e7age avec velcro, \u00e0 utiliser avec des disques de diam\u00e8tre 80mm.<\/p>\n<p>Caract\u00e9ristiques :<\/p>\n<ul>\n<li>Diam\u00e8tre 75mm<\/li>\n<li>Taille de filetage M6-1.0<\/li>\n<li>Tige 5\/16&Prime;<\/li>\n<li>Caoutchouc souple<\/li>\n<li>Vitesse de fonctionnement maximale autoris\u00e9e de 12000 tr<\/li>\n<\/ul>\n<p>Convient parfaitement pour la r\u00e9novation des optiques, en\u00a0compl\u00e9ment du kit\u00a0\u00ab\u00a0Clean Optic\u00a0 Express\u00a0\u00bb de AM Performance.<\/p>","protected":false},"excerpt":{"rendered":"<div id=\"product-description-short-351\" class=\"product_desc\">\n<p>Plateau pour mini polisseuse orbitale.<\/p>\n<\/div>\n<div class=\"product-actions\">\n<div class=\"product-variants allow_oosp_0\"><\/div>\n<div class=\"product-prices\">\n<div class=\"product-price h5\"><\/div>\n<\/div>\n<\/div>","protected":false},"featured_media":3925,"comment_status":"open","ping_status":"closed","template":"","meta":[],"product_brand":[],"product_cat":[15],"product_tag":[],"class_list":{"0":"post-3924","1":"product","2":"type-product","3":"status-publish","4":"has-post-thumbnail","6":"product_cat-uncategorized","8":"first","9":"instock","10":"taxable","11":"shipping-taxable","12":"product-type-simple"},"_links":{"self":[{"href":"https:\/\/profma.ma\/en\/wp-json\/wp\/v2\/product\/3924","targetHints":{"allow":["GET"]}}],"collection":[{"href":"https:\/\/profma.ma\/en\/wp-json\/wp\/v2\/product"}],"about":[{"href":"https:\/\/profma.ma\/en\/wp-json\/wp\/v2\/types\/product"}],"replies":[{"embeddable":true,"href":"https:\/\/profma.ma\/en\/wp-json\/wp\/v2\/comments?post=3924"}],"wp:featuredmedia":[{"embeddable":true,"href":"https:\/\/profma.ma\/en\/wp-json\/wp\/v2\/media\/3925"}],"wp:attachment":[{"href":"https:\/\/profma.ma\/en\/wp-json\/wp\/v2\/media?parent=3924"}],"wp:term":[{"taxonomy":"product_brand","embeddable":true,"href":"https:\/\/profma.ma\/en\/wp-json\/wp\/v2\/product_brand?post=3924"},{"taxonomy":"product_cat","embeddable":true,"href":"https:\/\/profma.ma\/en\/wp-json\/wp\/v2\/product_cat?post=3924"},{"taxonomy":"product_tag","embeddable":true,"href":"https:\/\/profma.ma\/en\/wp-json\/wp\/v2\/product_tag?post=3924"}],"curies":[{"name":"wp","href":"https:\/\/api.w.org\/{rel}","templated":true}]}}