{"id":3920,"date":"2024-05-11T21:09:51","date_gmt":"2024-05-11T19:09:51","guid":{"rendered":"https:\/\/profma.ma\/?post_type=product&#038;p=3920"},"modified":"2024-06-06T20:47:04","modified_gmt":"2024-06-06T18:47:04","slug":"pistolet-soufflette-2-tailles","status":"publish","type":"product","link":"https:\/\/profma.ma\/en\/product\/pistolet-soufflette-2-tailles\/","title":{"rendered":"PISTOLET SOUFFLETTE [2 TAILLES]"},"content":{"rendered":"<p>Soufflette pneumatique ergonomique qui permet une utilisation libre et efficace.<\/p>\n<ul>\n<li>Branchement sur\u00a0compresseur<\/li>\n<li>Poign\u00e9e en plastique, l\u00e9g\u00e8re et confortable \u00e0 saisir<\/li>\n<li>Buse longue et puissante<\/li>\n<li>Connecteur d&rsquo;entr\u00e9e de haute qualit\u00e9, durable et pratique \u00e0 utiliser<\/li>\n<\/ul>\n<p>Caract\u00e9ristiques :<\/p>\n<ul>\n<li>Pistolet rouge en plastique : 12 x 9cm<\/li>\n<li>buse\u00a0coud\u00e9e m\u00e9tallique 10 cm ou 30cm<\/li>\n<li>1\/4 \u00ab\u00a0PT<\/li>\n<li>Pression de travail : 0,62 MPa<\/li>\n<li>Taille d&rsquo;entr\u00e9e d&rsquo;air : 6,35 mm<\/li>\n<\/ul>","protected":false},"excerpt":{"rendered":"<div id=\"product-description-short-555\" class=\"product_desc\">\n<p>Utile et tr\u00e8s efficace !<br \/>\nPistolet \u00e0 air comprim\u00e9 pour d\u00e9poussi\u00e9rer les zones difficiles d&rsquo;acc\u00e8s.<\/p>\n<p>2 tailles<br \/>\nPetit mod\u00e8le &#8211; buse 10 cm<br \/>\nGrand mod\u00e8le &#8211; buse 30 cm<\/p>\n<\/div>\n<div class=\"product-actions\">\n<div class=\"product-variants allow_oosp_0\">\n<div class=\"clearfix product-variants-item\"><\/div>\n<\/div>\n<\/div>","protected":false},"featured_media":3921,"comment_status":"open","ping_status":"closed","template":"","meta":[],"product_brand":[],"product_cat":[15],"product_tag":[],"class_list":{"0":"post-3920","1":"product","2":"type-product","3":"status-publish","4":"has-post-thumbnail","6":"product_cat-uncategorized","8":"first","9":"instock","10":"taxable","11":"shipping-taxable","12":"product-type-simple"},"_links":{"self":[{"href":"https:\/\/profma.ma\/en\/wp-json\/wp\/v2\/product\/3920","targetHints":{"allow":["GET"]}}],"collection":[{"href":"https:\/\/profma.ma\/en\/wp-json\/wp\/v2\/product"}],"about":[{"href":"https:\/\/profma.ma\/en\/wp-json\/wp\/v2\/types\/product"}],"replies":[{"embeddable":true,"href":"https:\/\/profma.ma\/en\/wp-json\/wp\/v2\/comments?post=3920"}],"wp:featuredmedia":[{"embeddable":true,"href":"https:\/\/profma.ma\/en\/wp-json\/wp\/v2\/media\/3921"}],"wp:attachment":[{"href":"https:\/\/profma.ma\/en\/wp-json\/wp\/v2\/media?parent=3920"}],"wp:term":[{"taxonomy":"product_brand","embeddable":true,"href":"https:\/\/profma.ma\/en\/wp-json\/wp\/v2\/product_brand?post=3920"},{"taxonomy":"product_cat","embeddable":true,"href":"https:\/\/profma.ma\/en\/wp-json\/wp\/v2\/product_cat?post=3920"},{"taxonomy":"product_tag","embeddable":true,"href":"https:\/\/profma.ma\/en\/wp-json\/wp\/v2\/product_tag?post=3920"}],"curies":[{"name":"wp","href":"https:\/\/api.w.org\/{rel}","templated":true}]}}