{"id":3906,"date":"2024-05-11T20:36:39","date_gmt":"2024-05-11T18:36:39","guid":{"rendered":"https:\/\/profma.ma\/?post_type=product&#038;p=3906"},"modified":"2024-06-06T20:51:00","modified_gmt":"2024-06-06T18:51:00","slug":"brosse-pinceau-pour-jantes","status":"publish","type":"product","link":"https:\/\/profma.ma\/en\/product\/brosse-pinceau-pour-jantes\/","title":{"rendered":"BROSSE PINCEAU POUR JANTES"},"content":{"rendered":"<p>Brosse de qualit\u00e9 professionnelle sp\u00e9cialement \u00e9tudi\u00e9e pour le nettoyage des jantes sans les rayer.<\/p>\n<p>R\u00e9sistante aux produits chimiques; rigide et durable.<\/p>\n<p>En forme conique pour freiner la formation de moisissure.<\/p>\n<p>Manche en plastique, stri\u00e9 pour une meilleure prise en main. Les poils sont longs ce qui permet d&rsquo;atteindre les zones inaccessibles.<\/p>\n<ul>\n<li>Longueur : 24 cm<\/li>\n<li>Diam\u00e8tre : 4.5 cm<\/li>\n<li>Coloris : noir<\/li>\n<\/ul>","protected":false},"excerpt":{"rendered":"<div id=\"product-description-short-34\" class=\"product_desc\">\n<p>Brosse en polyester r\u00e9sistante pour le nettoyage des jantes et des petites pi\u00e8ces m\u00e9caniques. Id\u00e9ale pour enlever les poussi\u00e8res de frein, les graisses et le film routier.<\/p>\n<\/div>\n<div class=\"product-actions\">\n<div class=\"product-variants allow_oosp_0\"><\/div>\n<div class=\"product-prices\">\n<div class=\"product-price h5\"><\/div>\n<\/div>\n<\/div>","protected":false},"featured_media":3907,"comment_status":"open","ping_status":"closed","template":"","meta":[],"product_brand":[],"product_cat":[15],"product_tag":[],"class_list":{"0":"post-3906","1":"product","2":"type-product","3":"status-publish","4":"has-post-thumbnail","6":"product_cat-uncategorized","8":"first","9":"instock","10":"taxable","11":"shipping-taxable","12":"product-type-simple"},"_links":{"self":[{"href":"https:\/\/profma.ma\/en\/wp-json\/wp\/v2\/product\/3906","targetHints":{"allow":["GET"]}}],"collection":[{"href":"https:\/\/profma.ma\/en\/wp-json\/wp\/v2\/product"}],"about":[{"href":"https:\/\/profma.ma\/en\/wp-json\/wp\/v2\/types\/product"}],"replies":[{"embeddable":true,"href":"https:\/\/profma.ma\/en\/wp-json\/wp\/v2\/comments?post=3906"}],"wp:featuredmedia":[{"embeddable":true,"href":"https:\/\/profma.ma\/en\/wp-json\/wp\/v2\/media\/3907"}],"wp:attachment":[{"href":"https:\/\/profma.ma\/en\/wp-json\/wp\/v2\/media?parent=3906"}],"wp:term":[{"taxonomy":"product_brand","embeddable":true,"href":"https:\/\/profma.ma\/en\/wp-json\/wp\/v2\/product_brand?post=3906"},{"taxonomy":"product_cat","embeddable":true,"href":"https:\/\/profma.ma\/en\/wp-json\/wp\/v2\/product_cat?post=3906"},{"taxonomy":"product_tag","embeddable":true,"href":"https:\/\/profma.ma\/en\/wp-json\/wp\/v2\/product_tag?post=3906"}],"curies":[{"name":"wp","href":"https:\/\/api.w.org\/{rel}","templated":true}]}}