{"id":3904,"date":"2024-05-11T20:34:31","date_gmt":"2024-05-11T18:34:31","guid":{"rendered":"https:\/\/profma.ma\/?post_type=product&#038;p=3904"},"modified":"2024-06-06T20:52:08","modified_gmt":"2024-06-06T18:52:08","slug":"set-de-3-pinceaux-detailing","status":"publish","type":"product","link":"https:\/\/profma.ma\/en\/product\/set-de-3-pinceaux-detailing\/","title":{"rendered":"SET DE 3 PINCEAUX DETAILING"},"content":{"rendered":"<div class=\"tabs\">\n<div id=\"tab-content\" class=\"tab-content\">\n<div id=\"description\" class=\"tab-pane fade in active\" role=\"tabpanel\">\n<div class=\"product-description\">\n<p>Les pinceaux sont des outils indispensables pour un travail de finition parfaite !<\/p>\n<p>Caract\u00e9ristiques :<\/p>\n<p>&nbsp;<\/p>\n<ul>\n<li>3 mod\u00e8les diff\u00e9rents\u00a0selon les besoins<\/li>\n<li>2 pinceaux en poils synth\u00e9tiques, et le plus gros en poils naturels de sanglier<\/li>\n<li>Manche et bague en plastique pour ne pas rayer<\/li>\n<li>Trou de fixation<\/li>\n<\/ul>\n<p>&nbsp;<\/p>\n<p><img loading=\"lazy\" decoding=\"async\" src=\"https:\/\/www.am-performance.fr\/img\/cms\/set%203%20pinceaux%20detailing.jpg\" alt=\"\" width=\"506\" height=\"565\" \/><\/p>\n<p>&nbsp;<\/p>\n<p>Dimensions :<\/p>\n<ul>\n<li>Pinceaux : 22 cm x 2\/3\/4cm<\/li>\n<li>Boite : 26 x 11.5 x 2.7cm<\/li>\n<\/ul>\n<\/div>\n<\/div>\n<\/div>\n<\/div>","protected":false},"excerpt":{"rendered":"<div id=\"product-description-short-575\" class=\"product_desc\">\n<p>Pinceaux brosses constitu\u00e9s de poils tr\u00e8s doux, livr\u00e9s dans une jolie boite noire, id\u00e9al pour le detailing.<\/p>\n<\/div>\n<div class=\"product-actions\">\n<div class=\"product-variants allow_oosp_0\"><\/div>\n<div class=\"product-prices\">\n<div class=\"product-price h5\"><\/div>\n<\/div>\n<\/div>","protected":false},"featured_media":3905,"comment_status":"open","ping_status":"closed","template":"","meta":[],"product_brand":[],"product_cat":[15],"product_tag":[],"class_list":{"0":"post-3904","1":"product","2":"type-product","3":"status-publish","4":"has-post-thumbnail","6":"product_cat-uncategorized","8":"first","9":"instock","10":"taxable","11":"shipping-taxable","12":"product-type-simple"},"_links":{"self":[{"href":"https:\/\/profma.ma\/en\/wp-json\/wp\/v2\/product\/3904","targetHints":{"allow":["GET"]}}],"collection":[{"href":"https:\/\/profma.ma\/en\/wp-json\/wp\/v2\/product"}],"about":[{"href":"https:\/\/profma.ma\/en\/wp-json\/wp\/v2\/types\/product"}],"replies":[{"embeddable":true,"href":"https:\/\/profma.ma\/en\/wp-json\/wp\/v2\/comments?post=3904"}],"wp:featuredmedia":[{"embeddable":true,"href":"https:\/\/profma.ma\/en\/wp-json\/wp\/v2\/media\/3905"}],"wp:attachment":[{"href":"https:\/\/profma.ma\/en\/wp-json\/wp\/v2\/media?parent=3904"}],"wp:term":[{"taxonomy":"product_brand","embeddable":true,"href":"https:\/\/profma.ma\/en\/wp-json\/wp\/v2\/product_brand?post=3904"},{"taxonomy":"product_cat","embeddable":true,"href":"https:\/\/profma.ma\/en\/wp-json\/wp\/v2\/product_cat?post=3904"},{"taxonomy":"product_tag","embeddable":true,"href":"https:\/\/profma.ma\/en\/wp-json\/wp\/v2\/product_tag?post=3904"}],"curies":[{"name":"wp","href":"https:\/\/api.w.org\/{rel}","templated":true}]}}