{"id":3897,"date":"2024-05-11T20:07:25","date_gmt":"2024-05-11T18:07:25","guid":{"rendered":"https:\/\/profma.ma\/?post_type=product&#038;p=3897"},"modified":"2024-06-06T20:53:11","modified_gmt":"2024-06-06T18:53:11","slug":"tapis-de-sol-imprimes-en-papier-crepe-x250","status":"publish","type":"product","link":"https:\/\/profma.ma\/en\/product\/tapis-de-sol-imprimes-en-papier-crepe-x250\/","title":{"rendered":"TAPIS DE SOL IMPRIM\u00c9S EN PAPIER CR\u00caP\u00c9 X250"},"content":{"rendered":"<div class=\"tabs\">\n<div id=\"tab-content\" class=\"tab-content\">\n<div id=\"description\" class=\"tab-pane fade in active\" role=\"tabpanel\">\n<div class=\"product-description\">\n<p>Qualit\u00e9 professionnelle..\u00a0R\u00e9sistant \u00e0 l&rsquo;humidit\u00e9.<\/p>\n<p><strong>Caract\u00e9ristiques :\u00a0<\/strong><\/p>\n<ul>\n<li>Perfor\u00e9s sur rouleau de 250 pi\u00e8ces.<\/li>\n<li>Couleur du papier : blanc<\/li>\n<li>Impression pieds (photo non contractuelle, couleur al\u00e9atoire selon arrivage)<\/li>\n<li>38 x 50 cm<\/li>\n<li>70g\/m2<\/li>\n<\/ul>\n<p>Porte rouleau disponible sur demande.<\/p>\n<p>&nbsp;<\/p>\n<\/div>\n<\/div>\n<\/div>\n<\/div>","protected":false},"excerpt":{"rendered":"<div id=\"product-description-short-381\" class=\"product_desc\">\n<p>Rouleau de 250 tapis de protection jetables pour\u00a0professionnels.<\/p>\n<\/div>\n<div class=\"product-actions\">\n<div class=\"product-variants allow_oosp_0\"><\/div>\n<div class=\"product-prices\">\n<div class=\"product-price h5\"><\/div>\n<\/div>\n<\/div>","protected":false},"featured_media":4072,"comment_status":"open","ping_status":"closed","template":"","meta":[],"product_brand":[],"product_cat":[15],"product_tag":[],"class_list":{"0":"post-3897","1":"product","2":"type-product","3":"status-publish","4":"has-post-thumbnail","6":"product_cat-uncategorized","8":"first","9":"instock","10":"taxable","11":"shipping-taxable","12":"product-type-simple"},"_links":{"self":[{"href":"https:\/\/profma.ma\/en\/wp-json\/wp\/v2\/product\/3897","targetHints":{"allow":["GET"]}}],"collection":[{"href":"https:\/\/profma.ma\/en\/wp-json\/wp\/v2\/product"}],"about":[{"href":"https:\/\/profma.ma\/en\/wp-json\/wp\/v2\/types\/product"}],"replies":[{"embeddable":true,"href":"https:\/\/profma.ma\/en\/wp-json\/wp\/v2\/comments?post=3897"}],"wp:featuredmedia":[{"embeddable":true,"href":"https:\/\/profma.ma\/en\/wp-json\/wp\/v2\/media\/4072"}],"wp:attachment":[{"href":"https:\/\/profma.ma\/en\/wp-json\/wp\/v2\/media?parent=3897"}],"wp:term":[{"taxonomy":"product_brand","embeddable":true,"href":"https:\/\/profma.ma\/en\/wp-json\/wp\/v2\/product_brand?post=3897"},{"taxonomy":"product_cat","embeddable":true,"href":"https:\/\/profma.ma\/en\/wp-json\/wp\/v2\/product_cat?post=3897"},{"taxonomy":"product_tag","embeddable":true,"href":"https:\/\/profma.ma\/en\/wp-json\/wp\/v2\/product_tag?post=3897"}],"curies":[{"name":"wp","href":"https:\/\/api.w.org\/{rel}","templated":true}]}}