{"id":3894,"date":"2024-05-11T19:58:36","date_gmt":"2024-05-11T17:58:36","guid":{"rendered":"https:\/\/profma.ma\/?post_type=product&#038;p=3894"},"modified":"2024-06-06T20:53:54","modified_gmt":"2024-06-06T18:53:54","slug":"gants-de-protection-extra-nitrile-orange-avec-picots-x100","status":"publish","type":"product","link":"https:\/\/profma.ma\/en\/product\/gants-de-protection-extra-nitrile-orange-avec-picots-x100\/","title":{"rendered":"GANTS DE PROTECTION EXTRA NITRILE ORANGE AVEC PICOTS X100"},"content":{"rendered":"<p>Gant professionnel :<\/p>\n<ul>\n<li>extra fort et r\u00e9sistant \u00e0 la d\u00e9chirure<\/li>\n<li>longue dur\u00e9e de vie<\/li>\n<li>tr\u00e8s confortable<\/li>\n<li>ambidextre<\/li>\n<li>haute r\u00e9sistance au glissement<\/li>\n<li>couleur de s\u00e9curit\u00e9 orange<\/li>\n<\/ul>\n<p>Protection fiable contre les produits chimiques, le p\u00e9trole, l&rsquo;essence, l&rsquo;eau&#8230;<\/p>\n<p>Attention :<br \/>\nNe prot\u00e8ge pas des chocs ou des coupures. Ne convient pas \u00e0 un usage m\u00e9dical.<\/p>\n<p>&nbsp;<\/p>\n<p><strong>Caract\u00e9ristiques :<\/strong><\/p>\n<ul>\n<li>sans poudre<\/li>\n<li>\u00e9paisseur : 0,2mm<\/li>\n<li>en nitrile : qualit\u00e9s de r\u00e9sistance importantes et recommand\u00e9 aux personnes souffrant d\u2019allergies, notamment au latex<\/li>\n<li>100% sans latex<\/li>\n<li>Normes : EN ISO 374-1:2016\/Type B; EN ISO 374-5:2016<\/li>\n<li>non st\u00e9rile<\/li>\n<li>coloris orange<\/li>\n<\/ul>\n<p>Boite de 100 gants.<\/p>\n<p>Recommandation d&rsquo;utilisation : avant usage, bien contr\u00f4ler que le gant ne soit pas d\u00e9fectueux. Ne convient pas aux travaux sur machine.<\/p>","protected":false},"excerpt":{"rendered":"<p>Ultra r\u00e9sistants !<br \/>\nGants de travail en nitrile non poudr\u00e9s pour une excellente protection des mains.<br \/>\n<img loading=\"lazy\" decoding=\"async\" src=\"https:\/\/www.am-performance.fr\/img\/cms\/Top%20qualite.png\" alt=\"\" width=\"53\" height=\"53\" \/><\/p>","protected":false},"featured_media":3895,"comment_status":"open","ping_status":"closed","template":"","meta":[],"product_brand":[],"product_cat":[15],"product_tag":[],"class_list":{"0":"post-3894","1":"product","2":"type-product","3":"status-publish","4":"has-post-thumbnail","6":"product_cat-uncategorized","8":"first","9":"instock","10":"taxable","11":"shipping-taxable","12":"product-type-simple"},"_links":{"self":[{"href":"https:\/\/profma.ma\/en\/wp-json\/wp\/v2\/product\/3894","targetHints":{"allow":["GET"]}}],"collection":[{"href":"https:\/\/profma.ma\/en\/wp-json\/wp\/v2\/product"}],"about":[{"href":"https:\/\/profma.ma\/en\/wp-json\/wp\/v2\/types\/product"}],"replies":[{"embeddable":true,"href":"https:\/\/profma.ma\/en\/wp-json\/wp\/v2\/comments?post=3894"}],"wp:featuredmedia":[{"embeddable":true,"href":"https:\/\/profma.ma\/en\/wp-json\/wp\/v2\/media\/3895"}],"wp:attachment":[{"href":"https:\/\/profma.ma\/en\/wp-json\/wp\/v2\/media?parent=3894"}],"wp:term":[{"taxonomy":"product_brand","embeddable":true,"href":"https:\/\/profma.ma\/en\/wp-json\/wp\/v2\/product_brand?post=3894"},{"taxonomy":"product_cat","embeddable":true,"href":"https:\/\/profma.ma\/en\/wp-json\/wp\/v2\/product_cat?post=3894"},{"taxonomy":"product_tag","embeddable":true,"href":"https:\/\/profma.ma\/en\/wp-json\/wp\/v2\/product_tag?post=3894"}],"curies":[{"name":"wp","href":"https:\/\/api.w.org\/{rel}","templated":true}]}}