{"id":3892,"date":"2024-05-11T19:56:16","date_gmt":"2024-05-11T17:56:16","guid":{"rendered":"https:\/\/profma.ma\/?post_type=product&#038;p=3892"},"modified":"2024-06-06T20:54:50","modified_gmt":"2024-06-06T18:54:50","slug":"gants-de-protection-nitrile-noir-x100","status":"publish","type":"product","link":"https:\/\/profma.ma\/en\/product\/gants-de-protection-nitrile-noir-x100\/","title":{"rendered":"GANTS DE PROTECTION NITRILE NOIR X100"},"content":{"rendered":"<p>Gant professionnel :<\/p>\n<ul>\n<li>confortable<\/li>\n<li>ambidextre<\/li>\n<li>extr\u00e9mit\u00e9 des doigts textur\u00e9s pour une excellente prise en main<\/li>\n<\/ul>\n<p>Protection fiable contre les produits chimiques, le p\u00e9trole, l&rsquo;essence, le solvant&#8230;<\/p>\n<p>Convient \u00e0 des fins alimentaires et m\u00e9dicales.<\/p>\n<p>&nbsp;<\/p>\n<p>Caract\u00e9ristiques :<\/p>\n<ul>\n<li>sans poudre<\/li>\n<li>en nitrile : qualit\u00e9s de r\u00e9sistance importantes et recommand\u00e9 aux personnes souffrant d\u2019allergies, notamment au latex<\/li>\n<li>100% sans latex<\/li>\n<li>conforme au R\u00e9glement UE 2017\/745 sur les dispositifs m\u00e9dicaux et 2016\/425 sur les \u00e9quipements de protection individuelle<\/li>\n<li>non st\u00e9riles<\/li>\n<li>coloris noir<\/li>\n<\/ul>\n<p>Boite de 100 gants.<\/p>\n<p>Attention : ne prot\u00e8ge pas des chocs ou des coupures.<\/p>\n<p>Recommandation d&rsquo;utilisation : avant usage, bien contr\u00f4ler que le gant ne soit pas d\u00e9fectueux. Ne convient pas aux travaux sur machine.<\/p>","protected":false},"excerpt":{"rendered":"<p>Gants de travail et de protection en nitrile non poudr\u00e9s, convenant \u00e0 de multiples usages.<\/p>\n<p>3 tailles disponibles :<\/p>","protected":false},"featured_media":3893,"comment_status":"open","ping_status":"closed","template":"","meta":[],"product_brand":[],"product_cat":[15],"product_tag":[],"class_list":{"0":"post-3892","1":"product","2":"type-product","3":"status-publish","4":"has-post-thumbnail","6":"product_cat-uncategorized","8":"first","9":"instock","10":"taxable","11":"shipping-taxable","12":"product-type-simple"},"_links":{"self":[{"href":"https:\/\/profma.ma\/en\/wp-json\/wp\/v2\/product\/3892","targetHints":{"allow":["GET"]}}],"collection":[{"href":"https:\/\/profma.ma\/en\/wp-json\/wp\/v2\/product"}],"about":[{"href":"https:\/\/profma.ma\/en\/wp-json\/wp\/v2\/types\/product"}],"replies":[{"embeddable":true,"href":"https:\/\/profma.ma\/en\/wp-json\/wp\/v2\/comments?post=3892"}],"wp:featuredmedia":[{"embeddable":true,"href":"https:\/\/profma.ma\/en\/wp-json\/wp\/v2\/media\/3893"}],"wp:attachment":[{"href":"https:\/\/profma.ma\/en\/wp-json\/wp\/v2\/media?parent=3892"}],"wp:term":[{"taxonomy":"product_brand","embeddable":true,"href":"https:\/\/profma.ma\/en\/wp-json\/wp\/v2\/product_brand?post=3892"},{"taxonomy":"product_cat","embeddable":true,"href":"https:\/\/profma.ma\/en\/wp-json\/wp\/v2\/product_cat?post=3892"},{"taxonomy":"product_tag","embeddable":true,"href":"https:\/\/profma.ma\/en\/wp-json\/wp\/v2\/product_tag?post=3892"}],"curies":[{"name":"wp","href":"https:\/\/api.w.org\/{rel}","templated":true}]}}