{"id":3888,"date":"2024-05-11T19:45:53","date_gmt":"2024-05-11T17:45:53","guid":{"rendered":"https:\/\/profma.ma\/?post_type=product&#038;p=3888"},"modified":"2024-06-06T20:55:37","modified_gmt":"2024-06-06T18:55:37","slug":"chiffons-dessuyage-lustrage-non-tisses-x25pieces","status":"publish","type":"product","link":"https:\/\/profma.ma\/en\/product\/chiffons-dessuyage-lustrage-non-tisses-x25pieces\/","title":{"rendered":"CHIFFONS D&rsquo;ESSUYAGE LUSTRAGE NON TISS\u00c9S X25PI\u00c8CES"},"content":{"rendered":"<p>Le non-tiss\u00e9, le plus performant !<\/p>\n<p>Le non-tiss\u00e9\u00a0est l&rsquo;outil d\u2018essuyage parfait, que cela soit\u00a0par son efficacit\u00e9 ou par ses avantages \u00e9cologiques. Dans la production de non-tiss\u00e9, la construction du tissu se fait en partant de fibres et non pas de fil.<\/p>\n<ul>\n<li>Ne d\u00e9teint pas<\/li>\n<li>Souple &amp; doux<\/li>\n<li>Pauvre en peluche<\/li>\n<li>Ne raye pas<\/li>\n<li>Usage \u00e0 sec et humide<\/li>\n<li>Absorption de l\u2018eau et de l\u2018huile<\/li>\n<li>R\u00e9siste aux acides et solvants<\/li>\n<li>Effet de peau de chamois<\/li>\n<li>Sans silicone<\/li>\n<li>Certifi\u00e9 contact alimentaire<\/li>\n<\/ul>","protected":false},"excerpt":{"rendered":"<p>De qualit\u00e9 sup\u00e9rieure !<br \/>\nCe non-tiss\u00e9 en polypropyl\u00e8ne pur est\u00a0la solution id\u00e9ale pour tout nettoyage\u00a0d\u2018huile ou de graisse.\u00a0Convient parfaitement pour l&rsquo;essuyage apr\u00e8s polissage !<br \/>\n<img loading=\"lazy\" decoding=\"async\" src=\"https:\/\/www.am-performance.fr\/img\/cms\/Contact%20alimentaire%20.png\" alt=\"\" width=\"53\" height=\"51\" \/><img loading=\"lazy\" decoding=\"async\" src=\"https:\/\/www.am-performance.fr\/img\/cms\/Top%20qualite.png\" alt=\"\" width=\"50\" height=\"50\" \/><\/p>","protected":false},"featured_media":3889,"comment_status":"open","ping_status":"closed","template":"","meta":[],"product_brand":[],"product_cat":[15],"product_tag":[],"class_list":{"0":"post-3888","1":"product","2":"type-product","3":"status-publish","4":"has-post-thumbnail","6":"product_cat-uncategorized","8":"first","9":"instock","10":"taxable","11":"shipping-taxable","12":"product-type-simple"},"_links":{"self":[{"href":"https:\/\/profma.ma\/en\/wp-json\/wp\/v2\/product\/3888","targetHints":{"allow":["GET"]}}],"collection":[{"href":"https:\/\/profma.ma\/en\/wp-json\/wp\/v2\/product"}],"about":[{"href":"https:\/\/profma.ma\/en\/wp-json\/wp\/v2\/types\/product"}],"replies":[{"embeddable":true,"href":"https:\/\/profma.ma\/en\/wp-json\/wp\/v2\/comments?post=3888"}],"wp:featuredmedia":[{"embeddable":true,"href":"https:\/\/profma.ma\/en\/wp-json\/wp\/v2\/media\/3889"}],"wp:attachment":[{"href":"https:\/\/profma.ma\/en\/wp-json\/wp\/v2\/media?parent=3888"}],"wp:term":[{"taxonomy":"product_brand","embeddable":true,"href":"https:\/\/profma.ma\/en\/wp-json\/wp\/v2\/product_brand?post=3888"},{"taxonomy":"product_cat","embeddable":true,"href":"https:\/\/profma.ma\/en\/wp-json\/wp\/v2\/product_cat?post=3888"},{"taxonomy":"product_tag","embeddable":true,"href":"https:\/\/profma.ma\/en\/wp-json\/wp\/v2\/product_tag?post=3888"}],"curies":[{"name":"wp","href":"https:\/\/api.w.org\/{rel}","templated":true}]}}