{"id":3886,"date":"2024-05-11T19:42:29","date_gmt":"2024-05-11T17:42:29","guid":{"rendered":"https:\/\/profma.ma\/?post_type=product&#038;p=3886"},"modified":"2024-06-06T20:56:20","modified_gmt":"2024-06-06T18:56:20","slug":"drill-brush-dure-rouge-5-cm","status":"publish","type":"product","link":"https:\/\/profma.ma\/en\/product\/drill-brush-dure-rouge-5-cm\/","title":{"rendered":"DRILL BRUSH\u00ae DURE ROUGE 5 CM"},"content":{"rendered":"<div class=\"tabs\">\n<div id=\"tab-content\" class=\"tab-content\">\n<div id=\"description\" class=\"tab-pane fade in active\" role=\"tabpanel\">\n<div class=\"product-description\">\n<p><b>Pour un nettoyage facile, rapide, sans efforts !<\/b><\/p>\n<p>La Drill Brush rouge\u00a0convient \u00e9galement pour enlever les peintures \u00e9caill\u00e9es, la rouille et nettoyer les surfaces telles que b\u00e9ton, briques, pierre, m\u00e9tal\u2026<\/p>\n<p>Elle\u00a0n\u2019est pas recommand\u00e9e pour les tissus.<\/p>\n<ul>\n<li>Rigidit\u00e9 : dure 4\/5<\/li>\n<li>\u00d8 : 5 cm.<\/li>\n<\/ul>\n<p>Caract\u00e9ristiques :<\/p>\n<ul>\n<li>des fibres en nylon anti-rayures r\u00e9sistantes<\/li>\n<li>une tige en acier avec placage de nickel r\u00e9sistant \u00e0 la rouille<\/li>\n<li>un bloc en plastique polypropyl\u00e8ne solide pour une durabilit\u00e9 accrue<\/li>\n<\/ul>\n<p>Pour toutes les visseuses et perceuses en raison de son arbre \u00e0 changement rapide 1\/4&Prime;.<\/p>\n<p>Vendue sans visseuse.<\/p>\n<p>&nbsp;<\/p>\n<p>&nbsp;<\/p>\n<\/div>\n<\/div>\n<\/div>\n<\/div>","protected":false},"excerpt":{"rendered":"<p><strong>La Drill Brush originale des USA, en exclusivit\u00e9 chez AM Performance !\u00a0<\/strong><strong><img loading=\"lazy\" decoding=\"async\" src=\"https:\/\/www.am-performance.fr\/img\/cms\/drapeau_usa32.gif\" alt=\"\" width=\"58\" height=\"44\" \/><\/strong><br \/>\nLes Drill Brush sont des brosses qui s&rsquo;adaptent \u00e0 toutes les visseuses et perceuses.<br \/>\nLa Drill Brush rouge est id\u00e9ale pour le nettoyage des murs, sols, carrelage, moteurs.<br \/>\n<img loading=\"lazy\" decoding=\"async\" src=\"https:\/\/www.am-performance.fr\/img\/cms\/DRILL%20BRUSH_1.png\" alt=\"\" width=\"311\" height=\"101\" \/><\/p>","protected":false},"featured_media":3887,"comment_status":"open","ping_status":"closed","template":"","meta":[],"product_brand":[],"product_cat":[15],"product_tag":[],"class_list":{"0":"post-3886","1":"product","2":"type-product","3":"status-publish","4":"has-post-thumbnail","6":"product_cat-uncategorized","8":"first","9":"instock","10":"taxable","11":"shipping-taxable","12":"product-type-simple"},"_links":{"self":[{"href":"https:\/\/profma.ma\/en\/wp-json\/wp\/v2\/product\/3886","targetHints":{"allow":["GET"]}}],"collection":[{"href":"https:\/\/profma.ma\/en\/wp-json\/wp\/v2\/product"}],"about":[{"href":"https:\/\/profma.ma\/en\/wp-json\/wp\/v2\/types\/product"}],"replies":[{"embeddable":true,"href":"https:\/\/profma.ma\/en\/wp-json\/wp\/v2\/comments?post=3886"}],"wp:featuredmedia":[{"embeddable":true,"href":"https:\/\/profma.ma\/en\/wp-json\/wp\/v2\/media\/3887"}],"wp:attachment":[{"href":"https:\/\/profma.ma\/en\/wp-json\/wp\/v2\/media?parent=3886"}],"wp:term":[{"taxonomy":"product_brand","embeddable":true,"href":"https:\/\/profma.ma\/en\/wp-json\/wp\/v2\/product_brand?post=3886"},{"taxonomy":"product_cat","embeddable":true,"href":"https:\/\/profma.ma\/en\/wp-json\/wp\/v2\/product_cat?post=3886"},{"taxonomy":"product_tag","embeddable":true,"href":"https:\/\/profma.ma\/en\/wp-json\/wp\/v2\/product_tag?post=3886"}],"curies":[{"name":"wp","href":"https:\/\/api.w.org\/{rel}","templated":true}]}}