{"id":3884,"date":"2024-05-11T19:39:08","date_gmt":"2024-05-11T17:39:08","guid":{"rendered":"https:\/\/profma.ma\/?post_type=product&#038;p=3884"},"modified":"2024-06-06T20:56:58","modified_gmt":"2024-06-06T18:56:58","slug":"boule-de-polissage-pour-visseuse","status":"publish","type":"product","link":"https:\/\/profma.ma\/en\/product\/boule-de-polissage-pour-visseuse\/","title":{"rendered":"BOULE DE POLISSAGE POUR VISSEUSE"},"content":{"rendered":"<div class=\"tabs\">\n<div id=\"tab-content\" class=\"tab-content\">\n<div id=\"description\" class=\"tab-pane fade in active\" role=\"tabpanel\">\n<div class=\"product-description\">\n<p>Action efficace et rapide !<\/p>\n<p>La toupie s&rsquo;adapte \u00e0 la plupart des visseuses et perceuses \u00e9lectriques standard.<\/p>\n<p>Peut \u00eatre utilis\u00e9e avec des p\u00e2tes ou cires \u00e0 polir. Facile \u00e0 nettoyer.<\/p>\n<p>Applications : polissage des jantes, spoilers, ailes, et autres endroits difficiles \u00e0 atteindre.<\/p>\n<p>Caract\u00e9ristiques :<\/p>\n<ul>\n<li>Taille boule : 7 cm<\/li>\n<li>Diam\u00e8tre : 6mm<\/li>\n<li>Mat\u00e9riau : m\u00e9tal et \u00e9ponge<\/li>\n<li>Vitesse maximale : 3000rmp<\/li>\n<li>Coloris: rouge<\/li>\n<\/ul>\n<\/div>\n<\/div>\n<\/div>\n<\/div>","protected":false},"excerpt":{"rendered":"<div id=\"product-description-short-160\" class=\"product_desc\">\n<p>Boule en mousse tr\u00e8s douce, de qualit\u00e9 sup\u00e9rieure, avec une construction en couches pour une meilleure dispersion de la chaleur.\u00a0Id\u00e9ale pour le polissage final de toutes les surfaces difficiles d&rsquo;acc\u00e8s.<\/p>\n<\/div>\n<div class=\"product-actions\">\n<div class=\"product-variants allow_oosp_0\"><\/div>\n<div class=\"product-prices\">\n<div class=\"product-price h5\"><\/div>\n<\/div>\n<\/div>","protected":false},"featured_media":3885,"comment_status":"open","ping_status":"closed","template":"","meta":[],"product_brand":[],"product_cat":[15],"product_tag":[],"class_list":{"0":"post-3884","1":"product","2":"type-product","3":"status-publish","4":"has-post-thumbnail","6":"product_cat-uncategorized","8":"first","9":"instock","10":"taxable","11":"shipping-taxable","12":"product-type-simple"},"_links":{"self":[{"href":"https:\/\/profma.ma\/en\/wp-json\/wp\/v2\/product\/3884","targetHints":{"allow":["GET"]}}],"collection":[{"href":"https:\/\/profma.ma\/en\/wp-json\/wp\/v2\/product"}],"about":[{"href":"https:\/\/profma.ma\/en\/wp-json\/wp\/v2\/types\/product"}],"replies":[{"embeddable":true,"href":"https:\/\/profma.ma\/en\/wp-json\/wp\/v2\/comments?post=3884"}],"wp:featuredmedia":[{"embeddable":true,"href":"https:\/\/profma.ma\/en\/wp-json\/wp\/v2\/media\/3885"}],"wp:attachment":[{"href":"https:\/\/profma.ma\/en\/wp-json\/wp\/v2\/media?parent=3884"}],"wp:term":[{"taxonomy":"product_brand","embeddable":true,"href":"https:\/\/profma.ma\/en\/wp-json\/wp\/v2\/product_brand?post=3884"},{"taxonomy":"product_cat","embeddable":true,"href":"https:\/\/profma.ma\/en\/wp-json\/wp\/v2\/product_cat?post=3884"},{"taxonomy":"product_tag","embeddable":true,"href":"https:\/\/profma.ma\/en\/wp-json\/wp\/v2\/product_tag?post=3884"}],"curies":[{"name":"wp","href":"https:\/\/api.w.org\/{rel}","templated":true}]}}