{"id":3867,"date":"2024-05-09T12:06:52","date_gmt":"2024-05-09T10:06:52","guid":{"rendered":"https:\/\/profma.ma\/?post_type=product&#038;p=3867"},"modified":"2024-06-06T21:56:19","modified_gmt":"2024-06-06T19:56:19","slug":"tabouret-datelier-mobile","status":"publish","type":"product","link":"https:\/\/profma.ma\/en\/product\/tabouret-datelier-mobile\/","title":{"rendered":"TABOURET D&rsquo;ATELIER MOBILE"},"content":{"rendered":"<p>Tabouret \u00e9quip\u00e9 de plateaux de rangement.<\/p>\n<p>Les roulettes du tabouret\u00a0permettent de le transporter facilement et de l&rsquo;utiliser de mani\u00e8re flexible \u00e0 diff\u00e9rents endroits.<\/p>\n<p><strong>Caract\u00e9ristiques :<\/strong><\/p>\n<ul>\n<li>5 roues<\/li>\n<li>Hauteur d&rsquo;assise r\u00e9glable entre\u00a039\u00a0et 52\u00a0cm<\/li>\n<li>Poids maximum 130 kg<\/li>\n<li>Poids: 5,2 kg<\/li>\n<li>Couleur : rouge\/noir<\/li>\n<li>Dimensions : 39x39x12cm<\/li>\n<\/ul>","protected":false},"excerpt":{"rendered":"<p>Tabouret mobile sur roulettes robuste et facile \u00e0 manipuler.<br \/>\nMarque :\u00a0HBM.<\/p>","protected":false},"featured_media":3964,"comment_status":"open","ping_status":"closed","template":"","meta":[],"product_brand":[],"product_cat":[15],"product_tag":[],"class_list":{"0":"post-3867","1":"product","2":"type-product","3":"status-publish","4":"has-post-thumbnail","6":"product_cat-uncategorized","8":"first","9":"instock","10":"taxable","11":"shipping-taxable","12":"product-type-simple"},"_links":{"self":[{"href":"https:\/\/profma.ma\/en\/wp-json\/wp\/v2\/product\/3867","targetHints":{"allow":["GET"]}}],"collection":[{"href":"https:\/\/profma.ma\/en\/wp-json\/wp\/v2\/product"}],"about":[{"href":"https:\/\/profma.ma\/en\/wp-json\/wp\/v2\/types\/product"}],"replies":[{"embeddable":true,"href":"https:\/\/profma.ma\/en\/wp-json\/wp\/v2\/comments?post=3867"}],"wp:featuredmedia":[{"embeddable":true,"href":"https:\/\/profma.ma\/en\/wp-json\/wp\/v2\/media\/3964"}],"wp:attachment":[{"href":"https:\/\/profma.ma\/en\/wp-json\/wp\/v2\/media?parent=3867"}],"wp:term":[{"taxonomy":"product_brand","embeddable":true,"href":"https:\/\/profma.ma\/en\/wp-json\/wp\/v2\/product_brand?post=3867"},{"taxonomy":"product_cat","embeddable":true,"href":"https:\/\/profma.ma\/en\/wp-json\/wp\/v2\/product_cat?post=3867"},{"taxonomy":"product_tag","embeddable":true,"href":"https:\/\/profma.ma\/en\/wp-json\/wp\/v2\/product_tag?post=3867"}],"curies":[{"name":"wp","href":"https:\/\/api.w.org\/{rel}","templated":true}]}}