{"id":3848,"date":"2024-05-07T18:22:41","date_gmt":"2024-05-07T16:22:41","guid":{"rendered":"https:\/\/profma.ma\/?post_type=product&#038;p=3848"},"modified":"2024-06-06T21:59:28","modified_gmt":"2024-06-06T19:59:28","slug":"microfibre-double-face-sans-couture-orange-tarif-degressif","status":"publish","type":"product","link":"https:\/\/profma.ma\/en\/product\/microfibre-double-face-sans-couture-orange-tarif-degressif\/","title":{"rendered":"MICROFIBRE DOUBLE FACE SANS COUTURE ORANGE [TARIF D\u00c9GRESSIF]"},"content":{"rendered":"<p>Chiffon en microfibres de qualit\u00e9 sup\u00e9rieure, tr\u00e8s absorbant. Nettoie parfaitement les surfaces sans les rayer.<\/p>\n<p>Sans couture, id\u00e9ale pour les surfaces sensibles.<\/p>\n<p>Cette microfibre est id\u00e9ale pour :<\/p>\n<ul>\n<li>d\u00e9poussi\u00e9rer<\/li>\n<li>nettoyer et lustrer les carrosseries<\/li>\n<li>absorber et contenir les liquides<\/li>\n<\/ul>\n<p>Utilisations : voitures, nettoyages industriels, etc.<\/p>\n<p>Caract\u00e9ristiques :<\/p>\n<ul>\n<li>chiffon 40 x 40 cm<\/li>\n<li>420 gr\/m\u00b2<\/li>\n<li>80% polyester 20% polyamide<\/li>\n<li>coloris orange<\/li>\n<\/ul>","protected":false},"excerpt":{"rendered":"<p>Cette microfibre a \u00e9t\u00e9 con\u00e7ue sp\u00e9cialement pour les professionnels du lavage automobile. Elle ne poss\u00e8de ni couture ni \u00e9tiquette pour \u00e9viter les risques de rayure.\u00a0Elle permet un nettoyage en profondeur des carrosseries sans laisser de trace.<\/p>","protected":false},"featured_media":3849,"comment_status":"open","ping_status":"closed","template":"","meta":[],"product_brand":[],"product_cat":[15],"product_tag":[],"class_list":{"0":"post-3848","1":"product","2":"type-product","3":"status-publish","4":"has-post-thumbnail","6":"product_cat-uncategorized","8":"first","9":"instock","10":"taxable","11":"shipping-taxable","12":"product-type-simple"},"_links":{"self":[{"href":"https:\/\/profma.ma\/en\/wp-json\/wp\/v2\/product\/3848","targetHints":{"allow":["GET"]}}],"collection":[{"href":"https:\/\/profma.ma\/en\/wp-json\/wp\/v2\/product"}],"about":[{"href":"https:\/\/profma.ma\/en\/wp-json\/wp\/v2\/types\/product"}],"replies":[{"embeddable":true,"href":"https:\/\/profma.ma\/en\/wp-json\/wp\/v2\/comments?post=3848"}],"wp:featuredmedia":[{"embeddable":true,"href":"https:\/\/profma.ma\/en\/wp-json\/wp\/v2\/media\/3849"}],"wp:attachment":[{"href":"https:\/\/profma.ma\/en\/wp-json\/wp\/v2\/media?parent=3848"}],"wp:term":[{"taxonomy":"product_brand","embeddable":true,"href":"https:\/\/profma.ma\/en\/wp-json\/wp\/v2\/product_brand?post=3848"},{"taxonomy":"product_cat","embeddable":true,"href":"https:\/\/profma.ma\/en\/wp-json\/wp\/v2\/product_cat?post=3848"},{"taxonomy":"product_tag","embeddable":true,"href":"https:\/\/profma.ma\/en\/wp-json\/wp\/v2\/product_tag?post=3848"}],"curies":[{"name":"wp","href":"https:\/\/api.w.org\/{rel}","templated":true}]}}