{"id":3839,"date":"2024-05-07T17:56:26","date_gmt":"2024-05-07T15:56:26","guid":{"rendered":"https:\/\/profma.ma\/?post_type=product&#038;p=3839"},"modified":"2024-06-06T21:59:53","modified_gmt":"2024-06-06T19:59:53","slug":"microfibre-bicolore","status":"publish","type":"product","link":"https:\/\/profma.ma\/en\/product\/microfibre-bicolore\/","title":{"rendered":"MICROFIBRE BICOLORE"},"content":{"rendered":"<div class=\"tabs\">\n<div id=\"tab-content\" class=\"tab-content\">\n<div id=\"description\" class=\"tab-pane fade in active\" role=\"tabpanel\">\n<div class=\"product-description\">\n<p>Microfibre multi-usages : pour nettoyer, s\u00e9cher,\u00a0lustrer.<\/p>\n<p>Utilisable \u00e0 sec ou mouill\u00e9e.<\/p>\n<p>Caract\u00e9ristiques :<\/p>\n<ul>\n<li>Ne peluche pas<\/li>\n<li>Longue dur\u00e9e de vie<\/li>\n<li>Coloris : jaune\/gris, avec rebords noirs<\/li>\n<li>600GSM<\/li>\n<li>Dimensions : 40\u00a0x 30cm<\/li>\n<li>80% polyester 20% nylon<\/li>\n<\/ul>\n<\/div>\n<\/div>\n<\/div>\n<\/div>","protected":false},"excerpt":{"rendered":"<div id=\"product-description-short-452\" class=\"product_desc\">\n<p>Microfibre de qualit\u00e9 sup\u00e9rieure, douce et absorbante, id\u00e9ale pour le polissage et l&rsquo;entretien de votre v\u00e9hicule !<\/p>\n<\/div>","protected":false},"featured_media":3840,"comment_status":"open","ping_status":"closed","template":"","meta":[],"product_brand":[],"product_cat":[15],"product_tag":[],"class_list":{"0":"post-3839","1":"product","2":"type-product","3":"status-publish","4":"has-post-thumbnail","6":"product_cat-uncategorized","8":"first","9":"instock","10":"taxable","11":"shipping-taxable","12":"product-type-simple"},"_links":{"self":[{"href":"https:\/\/profma.ma\/en\/wp-json\/wp\/v2\/product\/3839","targetHints":{"allow":["GET"]}}],"collection":[{"href":"https:\/\/profma.ma\/en\/wp-json\/wp\/v2\/product"}],"about":[{"href":"https:\/\/profma.ma\/en\/wp-json\/wp\/v2\/types\/product"}],"replies":[{"embeddable":true,"href":"https:\/\/profma.ma\/en\/wp-json\/wp\/v2\/comments?post=3839"}],"wp:featuredmedia":[{"embeddable":true,"href":"https:\/\/profma.ma\/en\/wp-json\/wp\/v2\/media\/3840"}],"wp:attachment":[{"href":"https:\/\/profma.ma\/en\/wp-json\/wp\/v2\/media?parent=3839"}],"wp:term":[{"taxonomy":"product_brand","embeddable":true,"href":"https:\/\/profma.ma\/en\/wp-json\/wp\/v2\/product_brand?post=3839"},{"taxonomy":"product_cat","embeddable":true,"href":"https:\/\/profma.ma\/en\/wp-json\/wp\/v2\/product_cat?post=3839"},{"taxonomy":"product_tag","embeddable":true,"href":"https:\/\/profma.ma\/en\/wp-json\/wp\/v2\/product_tag?post=3839"}],"curies":[{"name":"wp","href":"https:\/\/api.w.org\/{rel}","templated":true}]}}