{"id":3830,"date":"2024-05-07T17:42:06","date_gmt":"2024-05-07T15:42:06","guid":{"rendered":"https:\/\/profma.ma\/?post_type=product&#038;p=3830"},"modified":"2024-06-06T22:01:13","modified_gmt":"2024-06-06T20:01:13","slug":"microfibre-speciale-ceramique-x10","status":"publish","type":"product","link":"https:\/\/profma.ma\/en\/product\/microfibre-speciale-ceramique-x10\/","title":{"rendered":"MICROFIBRE SP\u00c9CIALE C\u00c9RAMIQUE X10"},"content":{"rendered":"<p>Ces chiffons en microfibres ultra fines sont id\u00e9ales pour la pose c\u00e9ramique, l&rsquo;application de cires ou le nettoyage des surfaces d\u00e9licates : \u00e9crans d&rsquo;ordinateurs et de t\u00e9l\u00e9phones, miroirs, lunettes de soleil, etc.<\/p>\n<p>Toucher soyeux,\u00a0 ne raye pas les surfaces.<\/p>\n<p>Caract\u00e9ristiques :<\/p>\n<ul>\n<li>coloris blanc<\/li>\n<li>12 x 12 cm<\/li>\n<li>bord ondul\u00e9, d\u00e9coupe laser<\/li>\n<li>80% polyester &#8211; 20% polyamide<\/li>\n<li>210 gr\/m2<\/li>\n<\/ul>","protected":false},"excerpt":{"rendered":"<p>Microfibre su\u00e8de ultrafine pour l&rsquo;application de protections c\u00e9ramiques.<br \/>\nVendu par lot de 10 pi\u00e8ces.<\/p>","protected":false},"featured_media":3831,"comment_status":"open","ping_status":"closed","template":"","meta":[],"product_brand":[],"product_cat":[15],"product_tag":[],"class_list":{"0":"post-3830","1":"product","2":"type-product","3":"status-publish","4":"has-post-thumbnail","6":"product_cat-uncategorized","8":"first","9":"instock","10":"taxable","11":"shipping-taxable","12":"product-type-simple"},"_links":{"self":[{"href":"https:\/\/profma.ma\/en\/wp-json\/wp\/v2\/product\/3830","targetHints":{"allow":["GET"]}}],"collection":[{"href":"https:\/\/profma.ma\/en\/wp-json\/wp\/v2\/product"}],"about":[{"href":"https:\/\/profma.ma\/en\/wp-json\/wp\/v2\/types\/product"}],"replies":[{"embeddable":true,"href":"https:\/\/profma.ma\/en\/wp-json\/wp\/v2\/comments?post=3830"}],"wp:featuredmedia":[{"embeddable":true,"href":"https:\/\/profma.ma\/en\/wp-json\/wp\/v2\/media\/3831"}],"wp:attachment":[{"href":"https:\/\/profma.ma\/en\/wp-json\/wp\/v2\/media?parent=3830"}],"wp:term":[{"taxonomy":"product_brand","embeddable":true,"href":"https:\/\/profma.ma\/en\/wp-json\/wp\/v2\/product_brand?post=3830"},{"taxonomy":"product_cat","embeddable":true,"href":"https:\/\/profma.ma\/en\/wp-json\/wp\/v2\/product_cat?post=3830"},{"taxonomy":"product_tag","embeddable":true,"href":"https:\/\/profma.ma\/en\/wp-json\/wp\/v2\/product_tag?post=3830"}],"curies":[{"name":"wp","href":"https:\/\/api.w.org\/{rel}","templated":true}]}}